{"id":658,"date":"2024-05-25T11:21:15","date_gmt":"2024-05-25T03:21:15","guid":{"rendered":"http:\/\/www.fangofast.com\/?post_type=product&#038;p=658"},"modified":"2024-06-29T09:33:25","modified_gmt":"2024-06-29T01:33:25","slug":"100mm-ec-tubular-fan-is-adjustable","status":"publish","type":"product","link":"https:\/\/www.fangofast.com\/es\/product\/100mm-ec-tubular-fan-is-adjustable\/","title":{"rendered":"Extractor de aire EC de 100 mm"},"content":{"rendered":"<table>\n<tbody>\n<tr>\n<td width=\"136\"><strong><b>Marca <\/b><\/strong><\/td>\n<td width=\"434\">FanGoFast<\/td>\n<\/tr>\n<tr>\n<td width=\"136\"><strong><b>Color<\/b><\/strong><\/td>\n<td width=\"434\">Negro<\/td>\n<\/tr>\n<tr>\n<td width=\"136\"><strong><b>Ventilador el\u00e9ctrico Dise\u00f1o<\/b><\/strong><\/td>\n<td width=\"434\">Ventilador de extracci\u00f3n<\/td>\n<\/tr>\n<tr>\n<td width=\"136\"><strong><b>Estilo<\/b><\/strong><\/td>\n<td width=\"434\">Extractor de aire EC 100 mm<\/td>\n<\/tr>\n<tr>\n<td width=\"136\"><strong><b>Dimensiones del producto<\/b><\/strong><\/td>\n<td width=\"434\">33, 4d x 24, 7w x 22,5H cent\u00edmetros<\/td>\n<\/tr>\n<tr>\n<td width=\"136\"><strong><b>Tipo <\/b><\/strong><\/td>\n<td width=\"434\">Hogar, oficina, cuarto de ba\u00f1o<\/td>\n<\/tr>\n<tr>\n<td width=\"136\"><strong><b>P<\/b><\/strong><strong><b>ower <\/b><\/strong><\/td>\n<td width=\"434\">35 vatios<\/td>\n<\/tr>\n<tr>\n<td width=\"136\"><strong><b>Capacidad de caudal de aire<\/b><\/strong><\/td>\n<td width=\"434\">360 metros c\u00fabicos por hora<\/td>\n<\/tr>\n<tr>\n<td width=\"136\"><strong><b>Velocidad <\/b><\/strong><\/td>\n<td width=\"434\">0.02<\/td>\n<\/tr>\n<\/tbody>\n<\/table>\n<p>&nbsp;<\/p>\n<ul>\n<li>Alto rendimiento: el potente extractor de aire puede alcanzar cualquier velocidad de 0 a 100% gracias al control de crucero incluido y cuenta con un motor ECO EC que genera un elevado caudal de aire de 360 m\u00b3\/h.<\/li>\n<li>Eficiencia energ\u00e9tica: este ventilador extractor de aire FanGoFast online de 100 mm UTILIZA un eficiente motor EC que permite al ventilador funcionar de forma m\u00e1s estable y alcanzar bajas velocidades sin generar ruido ni calor significativos. La eficiencia energ\u00e9tica de los motores EC ahorra hasta 40% en costes de energ\u00eda, lo que es m\u00e1s eficiente que otros ventiladores.<\/li>\n<li>Enchufe IEC y DISE\u00d1O modular: el ventilador tubular FanGoFast est\u00e1 equipado con una interfaz IEC compatible con todos los enchufes de 230 V para mayor comodidad. Extremos de tubo desmontables con tornillos de bloqueo para un desmontaje r\u00e1pido y una instalaci\u00f3n sencilla.<\/li>\n<li>Robusto y DURADERO- la carcasa del extractor de aire est\u00e1 fabricada con un material ABS altamente resistente, que ofrece las ventajas de resistencia a la corrosi\u00f3n, larga vida \u00fatil y seguridad. A diferencia de los ventiladores tubulares de metal que se oxidan con el tiempo. El silencioso extractor de aire de 100 mm tambi\u00e9n ha superado la prueba de ca\u00edda, lo que a su vez garantiza la estabilidad estructural.<\/li>\n<li>USOS vers\u00e1tiles: el extractor de aire ajustable de 100 mm es adecuado para una amplia variedad de lugares que requieren una mejor circulaci\u00f3n del aire, como lavander\u00edas, impresoras 3D, m\u00e1quinas de grabado l\u00e1ser, s\u00f3tanos, \u00e1ticos, garajes, etc.<\/li>\n<\/ul>","protected":false},"excerpt":{"rendered":"<p>Brand FanGoFast Color Black Electric fan Design Ventilation fan for extraction Style EC air extractor 100mm Dimensions of the product 33, 4d x 24, 7w x 22,5H centimeters Type Home,\u00a0office, bathroom Power 35 Watts Air flow capacity 360 cubic meters per hour Speed 0.02 &nbsp; High performance &#8211; the powerful air extractor can reach any &hellip;<\/p>\n<p class=\"read-more\"> <a class=\"\" href=\"https:\/\/www.fangofast.com\/es\/product\/100mm-ec-tubular-fan-is-adjustable\/\"> <span class=\"screen-reader-text\">Extractor de aire EC de 100 mm<\/span> Leer m\u00e1s \u00bb<\/a><\/p>","protected":false},"featured_media":663,"template":"","meta":{"site-sidebar-layout":"default","site-content-layout":"default","ast-global-header-display":"","ast-main-header-display":"","ast-hfb-above-header-display":"","ast-hfb-below-header-display":"","ast-hfb-mobile-header-display":"","site-post-title":"","ast-breadcrumbs-content":"","ast-featured-img":"","footer-sml-layout":"","theme-transparent-header-meta":"default","adv-header-id-meta":"","stick-header-meta":"","header-above-stick-meta":"","header-main-stick-meta":"","header-below-stick-meta":""},"product_cat":[36],"product_tag":[],"class_list":["post-658","product","type-product","status-publish","has-post-thumbnail","hentry","product_cat-ec-motor-mixed-flow-inline-fan","desktop-align-left","tablet-align-left","mobile-align-left","ast-product-gallery-layout-vertical-slider","ast-product-tabs-layout-horizontal"],"_links":{"self":[{"href":"https:\/\/www.fangofast.com\/es\/wp-json\/wp\/v2\/product\/658","targetHints":{"allow":["GET"]}}],"collection":[{"href":"https:\/\/www.fangofast.com\/es\/wp-json\/wp\/v2\/product"}],"about":[{"href":"https:\/\/www.fangofast.com\/es\/wp-json\/wp\/v2\/types\/product"}],"wp:featuredmedia":[{"embeddable":true,"href":"https:\/\/www.fangofast.com\/es\/wp-json\/wp\/v2\/media\/663"}],"wp:attachment":[{"href":"https:\/\/www.fangofast.com\/es\/wp-json\/wp\/v2\/media?parent=658"}],"wp:term":[{"taxonomy":"product_cat","embeddable":true,"href":"https:\/\/www.fangofast.com\/es\/wp-json\/wp\/v2\/product_cat?post=658"},{"taxonomy":"product_tag","embeddable":true,"href":"https:\/\/www.fangofast.com\/es\/wp-json\/wp\/v2\/product_tag?post=658"}],"curies":[{"name":"wp","href":"https:\/\/api.w.org\/{rel}","templated":true}]}}