{"id":651,"date":"2024-05-25T11:20:38","date_gmt":"2024-05-25T03:20:38","guid":{"rendered":"http:\/\/www.fangofast.com\/?post_type=product&#038;p=651"},"modified":"2024-06-29T09:35:53","modified_gmt":"2024-06-29T01:35:53","slug":"150mm-ec-tubular-fan-is-adjustable","status":"publish","type":"product","link":"https:\/\/www.fangofast.com\/es\/product\/150mm-ec-tubular-fan-is-adjustable\/","title":{"rendered":"Extractor de aire EC de 150 mm"},"content":{"rendered":"<table>\n<tbody>\n<tr>\n<td width=\"136\"><strong><b>Marca <\/b><\/strong><\/td>\n<td width=\"434\">FanGoFast<\/td>\n<\/tr>\n<tr>\n<td width=\"136\"><strong><b>Color<\/b><\/strong><\/td>\n<td width=\"434\">Negro<\/td>\n<\/tr>\n<tr>\n<td width=\"136\"><strong><b>Ventilador el\u00e9ctrico Dise\u00f1o<\/b><\/strong><\/td>\n<td width=\"434\">Ventilador de extracci\u00f3n<\/td>\n<\/tr>\n<tr>\n<td width=\"136\"><strong><b>Fuente de energ\u00eda<\/b><\/strong><\/td>\n<td width=\"434\">Cable el\u00e9ctrico<\/td>\n<\/tr>\n<tr>\n<td width=\"136\"><strong><b>Estilo<\/b><\/strong><\/td>\n<td width=\"434\">Extractor de aire EC 150 mm<\/td>\n<\/tr>\n<tr>\n<td width=\"136\"><strong><b>Dimensiones del producto<\/b><\/strong><\/td>\n<td width=\"434\">34, 5d x 26, 7w x 24,2H cent\u00edmetros<\/td>\n<\/tr>\n<tr>\n<td width=\"136\"><strong><b>Tipo <\/b><\/strong><\/td>\n<td width=\"434\">Hogar, oficina, cuarto de ba\u00f1o<\/td>\n<\/tr>\n<tr>\n<td width=\"136\"><strong><b>P<\/b><\/strong><strong><b>ower <\/b><\/strong><\/td>\n<td width=\"434\">70 vatios<\/td>\n<\/tr>\n<tr>\n<td width=\"136\"><strong><b>Capacidad de caudal de aire<\/b><\/strong><\/td>\n<td width=\"434\">684 metros c\u00fabicos por hora<\/td>\n<\/tr>\n<tr>\n<td width=\"136\"><strong><b>Velocidad de desplazamiento<\/b><\/strong><\/td>\n<td width=\"434\">0.01<\/td>\n<\/tr>\n<\/tbody>\n<\/table>\n<p>&nbsp;<\/p>\n<ul>\n<li>Alto rendimiento: el potente extractor de aire puede alcanzar cualquier velocidad de 0 a 100% gracias al control de crucero incluido y cuenta con un motor ECO EC que genera un elevado caudal de aire de 684 m\u00b3\/h.<\/li>\n<li>Eficiencia energ\u00e9tica: este ventilador extractor de aire en l\u00ednea FanGoFast de 150 mm UTILIZA un eficiente motor EC que permite al ventilador funcionar de forma m\u00e1s estable y alcanzar velocidades bajas sin generar ruido ni calor significativos. La eficiencia energ\u00e9tica de los motores EC ahorra hasta 40% en costes de energ\u00eda, lo que es m\u00e1s eficiente que otros ventiladores.<\/li>\n<li>Enchufe IEC y DISE\u00d1O modular: el ventilador tubular FanGoFast est\u00e1 equipado con una interfaz IEC compatible con todos los enchufes de 230 V para mayor comodidad. Extremos de tubo desmontables con tornillos de bloqueo para un desmontaje r\u00e1pido y una instalaci\u00f3n sencilla.<\/li>\n<li>Robusto y DURABLE- la carcasa del extractor de aire est\u00e1 fabricada con un material ABS altamente resistente, que ofrece las ventajas de resistencia a la corrosi\u00f3n, larga vida \u00fatil y seguridad. A diferencia de los ventiladores tubulares de metal que se oxidan con el tiempo. El extractor de aire silencioso de 150 mm tambi\u00e9n ha superado la prueba de ca\u00edda, lo que a su vez garantiza la estabilidad estructural.<\/li>\n<li>USOS vers\u00e1tiles: el extractor de aire ajustable de 150 mm es adecuado para una amplia variedad de lugares que requieren una mejor circulaci\u00f3n del aire, como lavander\u00edas, impresoras 3D, m\u00e1quinas de grabado l\u00e1ser, s\u00f3tanos, \u00e1ticos, garajes, etc.<\/li>\n<\/ul>","protected":false},"excerpt":{"rendered":"<p>Brand FanGoFast Color Black Electric fan Design Ventilation fan for extraction Source of power Electric cable Style EC air extractor 150mm Dimensions of the product 34, 5d x 26, 7w x 24,2H centimeters Type Home,\u00a0office, bathroom Power 70\u00a0Watts Air flow capacity 684\u00a0cubic meters per hour Speed of movement 0.01 &nbsp; High performance &#8211; the powerful &hellip;<\/p>\n<p class=\"read-more\"> <a class=\"\" href=\"https:\/\/www.fangofast.com\/es\/product\/150mm-ec-tubular-fan-is-adjustable\/\"> <span class=\"screen-reader-text\">Extractor de aire EC de 150 mm<\/span> Leer m\u00e1s \u00bb<\/a><\/p>","protected":false},"featured_media":656,"template":"","meta":{"site-sidebar-layout":"default","site-content-layout":"default","ast-global-header-display":"","ast-main-header-display":"","ast-hfb-above-header-display":"","ast-hfb-below-header-display":"","ast-hfb-mobile-header-display":"","site-post-title":"","ast-breadcrumbs-content":"","ast-featured-img":"","footer-sml-layout":"","theme-transparent-header-meta":"default","adv-header-id-meta":"","stick-header-meta":"","header-above-stick-meta":"","header-main-stick-meta":"","header-below-stick-meta":""},"product_cat":[36],"product_tag":[],"class_list":["post-651","product","type-product","status-publish","has-post-thumbnail","hentry","product_cat-ec-motor-mixed-flow-inline-fan","desktop-align-left","tablet-align-left","mobile-align-left","ast-product-gallery-layout-vertical-slider","ast-product-tabs-layout-horizontal"],"_links":{"self":[{"href":"https:\/\/www.fangofast.com\/es\/wp-json\/wp\/v2\/product\/651","targetHints":{"allow":["GET"]}}],"collection":[{"href":"https:\/\/www.fangofast.com\/es\/wp-json\/wp\/v2\/product"}],"about":[{"href":"https:\/\/www.fangofast.com\/es\/wp-json\/wp\/v2\/types\/product"}],"wp:featuredmedia":[{"embeddable":true,"href":"https:\/\/www.fangofast.com\/es\/wp-json\/wp\/v2\/media\/656"}],"wp:attachment":[{"href":"https:\/\/www.fangofast.com\/es\/wp-json\/wp\/v2\/media?parent=651"}],"wp:term":[{"taxonomy":"product_cat","embeddable":true,"href":"https:\/\/www.fangofast.com\/es\/wp-json\/wp\/v2\/product_cat?post=651"},{"taxonomy":"product_tag","embeddable":true,"href":"https:\/\/www.fangofast.com\/es\/wp-json\/wp\/v2\/product_tag?post=651"}],"curies":[{"name":"wp","href":"https:\/\/api.w.org\/{rel}","templated":true}]}}