{"id":638,"date":"2024-05-25T11:18:48","date_gmt":"2024-05-25T03:18:48","guid":{"rendered":"http:\/\/www.fangofast.com\/?post_type=product&#038;p=638"},"modified":"2024-05-25T11:18:51","modified_gmt":"2024-05-25T03:18:51","slug":"mixflow-inline-fan-3","status":"publish","type":"product","link":"https:\/\/www.fangofast.com\/es\/product\/mixflow-inline-fan-3\/","title":{"rendered":"Ventilador en l\u00ednea Mixflow"},"content":{"rendered":"<table>\n<tbody>\n<tr>\n<td width=\"129\"><strong><b>Marca<\/b><\/strong><\/td>\n<td width=\"412\">FanGoFast<\/td>\n<\/tr>\n<tr>\n<td width=\"129\"><strong><b>Color<\/b><\/strong><\/td>\n<td width=\"412\">Negro<\/td>\n<\/tr>\n<tr>\n<td width=\"129\"><strong><b>Dise\u00f1o de ventilador el\u00e9ctrico<\/b><\/strong><\/td>\n<td width=\"412\">Extractor<\/td>\n<\/tr>\n<tr>\n<td width=\"129\"><strong><b>Dimensiones del producto<\/b><\/strong><\/td>\n<td width=\"412\">31,5 x 22 x 25 cent\u00edmetros<\/td>\n<\/tr>\n<tr>\n<td width=\"129\"><strong><b>Tipo de habitaci\u00f3n<\/b><\/strong><\/td>\n<td width=\"412\">Ba\u00f1o, Cocina<\/td>\n<\/tr>\n<tr>\n<td width=\"129\"><strong><b>Reportaje especial<\/b><\/strong><\/td>\n<td width=\"412\">Impermeable<\/td>\n<\/tr>\n<tr>\n<td width=\"129\"><strong><b>Nivel de ruido<\/b><\/strong><\/td>\n<td width=\"412\">31 dB<\/td>\n<\/tr>\n<tr>\n<td width=\"129\"><strong><b>Vatios<\/b><\/strong><\/td>\n<td width=\"412\">23 vatios<\/td>\n<\/tr>\n<tr>\n<td width=\"129\"><strong><b>Tema<\/b><\/strong><\/td>\n<td width=\"412\">Inicio<\/td>\n<\/tr>\n<\/tbody>\n<\/table>\n<p>&nbsp;<\/p>\n<ul>\n<li>Potencia: Equipado con un ventilador de gran tama\u00f1o, que funciona a una tensi\u00f3n de 230V\/50Hz y consume 123\/128W (alto\/bajo), el motor funciona a velocidades de 2450\/1950RPM, suministrando vol\u00famenes de aire de 840m\u00b3\/h y 690m\u00b3\/h (alto\/bajo). Los motores NSK de doble rodamiento de bolas garantizan un alto rendimiento, eficiencia y un MTBF ampliado de hasta 50.000 horas.<\/li>\n<li>Impermeabilidad IP44: Utilizando caucho impermeable, los ventiladores est\u00e1n certificados como verdaderamente impermeables IP44, prolongando as\u00ed la vida \u00fatil de los condensadores del motor.<\/li>\n<li>Bajo nivel de ruido: El ventilador equilibrado funciona con un bajo nivel de ruido de aproximadamente 65 dB; tambi\u00e9n cuenta con dos reguladores de velocidad para facilitar el ajuste.<\/li>\n<li>Aplicaciones vers\u00e1tiles: Adecuados para ventilaci\u00f3n industrial, ventilaci\u00f3n dom\u00e9stica o purificaci\u00f3n del aire hort\u00edcola. Ideales como extractores para ba\u00f1os, talleres, cocinas, invernaderos, carpas de cultivo, etc., dise\u00f1ados espec\u00edficamente para satisfacer las necesidades de los cultivadores que pretenden optimizar el crecimiento de las plantas. Pueden utilizarse junto con filtros de carb\u00f3n y tubos para expulsar el aire o los gases no deseados de las c\u00e1maras de cultivo. Tambi\u00e9n se recomienda para mantener la calidad del aire interior en sistemas de calefacci\u00f3n, ventilaci\u00f3n y aire acondicionado.<\/li>\n<li>F\u00e1cil instalaci\u00f3n: Construido en material pl\u00e1stico ABS negro y con un tama\u00f1o de 200 mm, este extractor puede montarse f\u00e1cilmente en paredes o techos. Consulte el manual adjunto para obtener instrucciones de instalaci\u00f3n.<\/li>\n<\/ul>","protected":false},"excerpt":{"rendered":"<p>Brand FanGoFast Colour Black Electric fan design Exhaust Fan Product dimensions 31.5D x 22W x 25H centimetres Room type Bathroom, Kitchen Special feature Waterproof Noise level 31 dB Wattage 23 watts Theme Home &nbsp; Power: Equipped with a large fan, operating at a voltage of 230V\/50Hz and consuming 123\/128W (high\/low), the motor operates at speeds &hellip;<\/p>\n<p class=\"read-more\"> <a class=\"\" href=\"https:\/\/www.fangofast.com\/es\/product\/mixflow-inline-fan-3\/\"> <span class=\"screen-reader-text\">Ventilador en l\u00ednea Mixflow<\/span> Leer m\u00e1s \u00bb<\/a><\/p>","protected":false},"featured_media":642,"template":"","meta":{"site-sidebar-layout":"default","site-content-layout":"default","ast-global-header-display":"","ast-main-header-display":"","ast-hfb-above-header-display":"","ast-hfb-below-header-display":"","ast-hfb-mobile-header-display":"","site-post-title":"","ast-breadcrumbs-content":"","ast-featured-img":"","footer-sml-layout":"","theme-transparent-header-meta":"default","adv-header-id-meta":"","stick-header-meta":"","header-above-stick-meta":"","header-main-stick-meta":"","header-below-stick-meta":""},"product_cat":[35],"product_tag":[],"class_list":["post-638","product","type-product","status-publish","has-post-thumbnail","hentry","product_cat-mixflow-inline-fan","desktop-align-left","tablet-align-left","mobile-align-left","ast-product-gallery-layout-vertical-slider","ast-product-tabs-layout-horizontal"],"_links":{"self":[{"href":"https:\/\/www.fangofast.com\/es\/wp-json\/wp\/v2\/product\/638","targetHints":{"allow":["GET"]}}],"collection":[{"href":"https:\/\/www.fangofast.com\/es\/wp-json\/wp\/v2\/product"}],"about":[{"href":"https:\/\/www.fangofast.com\/es\/wp-json\/wp\/v2\/types\/product"}],"wp:featuredmedia":[{"embeddable":true,"href":"https:\/\/www.fangofast.com\/es\/wp-json\/wp\/v2\/media\/642"}],"wp:attachment":[{"href":"https:\/\/www.fangofast.com\/es\/wp-json\/wp\/v2\/media?parent=638"}],"wp:term":[{"taxonomy":"product_cat","embeddable":true,"href":"https:\/\/www.fangofast.com\/es\/wp-json\/wp\/v2\/product_cat?post=638"},{"taxonomy":"product_tag","embeddable":true,"href":"https:\/\/www.fangofast.com\/es\/wp-json\/wp\/v2\/product_tag?post=638"}],"curies":[{"name":"wp","href":"https:\/\/api.w.org\/{rel}","templated":true}]}}