{"id":634,"date":"2024-05-25T11:18:36","date_gmt":"2024-05-25T03:18:36","guid":{"rendered":"http:\/\/www.fangofast.com\/?post_type=product&#038;p=634"},"modified":"2024-05-25T11:18:36","modified_gmt":"2024-05-25T03:18:36","slug":"mixflow-inline-fan-2","status":"publish","type":"product","link":"https:\/\/www.fangofast.com\/es\/product\/mixflow-inline-fan-2\/","title":{"rendered":"Ventilador en l\u00ednea Mixflow"},"content":{"rendered":"<table>\n<tbody>\n<tr>\n<td width=\"129\"><strong><b>Marca<\/b><\/strong><\/td>\n<td width=\"412\">FanGoFast<\/td>\n<\/tr>\n<tr>\n<td width=\"129\"><strong><b>Color<\/b><\/strong><\/td>\n<td width=\"412\">Negro<\/td>\n<\/tr>\n<tr>\n<td width=\"129\"><strong><b>Dise\u00f1o de ventilador el\u00e9ctrico<\/b><\/strong><\/td>\n<td width=\"412\">Soplador<\/td>\n<\/tr>\n<tr>\n<td width=\"129\"><strong><b>Fuente de energ\u00eda<\/b><\/strong><\/td>\n<td width=\"412\">El\u00e9ctrico con cable<\/td>\n<\/tr>\n<tr>\n<td width=\"129\"><strong><b>Dimensiones del producto<\/b><\/strong><\/td>\n<td width=\"412\">33 cm de fondo x 22 cm de ancho x 20 cm de alto<\/td>\n<\/tr>\n<tr>\n<td width=\"129\"><strong><b>Tipo de habitaci\u00f3n<\/b><\/strong><\/td>\n<td width=\"412\">Cuarto de ba\u00f1o<\/td>\n<\/tr>\n<tr>\n<td width=\"129\"><strong><b>Reportaje especial<\/b><\/strong><\/td>\n<td width=\"412\">Impermeable<\/td>\n<\/tr>\n<tr>\n<td width=\"129\"><strong><b>Usos recomendados del producto<\/b><\/strong><\/td>\n<td width=\"412\">Ventilaci\u00f3n<\/td>\n<\/tr>\n<tr>\n<td width=\"129\"><strong><b>Nivel de ruido<\/b><\/strong><\/td>\n<td width=\"412\">31 dB<\/td>\n<\/tr>\n<tr>\n<td width=\"129\"><strong><b>Vatios<\/b><\/strong><\/td>\n<td width=\"412\">24 vatios<\/td>\n<\/tr>\n<\/tbody>\n<\/table>\n<p>&nbsp;<\/p>\n<ul>\n<li>ALTO RENDIMIENTO - Este ventilador de conducto en l\u00ednea lleva incorporado un controlador de dos velocidades para regular el caudal de aire. Se puede conseguir un caudal de aire de hasta 198 m\u00b3\/h. Equipado con rodamientos de bolas para garantizar que el ventilador de conducto funcione con un bajo nivel de ruido, que ronda los 31 dB. A diferencia de los ventiladores de chimenea EC, que suelen ser m\u00e1s ruidosos, este ventilador ofrece una excelente relaci\u00f3n calidad-precio a largo plazo.<\/li>\n<li>2 EN 1 VENTILADOR DE CONDUCTO 100MM- Los dos soportes de conducto del extractor se pueden separar e instalar en el conducto en el sistema de ventilaci\u00f3n del hogar como un ventilador de conducto de conducto, o utilizar directamente para la ventilaci\u00f3n en espacios peque\u00f1os, tales como invernaderos, hidropon\u00eda, bancos de trabajo, s\u00f3tanos, impresoras l\u00e1ser 3D, etc .<\/li>\n<li>ROBUSTO Y DURADERO: El cuerpo del ventilador de tubo est\u00e1 hecho de material ABS de alta resistencia, que tiene las ventajas de resistencia a la corrosi\u00f3n, larga vida \u00fatil y seguridad. El ventilador de conducto silencioso de 100 mm tambi\u00e9n ha superado con \u00e9xito la prueba de ca\u00edda, lo que a su vez garantiza la estabilidad estructural. El motor de doble rodamiento de bolas NSK de cobre garantiza una alta eficiencia y un largo MTBF de hasta 50000 horas.<\/li>\n<li>IP44 IMPERMEABLE - El anillo de goma impermeable hace que el ventilador sea realmente IP44 impermeable y hace que el condensador del motor sea m\u00e1s duradero. Voltaje: 230V\/50Hz, potencia: 26\/23W (alta\/baja), velocidad: 2200\/1850RPM), volumen de aire: 198m\u00b3\/h, 165m\u00b3\/h (alta\/baja).<\/li>\n<li>SERVICIO DE ATENCI\u00d3N AL CLIENTE - Cada extractor se somete a un estricto control de calidad antes de su entrega. Tambi\u00e9n contamos con un equipo profesional de atenci\u00f3n al cliente para atender sus necesidades. No dude en ponerse en contacto con nosotros si tiene alguna pregunta sobre nuestros ventiladores en l\u00ednea. Ofrecemos 18 meses de servicio post-venta.<\/li>\n<\/ul>","protected":false},"excerpt":{"rendered":"<p>Brand FanGoFast Colour Black Electric fan design Blower Power source Corded Electric Product dimensions 33D x 22W x 20H centimetres Room type Bathroom Special feature Waterproof Recommended uses for product Ventilating Noise level 31 dB Wattage 24 watts &nbsp; HIGH PERFORMANCE &#8211; This in-line duct fan has a built-in two-speed controller to regulate the airflow. &hellip;<\/p>\n<p class=\"read-more\"> <a class=\"\" href=\"https:\/\/www.fangofast.com\/es\/product\/mixflow-inline-fan-2\/\"> <span class=\"screen-reader-text\">Ventilador en l\u00ednea Mixflow<\/span> Leer m\u00e1s \u00bb<\/a><\/p>","protected":false},"featured_media":635,"template":"","meta":{"site-sidebar-layout":"default","site-content-layout":"default","ast-global-header-display":"","ast-main-header-display":"","ast-hfb-above-header-display":"","ast-hfb-below-header-display":"","ast-hfb-mobile-header-display":"","site-post-title":"","ast-breadcrumbs-content":"","ast-featured-img":"","footer-sml-layout":"","theme-transparent-header-meta":"default","adv-header-id-meta":"","stick-header-meta":"","header-above-stick-meta":"","header-main-stick-meta":"","header-below-stick-meta":""},"product_cat":[35],"product_tag":[],"class_list":["post-634","product","type-product","status-publish","has-post-thumbnail","hentry","product_cat-mixflow-inline-fan","desktop-align-left","tablet-align-left","mobile-align-left","ast-product-gallery-layout-vertical-slider","ast-product-tabs-layout-horizontal"],"_links":{"self":[{"href":"https:\/\/www.fangofast.com\/es\/wp-json\/wp\/v2\/product\/634","targetHints":{"allow":["GET"]}}],"collection":[{"href":"https:\/\/www.fangofast.com\/es\/wp-json\/wp\/v2\/product"}],"about":[{"href":"https:\/\/www.fangofast.com\/es\/wp-json\/wp\/v2\/types\/product"}],"wp:featuredmedia":[{"embeddable":true,"href":"https:\/\/www.fangofast.com\/es\/wp-json\/wp\/v2\/media\/635"}],"wp:attachment":[{"href":"https:\/\/www.fangofast.com\/es\/wp-json\/wp\/v2\/media?parent=634"}],"wp:term":[{"taxonomy":"product_cat","embeddable":true,"href":"https:\/\/www.fangofast.com\/es\/wp-json\/wp\/v2\/product_cat?post=634"},{"taxonomy":"product_tag","embeddable":true,"href":"https:\/\/www.fangofast.com\/es\/wp-json\/wp\/v2\/product_tag?post=634"}],"curies":[{"name":"wp","href":"https:\/\/api.w.org\/{rel}","templated":true}]}}