{"id":627,"date":"2024-05-25T11:17:20","date_gmt":"2024-05-25T03:17:20","guid":{"rendered":"http:\/\/www.fangofast.com\/?post_type=product&#038;p=627"},"modified":"2024-05-25T11:17:20","modified_gmt":"2024-05-25T03:17:20","slug":"mixflow-inline-fan","status":"publish","type":"product","link":"https:\/\/www.fangofast.com\/es\/product\/mixflow-inline-fan\/","title":{"rendered":"Ventilador en l\u00ednea Mixflow"},"content":{"rendered":"<table>\n<tbody>\n<tr>\n<td width=\"129\"><strong><b>Marca<\/b><\/strong><\/td>\n<td width=\"412\">FanGoFast<\/td>\n<\/tr>\n<tr>\n<td width=\"129\"><strong><b>Color<\/b><\/strong><\/td>\n<td width=\"412\">Negro<\/td>\n<\/tr>\n<tr>\n<td width=\"129\"><strong><b>Dise\u00f1o de ventilador el\u00e9ctrico<\/b><\/strong><\/td>\n<td width=\"412\">Soplador<\/td>\n<\/tr>\n<tr>\n<td width=\"129\"><strong><b>Fuente de energ\u00eda<\/b><\/strong><\/td>\n<td width=\"412\">El\u00e9ctrico con cable<\/td>\n<\/tr>\n<tr>\n<td width=\"129\"><strong><b>Dimensiones del producto<\/b><\/strong><\/td>\n<td width=\"412\">32 cm de fondo x 28 cm de ancho x 28 cm de alto<\/td>\n<\/tr>\n<tr>\n<td width=\"129\"><strong><b>Tipo de habitaci\u00f3n<\/b><\/strong><\/td>\n<td width=\"412\">Cuarto de ba\u00f1o<\/td>\n<\/tr>\n<tr>\n<td width=\"129\"><strong><b>Reportaje especial<\/b><\/strong><\/td>\n<td width=\"412\">Impermeable<\/td>\n<\/tr>\n<tr>\n<td width=\"129\"><strong><b>Usos recomendados del producto<\/b><\/strong><\/td>\n<td width=\"412\">Ventilaci\u00f3n<\/td>\n<\/tr>\n<tr>\n<td width=\"129\"><strong><b>Nivel de ruido<\/b><\/strong><\/td>\n<td width=\"412\">65 dB<\/td>\n<\/tr>\n<\/tbody>\n<\/table>\n<p>&nbsp;<\/p>\n<ul>\n<li>Potencia: ventilador grande, voltaje :230V\/50Hz, potencia :123\/128W(alta\/baja), velocidad :2450\/1950RPM, volumen de aire :840m\u00b3\/h, 690m\u00b3\/h(alta\/baja). Los motores NSK de doble rodamiento de bolas ofrecen un alto rendimiento, alta eficiencia y un largo MTBF de hasta 50.000 horas.<\/li>\n<li>Impermeabilidad IP44: La goma impermeable hace que los ventiladores sean impermeables en IP44 real, lo que proporciona a los condensadores del motor una vida \u00fatil m\u00e1s larga.<\/li>\n<li>Bajo nivel de ruido: El ventilador equilibrado funciona con un bajo nivel de ruido, unos 65 dB; Dos reguladores de velocidad para ajustar f\u00e1cilmente la velocidad del ventilador.<\/li>\n<li>M\u00faltiples usos: adecuados para ventilaci\u00f3n industrial, ventilaci\u00f3n dom\u00e9stica o purificaci\u00f3n del aire hort\u00edcola. Extractores para ba\u00f1o, taller, cocina, invernadero, tienda de cultivo, etc. Sin duda lo hemos desarrollado para los cultivadores que quieren que sus plantas crezcan mejor. Puede utilizar filtros de carb\u00f3n y tubos para filtrar el aire viciado o los gases nocivos fuera de la c\u00e1mara de cultivo. Tambi\u00e9n es una mejor opci\u00f3n para mantener fresco el aire interior en los sistemas de climatizaci\u00f3n.<\/li>\n<li>F\u00e1cil de instalar: Este extractor de 200mm est\u00e1 hecho de pl\u00e1stico ABS negro. Se puede montar f\u00e1cilmente en la pared\/techo. Puede consultar el manual adjunto.<\/li>\n<\/ul>","protected":false},"excerpt":{"rendered":"<p>Brand FanGoFast Colour Black Electric fan design Blower Power source Corded Electric Product dimensions 32D x 28W x 28H centimetres Room type Bathroom Special feature Waterproof Recommended uses for product Ventilating Noise level 65\u00a0dB &nbsp; Power: big fan, voltage :230V\/50Hz, power :123\/128W(high\/low), speed :2450\/1950RPM, air volume :840m\u00b3\/h, 690m\u00b3\/h(high\/low). NSK double ball bearing motors offer high &hellip;<\/p>\n<p class=\"read-more\"> <a class=\"\" href=\"https:\/\/www.fangofast.com\/es\/product\/mixflow-inline-fan\/\"> <span class=\"screen-reader-text\">Ventilador en l\u00ednea Mixflow<\/span> Leer m\u00e1s \u00bb<\/a><\/p>","protected":false},"featured_media":628,"template":"","meta":{"site-sidebar-layout":"default","site-content-layout":"default","ast-global-header-display":"","ast-main-header-display":"","ast-hfb-above-header-display":"","ast-hfb-below-header-display":"","ast-hfb-mobile-header-display":"","site-post-title":"","ast-breadcrumbs-content":"","ast-featured-img":"","footer-sml-layout":"","theme-transparent-header-meta":"default","adv-header-id-meta":"","stick-header-meta":"","header-above-stick-meta":"","header-main-stick-meta":"","header-below-stick-meta":""},"product_cat":[35],"product_tag":[],"class_list":["post-627","product","type-product","status-publish","has-post-thumbnail","hentry","product_cat-mixflow-inline-fan","desktop-align-left","tablet-align-left","mobile-align-left","ast-product-gallery-layout-vertical-slider","ast-product-tabs-layout-horizontal"],"_links":{"self":[{"href":"https:\/\/www.fangofast.com\/es\/wp-json\/wp\/v2\/product\/627","targetHints":{"allow":["GET"]}}],"collection":[{"href":"https:\/\/www.fangofast.com\/es\/wp-json\/wp\/v2\/product"}],"about":[{"href":"https:\/\/www.fangofast.com\/es\/wp-json\/wp\/v2\/types\/product"}],"wp:featuredmedia":[{"embeddable":true,"href":"https:\/\/www.fangofast.com\/es\/wp-json\/wp\/v2\/media\/628"}],"wp:attachment":[{"href":"https:\/\/www.fangofast.com\/es\/wp-json\/wp\/v2\/media?parent=627"}],"wp:term":[{"taxonomy":"product_cat","embeddable":true,"href":"https:\/\/www.fangofast.com\/es\/wp-json\/wp\/v2\/product_cat?post=627"},{"taxonomy":"product_tag","embeddable":true,"href":"https:\/\/www.fangofast.com\/es\/wp-json\/wp\/v2\/product_tag?post=627"}],"curies":[{"name":"wp","href":"https:\/\/api.w.org\/{rel}","templated":true}]}}