{"id":592,"date":"2024-05-25T11:11:08","date_gmt":"2024-05-25T03:11:08","guid":{"rendered":"http:\/\/www.fangofast.com\/?post_type=product&#038;p=592"},"modified":"2024-05-25T11:11:08","modified_gmt":"2024-05-25T03:11:08","slug":"dpt-series","status":"publish","type":"product","link":"https:\/\/www.fangofast.com\/es\/product\/dpt-series\/","title":{"rendered":"Serie DPT"},"content":{"rendered":"<p><img decoding=\"async\" class=\"alignnone size-full wp-image-599\" src=\"http:\/\/www.fangofast.com\/wp-content\/uploads\/2024\/05\/DPT-series-1.png\" alt=\"\" width=\"863\" height=\"382\" srcset=\"https:\/\/www.fangofast.com\/wp-content\/uploads\/2024\/05\/DPT-series-1.png 863w, https:\/\/www.fangofast.com\/wp-content\/uploads\/2024\/05\/DPT-series-1-300x133.png 300w, https:\/\/www.fangofast.com\/wp-content\/uploads\/2024\/05\/DPT-series-1-768x340.png 768w, https:\/\/www.fangofast.com\/wp-content\/uploads\/2024\/05\/DPT-series-1-600x266.png 600w\" sizes=\"(max-width: 863px) 100vw, 863px\" \/> <img decoding=\"async\" class=\"alignnone size-full wp-image-600\" src=\"http:\/\/www.fangofast.com\/wp-content\/uploads\/2024\/05\/DPT-series-2.png\" alt=\"\" width=\"1358\" height=\"416\" srcset=\"https:\/\/www.fangofast.com\/wp-content\/uploads\/2024\/05\/DPT-series-2.png 1358w, https:\/\/www.fangofast.com\/wp-content\/uploads\/2024\/05\/DPT-series-2-300x92.png 300w, https:\/\/www.fangofast.com\/wp-content\/uploads\/2024\/05\/DPT-series-2-1024x314.png 1024w, https:\/\/www.fangofast.com\/wp-content\/uploads\/2024\/05\/DPT-series-2-768x235.png 768w, https:\/\/www.fangofast.com\/wp-content\/uploads\/2024\/05\/DPT-series-2-600x184.png 600w\" sizes=\"(max-width: 1358px) 100vw, 1358px\" \/> <img decoding=\"async\" class=\"alignnone size-full wp-image-601\" src=\"http:\/\/www.fangofast.com\/wp-content\/uploads\/2024\/05\/DPT-series-3.png\" alt=\"\" width=\"1382\" height=\"651\" srcset=\"https:\/\/www.fangofast.com\/wp-content\/uploads\/2024\/05\/DPT-series-3.png 1382w, https:\/\/www.fangofast.com\/wp-content\/uploads\/2024\/05\/DPT-series-3-300x141.png 300w, https:\/\/www.fangofast.com\/wp-content\/uploads\/2024\/05\/DPT-series-3-1024x482.png 1024w, https:\/\/www.fangofast.com\/wp-content\/uploads\/2024\/05\/DPT-series-3-768x362.png 768w, https:\/\/www.fangofast.com\/wp-content\/uploads\/2024\/05\/DPT-series-3-600x283.png 600w\" sizes=\"(max-width: 1382px) 100vw, 1382px\" \/> <img decoding=\"async\" class=\"alignnone size-full wp-image-602\" src=\"http:\/\/www.fangofast.com\/wp-content\/uploads\/2024\/05\/S-series1-1.png\" alt=\"\" width=\"1325\" height=\"237\" srcset=\"https:\/\/www.fangofast.com\/wp-content\/uploads\/2024\/05\/S-series1-1.png 1325w, https:\/\/www.fangofast.com\/wp-content\/uploads\/2024\/05\/S-series1-1-300x54.png 300w, https:\/\/www.fangofast.com\/wp-content\/uploads\/2024\/05\/S-series1-1-1024x183.png 1024w, https:\/\/www.fangofast.com\/wp-content\/uploads\/2024\/05\/S-series1-1-768x137.png 768w, https:\/\/www.fangofast.com\/wp-content\/uploads\/2024\/05\/S-series1-1-600x107.png 600w\" sizes=\"(max-width: 1325px) 100vw, 1325px\" \/><\/p>","protected":false},"excerpt":{"rendered":"<ul>\n<li>Ahorro de energ\u00eda<\/li>\n<\/ul>\n<p>Motor de cobre con rodamiento de bolas de alta calidadBajo ruido con volumen de aire estable<\/p>\n<ul>\n<li>Unidad duradera<\/li>\n<\/ul>\n<p>Con metal de alta calidad Toda una unidad no es f\u00e1cil de deformar, no es propenso a la oxidaci\u00f3n y la corrosi\u00f3n con powderspay<\/p>\n<ul>\n<li>Ajuste flexible<\/li>\n<\/ul>\n<p>Para diferentes aplicaciones Inst\u00e1lelo con otro tipo de ventilador para conseguir la mejor combinaci\u00f3n.<\/p>\n<ul>\n<li>Suministro de aire a distancia<\/li>\n<\/ul>\n<p>Dise\u00f1o optimizadoTodas las piezas se combinan a la perfecci\u00f3nCon un potente volumen de aire y una presi\u00f3n de aire estable<\/p>","protected":false},"featured_media":593,"template":"","meta":{"site-sidebar-layout":"default","site-content-layout":"default","ast-global-header-display":"","ast-main-header-display":"","ast-hfb-above-header-display":"","ast-hfb-below-header-display":"","ast-hfb-mobile-header-display":"","site-post-title":"","ast-breadcrumbs-content":"","ast-featured-img":"","footer-sml-layout":"","theme-transparent-header-meta":"default","adv-header-id-meta":"","stick-header-meta":"","header-above-stick-meta":"","header-main-stick-meta":"","header-below-stick-meta":""},"product_cat":[34],"product_tag":[],"class_list":["post-592","product","type-product","status-publish","has-post-thumbnail","hentry","product_cat-90-duct-fan","desktop-align-left","tablet-align-left","mobile-align-left","ast-product-gallery-layout-vertical-slider","ast-product-tabs-layout-horizontal"],"_links":{"self":[{"href":"https:\/\/www.fangofast.com\/es\/wp-json\/wp\/v2\/product\/592","targetHints":{"allow":["GET"]}}],"collection":[{"href":"https:\/\/www.fangofast.com\/es\/wp-json\/wp\/v2\/product"}],"about":[{"href":"https:\/\/www.fangofast.com\/es\/wp-json\/wp\/v2\/types\/product"}],"wp:featuredmedia":[{"embeddable":true,"href":"https:\/\/www.fangofast.com\/es\/wp-json\/wp\/v2\/media\/593"}],"wp:attachment":[{"href":"https:\/\/www.fangofast.com\/es\/wp-json\/wp\/v2\/media?parent=592"}],"wp:term":[{"taxonomy":"product_cat","embeddable":true,"href":"https:\/\/www.fangofast.com\/es\/wp-json\/wp\/v2\/product_cat?post=592"},{"taxonomy":"product_tag","embeddable":true,"href":"https:\/\/www.fangofast.com\/es\/wp-json\/wp\/v2\/product_tag?post=592"}],"curies":[{"name":"wp","href":"https:\/\/api.w.org\/{rel}","templated":true}]}}