{"id":1221,"date":"2025-03-20T11:44:01","date_gmt":"2025-03-20T03:44:01","guid":{"rendered":"https:\/\/www.fangofast.com\/?post_type=product&#038;p=1221"},"modified":"2025-03-20T11:44:01","modified_gmt":"2025-03-20T03:44:01","slug":"150-mm-inline-booster-duct-fan","status":"publish","type":"product","link":"https:\/\/www.fangofast.com\/es\/product\/150-mm-inline-booster-duct-fan\/","title":{"rendered":"Ventilador en l\u00ednea de 150 mm"},"content":{"rendered":"<table>\n<tbody>\n<tr>\n<td width=\"129\"><strong><b>Marca<\/b><\/strong><\/td>\n<td width=\"412\">FanGoFast<\/td>\n<\/tr>\n<tr>\n<td width=\"129\"><strong><b>Color<\/b><\/strong><\/td>\n<td width=\"412\">Negro<\/td>\n<\/tr>\n<tr>\n<td width=\"129\"><strong><b>Dise\u00f1o de ventilador el\u00e9ctrico<\/b><\/strong><\/td>\n<td width=\"412\">Extractor<\/td>\n<\/tr>\n<tr>\n<td width=\"129\"><strong><b>Fuente de energ\u00eda<\/b><\/strong><\/td>\n<td width=\"412\">El\u00e9ctrico con cable<\/td>\n<\/tr>\n<tr>\n<td width=\"129\"><strong><b>Estilo<\/b><\/strong><\/td>\n<td width=\"412\">Cl\u00e1sico<\/td>\n<\/tr>\n<tr>\n<td width=\"129\"><strong><b>Dimensiones del producto<\/b><\/strong><\/td>\n<td width=\"412\">18,5 cm de fondo x 14,7 cm de ancho x 14,7 cm de alto<\/td>\n<\/tr>\n<tr>\n<td width=\"129\"><strong><b>Tipo de habitaci\u00f3n<\/b><\/strong><\/td>\n<td width=\"412\">Lavander\u00eda<\/td>\n<\/tr>\n<tr>\n<td width=\"129\"><strong><b>Reportaje especial<\/b><\/strong><\/td>\n<td width=\"412\">Port\u00e1til, funcionamiento silencioso, resistente al agua, ligero<\/td>\n<\/tr>\n<tr>\n<td width=\"129\"><strong><b>Usos recomendados del producto<\/b><\/strong><\/td>\n<td width=\"412\">Luftzirkulation, Entl\u00fcftend, Ventilierend, K\u00fchlung<\/td>\n<\/tr>\n<tr>\n<td width=\"129\"><strong><b>Nivel de ruido<\/b><\/strong><\/td>\n<td width=\"412\">36 dB<\/td>\n<\/tr>\n<\/tbody>\n<\/table>\n<p>&nbsp;<\/p>\n<ul>\n<li>No se preocupe: le ofrecemos la sustituci\u00f3n en lugar de la reparaci\u00f3n.<\/li>\n<li>AHORRO DE ENERG\u00cdA Este ventilador de conductos de 150 mm adopta un avanzado motor de CC, que s\u00f3lo consume 19 W de potencia durante el funcionamiento, lo que permite un importante ahorro de energ\u00eda. Incluso a alta velocidad, el ventilador de conductos funciona de forma muy silenciosa, lo que lo hace adecuado para su uso en el hogar y en la oficina.<\/li>\n<li>PEQUE\u00d1O Y POTENTE Este ventilador en l\u00ednea para conductos pesa s\u00f3lo 30 onzas. Es ligero y c\u00f3modo de llevar. Pero tiene una alta velocidad de 3000 rpm y puede producir un fuerte flujo de aire de hasta 587 m\u00b3\/h, lo que garantiza una circulaci\u00f3n de aire r\u00e1pida y eficaz para eliminar olores y mantener el ambiente fresco y confortable.<\/li>\n<li>Duradero y antideslizante: el ventilador growbox est\u00e1 hecho de pl\u00e1stico de alta calidad, que no s\u00f3lo es resistente y duradero, sino que tambi\u00e9n no se deforma f\u00e1cilmente. La superficie antideslizante ergon\u00f3mico le trae m\u00e1s comodidad.<\/li>\n<li>0-100% Velocidad ajustable El extractor est\u00e1 equipado con un controlador de velocidad ajustable, que permite al usuario ajustar con flexibilidad la velocidad del viento para satisfacer las necesidades de diferentes escenarios y proporcionar una experiencia de ventilaci\u00f3n personalizada.<\/li>\n<li>Amplia aplicaci\u00f3n: FanGoFast ventilador de tubo de escape 100 mm adopta un dise\u00f1o compacto y es adecuado para diversos entornos, tales como invernadero, garaje, s\u00f3tano, cocina y -lavadero, etc, que puede mejorar eficazmente el efecto de ventilaci\u00f3n y la calidad del aire de la habitaci\u00f3n.<\/li>\n<li>Ligero y Port\u00e1til: Este ventilador de conducto de 100 mm es ligero y f\u00e1cil de transportar e instalar, con un dise\u00f1o compacto que ahorra espacio de almacenamiento.<\/li>\n<\/ul>","protected":false},"excerpt":{"rendered":"<p>Brand FanGoFast Colour Black Electric fan design Exhaust Fan Power source Corded Electric Style Classic Product dimensions 18.5D x 14.7W x 14.7H centimetres Room type Laundry Room Special feature Portable, Quiet Operation, Waterproof, Lightweight Recommended uses for product Luftzirkulation, Entl\u00fcftend, Ventilierend, K\u00fchlung Noise level 36 dB &nbsp; Worry free: we offer replacement instead of a &hellip;<\/p>\n<p class=\"read-more\"> <a class=\"\" href=\"https:\/\/www.fangofast.com\/es\/product\/150-mm-inline-booster-duct-fan\/\"> <span class=\"screen-reader-text\">Ventilador en l\u00ednea de 150 mm<\/span> Leer m\u00e1s \u00bb<\/a><\/p>","protected":false},"featured_media":1222,"template":"","meta":{"site-sidebar-layout":"default","site-content-layout":"default","ast-global-header-display":"","ast-main-header-display":"","ast-hfb-above-header-display":"","ast-hfb-below-header-display":"","ast-hfb-mobile-header-display":"","site-post-title":"","ast-breadcrumbs-content":"","ast-featured-img":"","footer-sml-layout":"","theme-transparent-header-meta":"default","adv-header-id-meta":"","stick-header-meta":"","header-above-stick-meta":"","header-main-stick-meta":"","header-below-stick-meta":""},"product_cat":[70],"product_tag":[],"class_list":["post-1221","product","type-product","status-publish","has-post-thumbnail","hentry","product_cat-inline-booster-duct-fan","desktop-align-left","tablet-align-left","mobile-align-left","ast-product-gallery-layout-vertical-slider","ast-product-tabs-layout-horizontal"],"_links":{"self":[{"href":"https:\/\/www.fangofast.com\/es\/wp-json\/wp\/v2\/product\/1221","targetHints":{"allow":["GET"]}}],"collection":[{"href":"https:\/\/www.fangofast.com\/es\/wp-json\/wp\/v2\/product"}],"about":[{"href":"https:\/\/www.fangofast.com\/es\/wp-json\/wp\/v2\/types\/product"}],"wp:featuredmedia":[{"embeddable":true,"href":"https:\/\/www.fangofast.com\/es\/wp-json\/wp\/v2\/media\/1222"}],"wp:attachment":[{"href":"https:\/\/www.fangofast.com\/es\/wp-json\/wp\/v2\/media?parent=1221"}],"wp:term":[{"taxonomy":"product_cat","embeddable":true,"href":"https:\/\/www.fangofast.com\/es\/wp-json\/wp\/v2\/product_cat?post=1221"},{"taxonomy":"product_tag","embeddable":true,"href":"https:\/\/www.fangofast.com\/es\/wp-json\/wp\/v2\/product_tag?post=1221"}],"curies":[{"name":"wp","href":"https:\/\/api.w.org\/{rel}","templated":true}]}}