{"id":1199,"date":"2025-03-20T10:49:09","date_gmt":"2025-03-20T02:49:09","guid":{"rendered":"https:\/\/www.fangofast.com\/?post_type=product&#038;p=1199"},"modified":"2025-03-20T10:51:59","modified_gmt":"2025-03-20T02:51:59","slug":"150-mm-ec-air-extractor-with-app-panel-control","status":"publish","type":"product","link":"https:\/\/www.fangofast.com\/es\/product\/150-mm-ec-air-extractor-with-app-panel-control\/","title":{"rendered":"Extractor de aire EC de 150 mm con App y Panel de Control"},"content":{"rendered":"<table>\n<tbody>\n<tr>\n<td width=\"129\"><strong><b>Marca<\/b><\/strong><\/td>\n<td width=\"412\">Capture<\/td>\n<\/tr>\n<tr>\n<td width=\"129\"><strong><b>Color<\/b><\/strong><\/td>\n<td width=\"412\">Ventilador de tubo de 150 Mm App Controller<\/td>\n<\/tr>\n<tr>\n<td width=\"129\"><strong><b>Dise\u00f1o de ventilador el\u00e9ctrico<\/b><\/strong><\/td>\n<td width=\"412\">Soplador<\/td>\n<\/tr>\n<tr>\n<td width=\"129\"><strong><b>Fuente de energ\u00eda<\/b><\/strong><\/td>\n<td width=\"412\">El\u00e9ctrico con cable<\/td>\n<\/tr>\n<tr>\n<td width=\"129\"><strong><b>Estilo<\/b><\/strong><\/td>\n<td width=\"412\">Industrial<\/td>\n<\/tr>\n<tr>\n<td width=\"129\"><strong><b>Dimensiones del producto<\/b><\/strong><\/td>\n<td width=\"412\">10 D x 10 A x 10 H mil\u00edmetros<\/td>\n<\/tr>\n<tr>\n<td width=\"129\"><strong><b>Reportaje especial<\/b><\/strong><\/td>\n<td width=\"412\">Wi-Fi activado<\/td>\n<\/tr>\n<tr>\n<td width=\"129\"><strong><b>Usos recomendados del producto<\/b><\/strong><\/td>\n<td width=\"412\">Circulaci\u00f3n de aire, ventilaci\u00f3n, secado, refrigeraci\u00f3n<\/td>\n<\/tr>\n<tr>\n<td width=\"129\"><strong><b>Tipo de acabado<\/b><\/strong><\/td>\n<td width=\"412\">Pintado<\/td>\n<\/tr>\n<tr>\n<td width=\"129\"><strong><b>Capacidad de caudal de aire<\/b><\/strong><\/td>\n<td width=\"412\">595 CMPH<\/td>\n<\/tr>\n<\/tbody>\n<\/table>\n<p>&nbsp;<\/p>\n<ul>\n<li>El ventilador de conducto inteligente para un clima ambiental perfecto: nuestro ventilador de conducto inteligente combina la \u00faltima tecnolog\u00eda con un dise\u00f1o f\u00e1cil de usar para ofrecerle una soluci\u00f3n de ventilaci\u00f3n eficaz y c\u00f3moda. Con una potente salida de aire de 595 m\u00b3\/h y un dise\u00f1o compacto de 150 mm, este extractor es ideal para su uso en invernaderos, garajes, ba\u00f1os y cocinas.<\/li>\n<li>Control inteligente mediante app y panel - El ventilador de tubo ofrece dos opciones de control flexibles: mediante la pr\u00e1ctica app para smartphone o el panel de control integrado, puedes ajustar f\u00e1cilmente la velocidad, la temperatura y la humedad. para ofrecerte una soluci\u00f3n de ventilaci\u00f3n eficiente y c\u00f3moda.<\/li>\n<li>Con control de temperatura y humedad: fije determinados valores de temperatura y humedad, y el ventilador se encender\u00e1 autom\u00e1ticamente a esos valores cuando la temperatura o la humedad de la habitaci\u00f3n alcancen o superen el valor que haya fijado. Ideal para invernaderos, garajes, ba\u00f1os y cocinas.<\/li>\n<li>\u00datil funci\u00f3n de temporizador: con la funci\u00f3n de temporizador, usted es flexible. Establezca un periodo de tiempo individual, por ejemplo, B. 30 minutos, y el ventilador seguir\u00e1 funcionando durante 30 minutos despu\u00e9s de apagarse, ideal para una ventilaci\u00f3n energ\u00e9ticamente eficiente.<\/li>\n<li>Vers\u00e1til - Ya sea en invernaderos, garajes, ba\u00f1os o cocinas, este ventilador es la soluci\u00f3n ideal para eliminar eficazmente la humedad, los olores y el aire viciado.<\/li>\n<\/ul>","protected":false},"excerpt":{"rendered":"<p>Brand Capture Colour 150 Mm App Controller Pipe Fan Electric fan design Blower Power source Corded Electric Style Industrial Product dimensions 10D x 10W x 10H millimetres Special feature Wi-Fi Enabled Recommended uses for product Air circulation, ventilating, ventilating, drying, cooling Finish type Painted Air flow capacity 595 CMPH &nbsp; The intelligent duct fan for &hellip;<\/p>\n<p class=\"read-more\"> <a class=\"\" href=\"https:\/\/www.fangofast.com\/es\/product\/150-mm-ec-air-extractor-with-app-panel-control\/\"> <span class=\"screen-reader-text\">Extractor de aire EC de 150 mm con App y Panel de Control<\/span> Leer m\u00e1s \u00bb<\/a><\/p>","protected":false},"featured_media":1200,"template":"","meta":{"site-sidebar-layout":"default","site-content-layout":"default","ast-global-header-display":"","ast-main-header-display":"","ast-hfb-above-header-display":"","ast-hfb-below-header-display":"","ast-hfb-mobile-header-display":"","site-post-title":"","ast-breadcrumbs-content":"","ast-featured-img":"","footer-sml-layout":"","theme-transparent-header-meta":"default","adv-header-id-meta":"","stick-header-meta":"","header-above-stick-meta":"","header-main-stick-meta":"","header-below-stick-meta":""},"product_cat":[36],"product_tag":[],"class_list":["post-1199","product","type-product","status-publish","has-post-thumbnail","hentry","product_cat-ec-motor-mixed-flow-inline-fan","desktop-align-left","tablet-align-left","mobile-align-left","ast-product-gallery-layout-vertical-slider","ast-product-tabs-layout-horizontal"],"_links":{"self":[{"href":"https:\/\/www.fangofast.com\/es\/wp-json\/wp\/v2\/product\/1199","targetHints":{"allow":["GET"]}}],"collection":[{"href":"https:\/\/www.fangofast.com\/es\/wp-json\/wp\/v2\/product"}],"about":[{"href":"https:\/\/www.fangofast.com\/es\/wp-json\/wp\/v2\/types\/product"}],"wp:featuredmedia":[{"embeddable":true,"href":"https:\/\/www.fangofast.com\/es\/wp-json\/wp\/v2\/media\/1200"}],"wp:attachment":[{"href":"https:\/\/www.fangofast.com\/es\/wp-json\/wp\/v2\/media?parent=1199"}],"wp:term":[{"taxonomy":"product_cat","embeddable":true,"href":"https:\/\/www.fangofast.com\/es\/wp-json\/wp\/v2\/product_cat?post=1199"},{"taxonomy":"product_tag","embeddable":true,"href":"https:\/\/www.fangofast.com\/es\/wp-json\/wp\/v2\/product_tag?post=1199"}],"curies":[{"name":"wp","href":"https:\/\/api.w.org\/{rel}","templated":true}]}}