{"id":1177,"date":"2025-03-20T10:18:08","date_gmt":"2025-03-20T02:18:08","guid":{"rendered":"https:\/\/www.fangofast.com\/?post_type=product&#038;p=1177"},"modified":"2025-03-20T10:39:00","modified_gmt":"2025-03-20T02:39:00","slug":"200mm-ec-tubular-fan-is-adjustable","status":"publish","type":"product","link":"https:\/\/www.fangofast.com\/es\/product\/200mm-ec-tubular-fan-is-adjustable\/","title":{"rendered":"Extractor de aire EC de 200 mm"},"content":{"rendered":"<table>\n<tbody>\n<tr>\n<td width=\"129\"><strong><b>Marca<\/b><\/strong><\/td>\n<td width=\"412\">Capture<\/td>\n<\/tr>\n<tr>\n<td width=\"129\"><strong><b>Color<\/b><\/strong><\/td>\n<td width=\"412\">Ventilador de tubo Ec de 200 Mm, regulable<\/td>\n<\/tr>\n<tr>\n<td width=\"129\"><strong><b>Dise\u00f1o de ventilador el\u00e9ctrico<\/b><\/strong><\/td>\n<td width=\"412\">Extractor<\/td>\n<\/tr>\n<tr>\n<td width=\"129\"><strong><b>Fuente de energ\u00eda<\/b><\/strong><\/td>\n<td width=\"412\">El\u00e9ctrico con cable<\/td>\n<\/tr>\n<tr>\n<td width=\"129\"><strong><b>Estilo<\/b><\/strong><\/td>\n<td width=\"412\">Ventilador de tubo EC de 200 mm, regulable<\/td>\n<\/tr>\n<tr>\n<td width=\"129\"><strong><b>Dimensiones del producto<\/b><\/strong><\/td>\n<td width=\"412\">36 cm de fondo x 31 cm de ancho x 28 cm de alto<\/td>\n<\/tr>\n<tr>\n<td width=\"129\"><strong><b>Tipo de habitaci\u00f3n<\/b><\/strong><\/td>\n<td width=\"412\">Todas las habitaciones<\/td>\n<\/tr>\n<tr>\n<td width=\"129\"><strong><b>Reportaje especial<\/b><\/strong><\/td>\n<td width=\"412\">Port\u00e1til<\/td>\n<\/tr>\n<tr>\n<td width=\"129\"><strong><b>Usos recomendados del producto<\/b><\/strong><\/td>\n<td width=\"412\">Circulaci\u00f3n del aire<\/td>\n<\/tr>\n<tr>\n<td width=\"129\"><strong><b>Tipo de acabado<\/b><\/strong><\/td>\n<td width=\"412\">Sin terminar<\/td>\n<\/tr>\n<\/tbody>\n<\/table>\n<p>&nbsp;<\/p>\n<ul>\n<li>POTENTE VENTILADOR DE TUBO Este ventilador de 200 mm es ideal para aplicaciones de ventilaci\u00f3n industrial, como ventiladores de techo y de paneles de yeso.<\/li>\n<li>F\u00e1cil manejo Con el c\u00f3modo mando a distancia, puede controlar el ventilador c\u00f3modamente.<\/li>\n<li>Polivalente: el ventilador puede funcionar tanto con 12 V como con 240 V.<\/li>\n<li>CONSTRUCCI\u00d3N DURADERA: Gracias a su robusto dise\u00f1o, este ventilador es ideal para su uso en exteriores.<\/li>\n<li>VENTILACI\u00d3N EFICAZ Con su alto rendimiento, el ventilador garantiza una ventilaci\u00f3n y aireaci\u00f3n eficaces de las estancias.<\/li>\n<\/ul>","protected":false},"excerpt":{"rendered":"<p>Brand Capture Colour 200 Mm Ec Pipe Fan, Adjustable Electric fan design Exhaust Fan Power source Corded Electric Style 200 mm EC pipe fan, adjustable Product dimensions 36D x 31W x 28H centimetres Room type All rooms Special feature Portable Recommended uses for product Air Circulation Finish type Unfinished &nbsp; POWERFUL PIPE FAN This 200mm &hellip;<\/p>\n<p class=\"read-more\"> <a class=\"\" href=\"https:\/\/www.fangofast.com\/es\/product\/200mm-ec-tubular-fan-is-adjustable\/\"> <span class=\"screen-reader-text\">Extractor de aire EC de 200 mm<\/span> Leer m\u00e1s \u00bb<\/a><\/p>","protected":false},"featured_media":1178,"template":"","meta":{"site-sidebar-layout":"default","site-content-layout":"default","ast-global-header-display":"","ast-main-header-display":"","ast-hfb-above-header-display":"","ast-hfb-below-header-display":"","ast-hfb-mobile-header-display":"","site-post-title":"","ast-breadcrumbs-content":"","ast-featured-img":"","footer-sml-layout":"","theme-transparent-header-meta":"default","adv-header-id-meta":"","stick-header-meta":"","header-above-stick-meta":"","header-main-stick-meta":"","header-below-stick-meta":""},"product_cat":[36],"product_tag":[],"class_list":["post-1177","product","type-product","status-publish","has-post-thumbnail","hentry","product_cat-ec-motor-mixed-flow-inline-fan","desktop-align-left","tablet-align-left","mobile-align-left","ast-product-gallery-layout-vertical-slider","ast-product-tabs-layout-horizontal"],"_links":{"self":[{"href":"https:\/\/www.fangofast.com\/es\/wp-json\/wp\/v2\/product\/1177","targetHints":{"allow":["GET"]}}],"collection":[{"href":"https:\/\/www.fangofast.com\/es\/wp-json\/wp\/v2\/product"}],"about":[{"href":"https:\/\/www.fangofast.com\/es\/wp-json\/wp\/v2\/types\/product"}],"wp:featuredmedia":[{"embeddable":true,"href":"https:\/\/www.fangofast.com\/es\/wp-json\/wp\/v2\/media\/1178"}],"wp:attachment":[{"href":"https:\/\/www.fangofast.com\/es\/wp-json\/wp\/v2\/media?parent=1177"}],"wp:term":[{"taxonomy":"product_cat","embeddable":true,"href":"https:\/\/www.fangofast.com\/es\/wp-json\/wp\/v2\/product_cat?post=1177"},{"taxonomy":"product_tag","embeddable":true,"href":"https:\/\/www.fangofast.com\/es\/wp-json\/wp\/v2\/product_tag?post=1177"}],"curies":[{"name":"wp","href":"https:\/\/api.w.org\/{rel}","templated":true}]}}