{"id":1157,"date":"2024-07-16T15:03:45","date_gmt":"2024-07-16T07:03:45","guid":{"rendered":"https:\/\/www.fangofast.com\/?post_type=product&#038;p=1157"},"modified":"2024-07-17T14:02:46","modified_gmt":"2024-07-17T06:02:46","slug":"thermometer","status":"publish","type":"product","link":"https:\/\/www.fangofast.com\/es\/product\/thermometer\/","title":{"rendered":"Term\u00f3metro"},"content":{"rendered":"","protected":false},"excerpt":{"rendered":"<p>Experimente la fusi\u00f3n de funcionalidad e innovaci\u00f3n con los accesorios hidrop\u00f3nicos de Fangofast. Nuestra amplia selecci\u00f3n, que incluye ventiladores en l\u00ednea de primer nivel y bolsas de cultivo eficientes, est\u00e1 dise\u00f1ada para satisfacer las necesidades matizadas del cultivo hidrop\u00f3nico. Aprovechando nuestra amplia experiencia, ofrecemos accesorios que no s\u00f3lo complementan sus sistemas, sino que tambi\u00e9n elevan el nivel de calidad y rendimiento.<\/p>","protected":false},"featured_media":1158,"template":"","meta":{"site-sidebar-layout":"default","site-content-layout":"default","ast-global-header-display":"","ast-main-header-display":"","ast-hfb-above-header-display":"","ast-hfb-below-header-display":"","ast-hfb-mobile-header-display":"","site-post-title":"","ast-breadcrumbs-content":"","ast-featured-img":"","footer-sml-layout":"","theme-transparent-header-meta":"default","adv-header-id-meta":"","stick-header-meta":"","header-above-stick-meta":"","header-main-stick-meta":"","header-below-stick-meta":""},"product_cat":[66],"product_tag":[],"class_list":["post-1157","product","type-product","status-publish","has-post-thumbnail","hentry","product_cat-thermometer","desktop-align-left","tablet-align-left","mobile-align-left","ast-product-gallery-layout-vertical-slider","ast-product-gallery-with-no-image","ast-product-tabs-layout-horizontal"],"_links":{"self":[{"href":"https:\/\/www.fangofast.com\/es\/wp-json\/wp\/v2\/product\/1157","targetHints":{"allow":["GET"]}}],"collection":[{"href":"https:\/\/www.fangofast.com\/es\/wp-json\/wp\/v2\/product"}],"about":[{"href":"https:\/\/www.fangofast.com\/es\/wp-json\/wp\/v2\/types\/product"}],"wp:featuredmedia":[{"embeddable":true,"href":"https:\/\/www.fangofast.com\/es\/wp-json\/wp\/v2\/media\/1158"}],"wp:attachment":[{"href":"https:\/\/www.fangofast.com\/es\/wp-json\/wp\/v2\/media?parent=1157"}],"wp:term":[{"taxonomy":"product_cat","embeddable":true,"href":"https:\/\/www.fangofast.com\/es\/wp-json\/wp\/v2\/product_cat?post=1157"},{"taxonomy":"product_tag","embeddable":true,"href":"https:\/\/www.fangofast.com\/es\/wp-json\/wp\/v2\/product_tag?post=1157"}],"curies":[{"name":"wp","href":"https:\/\/api.w.org\/{rel}","templated":true}]}}