{"id":1150,"date":"2024-07-16T11:58:37","date_gmt":"2024-07-16T03:58:37","guid":{"rendered":"https:\/\/www.fangofast.com\/?post_type=product&#038;p=1150"},"modified":"2024-07-16T11:58:39","modified_gmt":"2024-07-16T03:58:39","slug":"all-mesh-bag","status":"publish","type":"product","link":"https:\/\/www.fangofast.com\/es\/product\/all-mesh-bag\/","title":{"rendered":"Todo Bolsa de malla"},"content":{"rendered":"<div class=\"elementor-element elementor-element-2d5c1fa elementor-repeater-item-none elementor-repeater-item-none_hover elementor-widget elementor-widget-heading\" data-id=\"2d5c1fa\" data-element_type=\"widget\" data-widget_type=\"heading.default\">\n<div class=\"elementor-widget-container\">\n<h2 class=\"elementor-heading-title elementor-size-default\">Doble costura<\/h2>\n<p><img decoding=\"async\" class=\"size-medium wp-image-1140 alignright\" src=\"https:\/\/www.fangofast.com\/wp-content\/uploads\/2024\/07\/2-1-300x203.png\" alt=\"\" width=\"300\" height=\"203\" srcset=\"https:\/\/www.fangofast.com\/wp-content\/uploads\/2024\/07\/2-1-300x203.png 300w, https:\/\/www.fangofast.com\/wp-content\/uploads\/2024\/07\/2-1-18x12.png 18w, https:\/\/www.fangofast.com\/wp-content\/uploads\/2024\/07\/2-1.png 510w\" sizes=\"(max-width: 300px) 100vw, 300px\" \/><\/p>\n<\/div>\n<\/div>\n<div class=\"elementor-element elementor-element-1953575 elementor-repeater-item-none elementor-repeater-item-none_hover elementor-widget elementor-widget-text-editor\" data-id=\"1953575\" data-element_type=\"widget\" data-widget_type=\"text-editor.default\">\n<div class=\"elementor-widget-container\">\n<p>Experimente una durabilidad inigualable con nuestra t\u00e9cnica de doble costura. Cada<\/p>\n<p>La bolsa hash est\u00e1 meticulosamente elaborada con costuras reforzadas, lo que garantiza que<\/p>\n<p>soportar los rigores de un uso repetido. Esta robusta construcci\u00f3n garantiza<\/p>\n<p>rendimiento duradero, lo que convierte a nuestras bolsas en una opci\u00f3n fiable para grandes<\/p>\n<p>sesiones de extracci\u00f3n.<\/p>\n<hr \/>\n<div class=\"elementor-element elementor-element-1a87d9a elementor-repeater-item-none elementor-repeater-item-none_hover elementor-widget elementor-widget-heading\" data-id=\"1a87d9a\" data-element_type=\"widget\" data-widget_type=\"heading.default\">\n<div class=\"elementor-widget-container\">\n<h2 class=\"elementor-heading-title elementor-size-default\" style=\"text-align: right;\"><img decoding=\"async\" class=\"size-medium wp-image-1141 alignleft\" style=\"font-size: 16px; font-style: inherit; font-weight: inherit;\" src=\"https:\/\/www.fangofast.com\/wp-content\/uploads\/2024\/07\/1-1-300x203.png\" alt=\"\" width=\"300\" height=\"203\" srcset=\"https:\/\/www.fangofast.com\/wp-content\/uploads\/2024\/07\/1-1-300x203.png 300w, https:\/\/www.fangofast.com\/wp-content\/uploads\/2024\/07\/1-1-18x12.png 18w, https:\/\/www.fangofast.com\/wp-content\/uploads\/2024\/07\/1-1.png 510w\" sizes=\"(max-width: 300px) 100vw, 300px\" \/>Malla alimentaria<\/h2>\n<\/div>\n<\/div>\n<div class=\"elementor-element elementor-element-f50c014 elementor-repeater-item-none elementor-repeater-item-none_hover elementor-widget elementor-widget-text-editor\" data-id=\"f50c014\" data-element_type=\"widget\" data-widget_type=\"text-editor.default\">\n<div class=\"elementor-widget-container\">\n<p style=\"text-align: right;\">Seguridad y calidad van de la mano con nuestra malla de calidad alimentaria. Especialmente<\/p>\n<p style=\"text-align: right;\">Dise\u00f1ada para la pureza, nuestra malla no es t\u00f3xica ni contiene productos qu\u00edmicos nocivos,<\/p>\n<p style=\"text-align: right;\">garantizando que su hach\u00eds permanezca incontaminado y seguro para el consumo.<\/p>\n<p style=\"text-align: right;\">Ideal para quienes dan prioridad a la salud y la calidad en su proceso de extracci\u00f3n.<\/p>\n<hr \/>\n<div class=\"elementor-element elementor-element-4db6607 elementor-repeater-item-none elementor-repeater-item-none_hover elementor-widget elementor-widget-heading\" data-id=\"4db6607\" data-element_type=\"widget\" data-widget_type=\"heading.default\">\n<div class=\"elementor-widget-container\">\n<h2 class=\"elementor-heading-title elementor-size-default\">Tejido impermeable<img decoding=\"async\" class=\"size-medium wp-image-1142 alignright\" style=\"font-size: 16px; font-style: inherit; font-weight: inherit;\" src=\"https:\/\/www.fangofast.com\/wp-content\/uploads\/2024\/07\/3-1-300x203.png\" alt=\"\" width=\"300\" height=\"203\" srcset=\"https:\/\/www.fangofast.com\/wp-content\/uploads\/2024\/07\/3-1-300x203.png 300w, https:\/\/www.fangofast.com\/wp-content\/uploads\/2024\/07\/3-1-18x12.png 18w, https:\/\/www.fangofast.com\/wp-content\/uploads\/2024\/07\/3-1.png 510w\" sizes=\"(max-width: 300px) 100vw, 300px\" \/><\/h2>\n<\/div>\n<\/div>\n<div class=\"elementor-element elementor-element-b6d80f3 elementor-repeater-item-none elementor-repeater-item-none_hover elementor-widget elementor-widget-text-editor\" data-id=\"b6d80f3\" data-element_type=\"widget\" data-widget_type=\"text-editor.default\">\n<div class=\"elementor-widget-container\">\n<p>Nuestras bolsas de hach\u00eds cuentan con un tejido impermeable que ofrece una protecci\u00f3n superior y una f\u00e1cil<\/p>\n<p>mantenimiento. Este material impide eficazmente la penetraci\u00f3n de la humedad, garantizando<\/p>\n<p>su hach\u00eds permanece seco y preserva su calidad. La naturaleza impermeable tambi\u00e9n<\/p>\n<p>simplifica la limpieza, haciendo que la limpieza posterior a la extracci\u00f3n sea pan comido.<\/p>\n<hr \/>\n<\/div>\n<div class=\"elementor-element elementor-element-e7bf730 elementor-repeater-item-none elementor-repeater-item-none_hover elementor-widget elementor-widget-heading\" data-id=\"e7bf730\" data-element_type=\"widget\" data-widget_type=\"heading.default\">\n<div class=\"elementor-widget-container\">\n<h2 class=\"elementor-heading-title elementor-size-default\" style=\"text-align: right;\"><img decoding=\"async\" class=\"size-medium wp-image-1143 alignleft\" style=\"font-size: 16px; font-style: inherit; font-weight: inherit;\" src=\"https:\/\/www.fangofast.com\/wp-content\/uploads\/2024\/07\/4-1-300x203.png\" alt=\"\" width=\"300\" height=\"203\" srcset=\"https:\/\/www.fangofast.com\/wp-content\/uploads\/2024\/07\/4-1-300x203.png 300w, https:\/\/www.fangofast.com\/wp-content\/uploads\/2024\/07\/4-1-18x12.png 18w, https:\/\/www.fangofast.com\/wp-content\/uploads\/2024\/07\/4-1.png 510w\" sizes=\"(max-width: 300px) 100vw, 300px\" \/>Revestimiento ecol\u00f3gico<\/h2>\n<\/div>\n<\/div>\n<div class=\"elementor-element elementor-element-af2ec36 elementor-repeater-item-none elementor-repeater-item-none_hover elementor-widget elementor-widget-text-editor\" data-id=\"af2ec36\" data-element_type=\"widget\" data-widget_type=\"text-editor.default\">\n<div class=\"elementor-widget-container\">\n<p style=\"text-align: right;\">Adopte la sostenibilidad con nuestro revestimiento ecol\u00f3gico. Orientrise se compromete<\/p>\n<p style=\"text-align: right;\">a la responsabilidad medioambiental, y nuestras bolsas de hach\u00eds reflejan esta \u00e9tica. La eco<\/p>\n<p style=\"text-align: right;\">no s\u00f3lo aumenta la durabilidad de la bolsa, sino que tambi\u00e9n garantiza<\/p>\n<p style=\"text-align: right;\">m\u00ednimo impacto medioambiental, en consonancia con los valores de los<\/p>\n<p style=\"text-align: right;\">extractores.<\/p>\n<hr \/>\n<p>&nbsp;<\/p>\n<\/div>\n<\/div>\n<\/div>\n<\/div>\n<\/div>\n<\/div>\n<\/div>","protected":false},"excerpt":{"rendered":"<p>La All Mesh Hash Bag es el ep\u00edtome de la precisi\u00f3n y la calidad. Su construcci\u00f3n de malla completa permite la m\u00e1xima filtraci\u00f3n y pureza, garantizando que s\u00f3lo se recojan las part\u00edculas m\u00e1s finas. Esta bolsa es ideal para entendidos y profesionales que exigen el m\u00e1ximo nivel de claridad y potencia en su producci\u00f3n de hach\u00eds.<\/p>","protected":false},"featured_media":1151,"template":"","meta":{"site-sidebar-layout":"default","site-content-layout":"default","ast-global-header-display":"","ast-main-header-display":"","ast-hfb-above-header-display":"","ast-hfb-below-header-display":"","ast-hfb-mobile-header-display":"","site-post-title":"","ast-breadcrumbs-content":"","ast-featured-img":"","footer-sml-layout":"","theme-transparent-header-meta":"default","adv-header-id-meta":"","stick-header-meta":"","header-above-stick-meta":"","header-main-stick-meta":"","header-below-stick-meta":""},"product_cat":[64],"product_tag":[],"class_list":["post-1150","product","type-product","status-publish","has-post-thumbnail","hentry","product_cat-bubble-hash-bag","desktop-align-left","tablet-align-left","mobile-align-left","ast-product-gallery-layout-vertical-slider","ast-product-gallery-with-no-image","ast-product-tabs-layout-horizontal"],"_links":{"self":[{"href":"https:\/\/www.fangofast.com\/es\/wp-json\/wp\/v2\/product\/1150","targetHints":{"allow":["GET"]}}],"collection":[{"href":"https:\/\/www.fangofast.com\/es\/wp-json\/wp\/v2\/product"}],"about":[{"href":"https:\/\/www.fangofast.com\/es\/wp-json\/wp\/v2\/types\/product"}],"wp:featuredmedia":[{"embeddable":true,"href":"https:\/\/www.fangofast.com\/es\/wp-json\/wp\/v2\/media\/1151"}],"wp:attachment":[{"href":"https:\/\/www.fangofast.com\/es\/wp-json\/wp\/v2\/media?parent=1150"}],"wp:term":[{"taxonomy":"product_cat","embeddable":true,"href":"https:\/\/www.fangofast.com\/es\/wp-json\/wp\/v2\/product_cat?post=1150"},{"taxonomy":"product_tag","embeddable":true,"href":"https:\/\/www.fangofast.com\/es\/wp-json\/wp\/v2\/product_tag?post=1150"}],"curies":[{"name":"wp","href":"https:\/\/api.w.org\/{rel}","templated":true}]}}