{"id":1137,"date":"2024-07-16T10:31:54","date_gmt":"2024-07-16T02:31:54","guid":{"rendered":"https:\/\/www.fangofast.com\/?post_type=product&#038;p=1137"},"modified":"2024-07-17T14:40:02","modified_gmt":"2024-07-17T06:40:02","slug":"square-grow-bag","status":"publish","type":"product","link":"https:\/\/www.fangofast.com\/es\/product\/square-grow-bag\/","title":{"rendered":"Saco de cultivo cuadrado"},"content":{"rendered":"<div class=\"elementor-element elementor-element-dba1d63 elementor-repeater-item-none elementor-repeater-item-none_hover elementor-widget elementor-widget-heading\" data-id=\"dba1d63\" data-element_type=\"widget\" data-widget_type=\"heading.default\">\n<div class=\"elementor-widget-container\">\n<h2 class=\"elementor-heading-title elementor-size-default\" style=\"text-align: right;\">Pespunte de 5 hilos<\/h2>\n<\/div>\n<\/div>\n<div class=\"elementor-element elementor-element-28c867e elementor-repeater-item-none elementor-repeater-item-none_hover elementor-widget elementor-widget-text-editor\" data-id=\"28c867e\" data-element_type=\"widget\" data-widget_type=\"text-editor.default\">\n<div class=\"elementor-widget-container\">\n<p><img decoding=\"async\" class=\"size-medium wp-image-1133 alignleft\" style=\"text-align: right;\" src=\"https:\/\/www.fangofast.com\/wp-content\/uploads\/2024\/07\/grow-bag-f1-300x203.png\" alt=\"\" width=\"300\" height=\"203\" srcset=\"https:\/\/www.fangofast.com\/wp-content\/uploads\/2024\/07\/grow-bag-f1-300x203.png 300w, https:\/\/www.fangofast.com\/wp-content\/uploads\/2024\/07\/grow-bag-f1-18x12.png 18w, https:\/\/www.fangofast.com\/wp-content\/uploads\/2024\/07\/grow-bag-f1.png 510w\" sizes=\"(max-width: 300px) 100vw, 300px\" \/><\/p>\n<p style=\"text-align: right;\">Las bolsas de cultivo de Orientrise incorporan costura de bloqueo de 5 hilos, una robusta<\/p>\n<p style=\"text-align: right;\">t\u00e9cnica de construcci\u00f3n que mejora significativamente la<\/p>\n<p style=\"text-align: right;\">durabilidad y vida \u00fatil. Este avanzado m\u00e9todo de cosido garantiza<\/p>\n<p style=\"text-align: right;\">que las bolsas soportan los rigores del uso frecuente, lo que las convierte en un<\/p>\n<p style=\"text-align: right;\">elecci\u00f3n fiable para actividades hort\u00edcolas intensivas.<\/p>\n<\/div>\n<\/div>\n<hr \/>\n<div class=\"elementor-element elementor-element-28c867e elementor-repeater-item-none elementor-repeater-item-none_hover elementor-widget elementor-widget-text-editor\" data-id=\"28c867e\" data-element_type=\"widget\" data-widget_type=\"text-editor.default\">\n<div class=\"elementor-widget-container\">\n<div class=\"elementor-element elementor-element-ea81737 e-con-full e-flex elementor-repeater-item-default_padding elementor-repeater-item-none elementor-repeater-item-none_hover e-con e-child\" data-id=\"ea81737\" data-element_type=\"container\" data-settings=\"{&quot;content_width&quot;:&quot;full&quot;,&quot;ang_container_spacing_size&quot;:&quot;default_padding&quot;}\">\n<div class=\"elementor-element elementor-element-a8ba43f elementor-repeater-item-none elementor-repeater-item-none_hover elementor-widget elementor-widget-heading\" data-id=\"a8ba43f\" data-element_type=\"widget\" data-widget_type=\"heading.default\">\n<div class=\"elementor-widget-container\">\n<h2 class=\"elementor-heading-title elementor-size-default\">X Sharp Sewing<\/h2>\n<p><img decoding=\"async\" class=\"size-medium wp-image-1134 alignright\" style=\"font-style: inherit; font-weight: inherit;\" src=\"https:\/\/www.fangofast.com\/wp-content\/uploads\/2024\/07\/grow-bag-f2-300x203.png\" alt=\"\" width=\"300\" height=\"203\" srcset=\"https:\/\/www.fangofast.com\/wp-content\/uploads\/2024\/07\/grow-bag-f2-300x203.png 300w, https:\/\/www.fangofast.com\/wp-content\/uploads\/2024\/07\/grow-bag-f2-18x12.png 18w, https:\/\/www.fangofast.com\/wp-content\/uploads\/2024\/07\/grow-bag-f2.png 510w\" sizes=\"(max-width: 300px) 100vw, 300px\" \/><\/p>\n<\/div>\n<p style=\"font-size: 16px;\"><span style=\"font-size: 16px;\">Nuestra t\u00e9cnica de costura X Sharp ofrece precisi\u00f3n y refuerzo<\/span><\/p>\n<\/div>\n<div class=\"elementor-element elementor-element-cd5c669 elementor-repeater-item-none elementor-repeater-item-none_hover elementor-widget elementor-widget-text-editor\" data-id=\"cd5c669\" data-element_type=\"widget\" data-widget_type=\"text-editor.default\">\n<div class=\"elementor-widget-container\">\n<p>fuerza en cada costura. Este meticuloso enfoque de la costura<\/p>\n<\/div>\n<p>garantiza que cada saco de cultivo mantenga su forma e integridad bajo<\/p>\n<p>cargas pesadas, proporcionando<span style=\"font-size: 16px;\">t rendimiento y fiabilidad.<\/span><\/p>\n<p>&nbsp;<\/p>\n<\/div>\n<hr \/>\n<\/div>\n<div class=\"elementor-element elementor-element-ec9e07f e-con-full e-flex elementor-repeater-item-default_padding elementor-repeater-item-none elementor-repeater-item-none_hover e-con e-child\" data-id=\"ec9e07f\" data-element_type=\"container\" data-settings=\"{&quot;content_width&quot;:&quot;full&quot;,&quot;ang_container_spacing_size&quot;:&quot;default_padding&quot;}\">\n<div class=\"elementor-element elementor-element-45839ce external_elementor-repeater-item-none_external elementor-repeater-item-none elementor-repeater-item-none_hover elementor-widget elementor-widget-image\" data-id=\"45839ce\" data-element_type=\"widget\" data-widget_type=\"image.default\">\n<div class=\"elementor-element elementor-element-5bd6d76 elementor-repeater-item-none elementor-repeater-item-none_hover elementor-widget elementor-widget-heading\" data-id=\"5bd6d76\" data-element_type=\"widget\" data-widget_type=\"heading.default\">\n<div class=\"elementor-widget-container\">\n<h2 class=\"elementor-heading-title elementor-size-default\" style=\"text-align: right;\"><img decoding=\"async\" class=\"size-medium wp-image-1135 alignleft\" src=\"https:\/\/www.fangofast.com\/wp-content\/uploads\/2024\/07\/grow-bag-f3-300x203.png\" alt=\"\" width=\"300\" height=\"203\" srcset=\"https:\/\/www.fangofast.com\/wp-content\/uploads\/2024\/07\/grow-bag-f3-300x203.png 300w, https:\/\/www.fangofast.com\/wp-content\/uploads\/2024\/07\/grow-bag-f3-18x12.png 18w, https:\/\/www.fangofast.com\/wp-content\/uploads\/2024\/07\/grow-bag-f3.png 510w\" sizes=\"(max-width: 300px) 100vw, 300px\" \/>Asas robustas<\/h2>\n<\/div>\n<\/div>\n<div class=\"elementor-element elementor-element-7ba003c elementor-repeater-item-none elementor-repeater-item-none_hover elementor-widget elementor-widget-text-editor\" data-id=\"7ba003c\" data-element_type=\"widget\" data-widget_type=\"text-editor.default\">\n<div class=\"elementor-widget-container\" data-wp-editing=\"1\">\n<p style=\"text-align: right;\">Dise\u00f1adas con asas resistentes, nuestras bolsas de cultivo ofrecen facilidad de<\/p>\n<p style=\"text-align: right;\">movimiento y manejo. Las asas reforzadas est\u00e1n fabricadas para<\/p>\n<p style=\"text-align: right;\">soportar grandes pesos, lo que hace que el transporte de plantas<\/p>\n<p style=\"text-align: right;\">sin esfuerzo y eficaz tanto para jardineros como para cultivadores comerciales.<\/p>\n<\/div>\n<\/div>\n<\/div>\n<\/div>\n<\/div>\n<\/div>\n<p>&nbsp;<\/p>\n<hr \/>\n<div class=\"elementor-element elementor-element-28c867e elementor-repeater-item-none elementor-repeater-item-none_hover elementor-widget elementor-widget-text-editor\" data-id=\"28c867e\" data-element_type=\"widget\" data-widget_type=\"text-editor.default\">\n<div class=\"elementor-widget-container\">\n<div class=\"elementor-element elementor-element-ec9e07f e-con-full e-flex elementor-repeater-item-default_padding elementor-repeater-item-none elementor-repeater-item-none_hover e-con e-child\" data-id=\"ec9e07f\" data-element_type=\"container\" data-settings=\"{&quot;content_width&quot;:&quot;full&quot;,&quot;ang_container_spacing_size&quot;:&quot;default_padding&quot;}\">\n<div class=\"elementor-element elementor-element-45839ce external_elementor-repeater-item-none_external elementor-repeater-item-none elementor-repeater-item-none_hover elementor-widget elementor-widget-image\" data-id=\"45839ce\" data-element_type=\"widget\" data-widget_type=\"image.default\">\n<div class=\"elementor-element elementor-element-7ba003c elementor-repeater-item-none elementor-repeater-item-none_hover elementor-widget elementor-widget-text-editor\" data-id=\"7ba003c\" data-element_type=\"widget\" data-widget_type=\"text-editor.default\">\n<div class=\"elementor-widget-container\" data-wp-editing=\"1\">\n<div class=\"elementor-element elementor-element-1690c84 elementor-repeater-item-none elementor-repeater-item-none_hover elementor-widget elementor-widget-heading\" data-id=\"1690c84\" data-element_type=\"widget\" data-widget_type=\"heading.default\">\n<div class=\"elementor-widget-container\">\n<h2 class=\"elementor-heading-title elementor-size-default\">Fondo reforzado<img decoding=\"async\" class=\"size-medium wp-image-1136 alignright\" style=\"text-align: right; font-size: 16px; font-weight: 400;\" src=\"https:\/\/www.fangofast.com\/wp-content\/uploads\/2024\/07\/grow-bag-f4-300x203.png\" alt=\"\" width=\"300\" height=\"203\" srcset=\"https:\/\/www.fangofast.com\/wp-content\/uploads\/2024\/07\/grow-bag-f4-300x203.png 300w, https:\/\/www.fangofast.com\/wp-content\/uploads\/2024\/07\/grow-bag-f4-18x12.png 18w, https:\/\/www.fangofast.com\/wp-content\/uploads\/2024\/07\/grow-bag-f4.png 510w\" sizes=\"(max-width: 300px) 100vw, 300px\" \/><\/h2>\n<\/div>\n<\/div>\n<div class=\"elementor-element elementor-element-753ec9b elementor-repeater-item-none elementor-repeater-item-none_hover elementor-widget elementor-widget-text-editor\" data-id=\"753ec9b\" data-element_type=\"widget\" data-widget_type=\"text-editor.default\">\n<div class=\"elementor-widget-container\">\n<p>El fondo reforzado de nuestras bolsas de cultivo proporciona un<\/p>\n<p>estabilidad y sujeci\u00f3n. Esta caracter\u00edstica garantiza que las bolsas permanezcan<\/p>\n<p>erguidos y mantienen su forma, evitando la flacidez y la<\/p>\n<p>facilitando unas condiciones \u00f3ptimas de crecimiento de las plantas.<\/p>\n<hr \/>\n<\/div>\n<\/div>\n<\/div>\n<\/div>\n<\/div>\n<p>&nbsp;<\/p>\n<\/div>\n<\/div>\n<\/div>","protected":false},"excerpt":{"rendered":"<p>Caracter\u00edsticas avanzadas de nuestros sacos de cultivo<br \/>\nLas bolsas de cultivo de Fangofast est\u00e1n dise\u00f1adas con caracter\u00edsticas avanzadas para satisfacer las rigurosas demandas de los mayoristas y las marcas de horticultura. Haciendo hincapi\u00e9 en la calidad, la eficiencia y la sostenibilidad, nuestras bolsas incorporan materiales de vanguardia y dise\u00f1os innovadores. Estas caracter\u00edsticas garantizan la durabilidad, el crecimiento \u00f3ptimo de las plantas, y una fuerte representaci\u00f3n de su marca, lo que subraya nuestro compromiso de elevar su negocio en el mercado competitivo.<\/p>","protected":false},"featured_media":1138,"template":"","meta":{"site-sidebar-layout":"default","site-content-layout":"default","ast-global-header-display":"","ast-main-header-display":"","ast-hfb-above-header-display":"","ast-hfb-below-header-display":"","ast-hfb-mobile-header-display":"","site-post-title":"","ast-breadcrumbs-content":"","ast-featured-img":"","footer-sml-layout":"","theme-transparent-header-meta":"default","adv-header-id-meta":"","stick-header-meta":"","header-above-stick-meta":"","header-main-stick-meta":"","header-below-stick-meta":""},"product_cat":[63],"product_tag":[],"class_list":["post-1137","product","type-product","status-publish","has-post-thumbnail","hentry","product_cat-grow-bag","desktop-align-left","tablet-align-left","mobile-align-left","ast-product-gallery-layout-vertical-slider","ast-product-gallery-with-no-image","ast-product-tabs-layout-horizontal"],"_links":{"self":[{"href":"https:\/\/www.fangofast.com\/es\/wp-json\/wp\/v2\/product\/1137","targetHints":{"allow":["GET"]}}],"collection":[{"href":"https:\/\/www.fangofast.com\/es\/wp-json\/wp\/v2\/product"}],"about":[{"href":"https:\/\/www.fangofast.com\/es\/wp-json\/wp\/v2\/types\/product"}],"wp:featuredmedia":[{"embeddable":true,"href":"https:\/\/www.fangofast.com\/es\/wp-json\/wp\/v2\/media\/1138"}],"wp:attachment":[{"href":"https:\/\/www.fangofast.com\/es\/wp-json\/wp\/v2\/media?parent=1137"}],"wp:term":[{"taxonomy":"product_cat","embeddable":true,"href":"https:\/\/www.fangofast.com\/es\/wp-json\/wp\/v2\/product_cat?post=1137"},{"taxonomy":"product_tag","embeddable":true,"href":"https:\/\/www.fangofast.com\/es\/wp-json\/wp\/v2\/product_tag?post=1137"}],"curies":[{"name":"wp","href":"https:\/\/api.w.org\/{rel}","templated":true}]}}