{"id":1122,"date":"2024-07-15T17:50:28","date_gmt":"2024-07-15T09:50:28","guid":{"rendered":"https:\/\/www.fangofast.com\/?post_type=product&#038;p=1122"},"modified":"2024-07-17T11:27:16","modified_gmt":"2024-07-17T03:27:16","slug":"stackable-drying-rack","status":"publish","type":"product","link":"https:\/\/www.fangofast.com\/es\/product\/stackable-drying-rack\/","title":{"rendered":"Soporte de secado apilable"},"content":{"rendered":"<div class=\"elementor-element elementor-element-8f78dbb e-con-full elementor-repeater-item-none elementor-repeater-item-none_hover e-flex elementor-repeater-item-default_padding e-con e-child\" data-id=\"8f78dbb\" data-element_type=\"container\" data-settings=\"{&quot;content_width&quot;:&quot;full&quot;,&quot;ang_container_spacing_size&quot;:&quot;default_padding&quot;}\">\n<div class=\"elementor-element elementor-element-f9f9ae6 elementor-repeater-item-none elementor-repeater-item-none_hover elementor-widget elementor-widget-heading\" data-id=\"f9f9ae6\" data-element_type=\"widget\" data-widget_type=\"heading.default\">\n<div class=\"elementor-widget-container\">\n<hr \/>\n<h2 class=\"elementor-heading-title elementor-size-default\">Ganchos de velcro para colgar<\/h2>\n<\/div>\n<\/div>\n<div class=\"elementor-element elementor-element-7143f9d elementor-repeater-item-none elementor-repeater-item-none_hover elementor-widget elementor-widget-text-editor\" data-id=\"7143f9d\" data-element_type=\"widget\" data-widget_type=\"text-editor.default\">\n<div class=\"elementor-widget-container\">\n<p>Experimente una instalaci\u00f3n sin complicaciones con el secado de hierbas Orientrise<\/p>\n<p><img decoding=\"async\" class=\"alignright\" style=\"font-style: inherit; font-weight: inherit;\" src=\"https:\/\/www.fangofast.com\/wp-content\/uploads\/2024\/07\/dr-feature-1-300x203.png\" alt=\"\" width=\"300\" height=\"203\" \/><span style=\"font-size: 16px;\">equipados con ganchos de velcro para colgar. Dise\u00f1ados para facilitar y<\/span><\/p>\n<\/div>\n<p>seguridad, estos ganchos garantizan que sus rejillas de secado permanezcan firmemente en su sitio,<\/p>\n<p>proporcionando un entorno de secado estable y fiable para sus hierbas.<\/p>\n<\/div>\n<\/div>\n<div class=\"elementor-element elementor-element-446c44b e-con-full elementor-repeater-item-none elementor-repeater-item-none_hover e-flex elementor-repeater-item-default_padding e-con e-child\" data-id=\"446c44b\" data-element_type=\"container\" data-settings=\"{&quot;content_width&quot;:&quot;full&quot;,&quot;ang_container_spacing_size&quot;:&quot;default_padding&quot;}\">\n<div class=\"elementor-element elementor-element-2c485ac external_elementor-repeater-item-none_external elementor-repeater-item-none elementor-repeater-item-none_hover elementor-widget elementor-widget-image\" data-id=\"2c485ac\" data-element_type=\"widget\" data-widget_type=\"image.default\">\n<div class=\"elementor-element elementor-element-ac40c26 elementor-repeater-item-none elementor-repeater-item-none_hover elementor-widget elementor-widget-heading\" data-id=\"ac40c26\" data-element_type=\"widget\" data-widget_type=\"heading.default\">\n<div class=\"elementor-widget-container\">\n<hr \/>\n<h2 class=\"elementor-heading-title elementor-size-default\" style=\"text-align: right;\">Cubierta superior impermeable<\/h2>\n<\/div>\n<\/div>\n<div class=\"elementor-element elementor-element-908082b elementor-repeater-item-none elementor-repeater-item-none_hover elementor-widget elementor-widget-text-editor\" data-id=\"908082b\" data-element_type=\"widget\" data-widget_type=\"text-editor.default\">\n<div class=\"elementor-widget-container\">\n<p style=\"text-align: right;\">Orientrise eleva el secado de hierbas con cubiertas superiores impermeables,<\/p>\n<p style=\"text-align: right;\"><img decoding=\"async\" class=\"size-medium wp-image-1111 alignleft\" style=\"font-style: inherit; font-weight: inherit;\" src=\"https:\/\/www.fangofast.com\/wp-content\/uploads\/2024\/07\/dr-feature-3-300x203.png\" alt=\"\" width=\"300\" height=\"203\" srcset=\"https:\/\/www.fangofast.com\/wp-content\/uploads\/2024\/07\/dr-feature-3-300x203.png 300w, https:\/\/www.fangofast.com\/wp-content\/uploads\/2024\/07\/dr-feature-3-18x12.png 18w, https:\/\/www.fangofast.com\/wp-content\/uploads\/2024\/07\/dr-feature-3.png 510w\" sizes=\"(max-width: 300px) 100vw, 300px\" \/>para proteger las hierbas de la humedad y el exterior.<\/p>\n<p style=\"text-align: right;\">elementos. Esta caracter\u00edstica protectora mantiene el secado ideal<\/p>\n<p style=\"text-align: right;\">condiciones, preservando la calidad y la esencia de sus hierbas.<\/p>\n<hr \/>\n<div class=\"elementor-element elementor-element-a1b3b97 e-con-full elementor-repeater-item-none elementor-repeater-item-none_hover e-flex elementor-repeater-item-default_padding e-con e-child\" data-id=\"a1b3b97\" data-element_type=\"container\" data-settings=\"{&quot;content_width&quot;:&quot;full&quot;,&quot;ang_container_spacing_size&quot;:&quot;default_padding&quot;}\">\n<div class=\"elementor-element elementor-element-eb453f6 elementor-repeater-item-none elementor-repeater-item-none_hover elementor-widget elementor-widget-heading\" data-id=\"eb453f6\" data-element_type=\"widget\" data-widget_type=\"heading.default\">\n<div class=\"elementor-widget-container\">\n<h2 class=\"elementor-heading-title elementor-size-default\">Malla transpirable respetuosa con el medio ambiente<\/h2>\n<\/div>\n<\/div>\n<div class=\"elementor-element elementor-element-fdcc629 elementor-repeater-item-none elementor-repeater-item-none_hover elementor-widget elementor-widget-text-editor\" data-id=\"fdcc629\" data-element_type=\"widget\" data-widget_type=\"text-editor.default\">\n<div class=\"elementor-widget-container\">\n<p>Nuestros secadores de hierbas son ecol\u00f3gicos y transpirables.<\/p>\n<p>que favorece un flujo de aire \u00f3ptimo al tiempo que respeta el planeta.<\/p>\n<p>Este dise\u00f1o ecol\u00f3gico facilita un secado uniforme, preservando la<img decoding=\"async\" class=\"size-medium wp-image-1113 alignright\" style=\"font-style: inherit; font-weight: inherit;\" src=\"https:\/\/www.fangofast.com\/wp-content\/uploads\/2024\/07\/dr-feature-2-300x203.png\" alt=\"\" width=\"300\" height=\"203\" srcset=\"https:\/\/www.fangofast.com\/wp-content\/uploads\/2024\/07\/dr-feature-2-300x203.png 300w, https:\/\/www.fangofast.com\/wp-content\/uploads\/2024\/07\/dr-feature-2-18x12.png 18w, https:\/\/www.fangofast.com\/wp-content\/uploads\/2024\/07\/dr-feature-2.png 510w\" sizes=\"(max-width: 300px) 100vw, 300px\" \/><\/p>\n<p>propiedades naturales de sus hierbas, y garantizando la m\u00e1xima calidad en<\/p>\n<p>cada lote.<\/p>\n<\/div>\n<\/div>\n<\/div>\n<\/div>\n<\/div>\n<\/div>\n<\/div>\n<div class=\"elementor-element elementor-element-485e496 external_elementor-repeater-item-none_external elementor-repeater-item-none elementor-repeater-item-none_hover elementor-widget elementor-widget-image\" data-id=\"485e496\" data-element_type=\"widget\" data-widget_type=\"image.default\"><\/div>\n<div data-id=\"485e496\" data-element_type=\"widget\" data-widget_type=\"image.default\"><\/div>\n<div data-id=\"485e496\" data-element_type=\"widget\" data-widget_type=\"image.default\"><\/div>\n<div data-id=\"485e496\" data-element_type=\"widget\" data-widget_type=\"image.default\">\n<p>-<\/p>\n<hr \/>\n<\/div>\n<div data-id=\"485e496\" data-element_type=\"widget\" data-widget_type=\"image.default\"><\/div>","protected":false},"excerpt":{"rendered":"<p>Entre en el reino del secado avanzado de hierbas con los estantes de secado meticulosamente dise\u00f1ados de Fangofast. Adaptados a los altos est\u00e1ndares de los mayoristas y las marcas de horticultura, nuestros bastidores garantizan una circulaci\u00f3n de aire eficiente y condiciones \u00f3ptimas de secado. Con opciones personalizables y una construcci\u00f3n robusta, est\u00e1n construidos para dar cabida a una variedad de tipos de hierbas y vol\u00famenes. Ideales para preservar la calidad y maximizar el espacio, los estantes de secado de hierbas Fangofast son la fusi\u00f3n perfecta de practicidad y artesan\u00eda de primera calidad, estableciendo un nuevo est\u00e1ndar en la industria del secado de hierbas.<\/p>","protected":false},"featured_media":1124,"template":"","meta":{"site-sidebar-layout":"default","site-content-layout":"default","ast-global-header-display":"","ast-main-header-display":"","ast-hfb-above-header-display":"","ast-hfb-below-header-display":"","ast-hfb-mobile-header-display":"","site-post-title":"","ast-breadcrumbs-content":"","ast-featured-img":"","footer-sml-layout":"","theme-transparent-header-meta":"default","adv-header-id-meta":"","stick-header-meta":"","header-above-stick-meta":"","header-main-stick-meta":"","header-below-stick-meta":""},"product_cat":[60],"product_tag":[],"class_list":["post-1122","product","type-product","status-publish","has-post-thumbnail","hentry","product_cat-drying-rack","desktop-align-left","tablet-align-left","mobile-align-left","ast-product-gallery-layout-vertical-slider","ast-product-gallery-with-no-image","ast-product-tabs-layout-horizontal"],"_links":{"self":[{"href":"https:\/\/www.fangofast.com\/es\/wp-json\/wp\/v2\/product\/1122","targetHints":{"allow":["GET"]}}],"collection":[{"href":"https:\/\/www.fangofast.com\/es\/wp-json\/wp\/v2\/product"}],"about":[{"href":"https:\/\/www.fangofast.com\/es\/wp-json\/wp\/v2\/types\/product"}],"wp:featuredmedia":[{"embeddable":true,"href":"https:\/\/www.fangofast.com\/es\/wp-json\/wp\/v2\/media\/1124"}],"wp:attachment":[{"href":"https:\/\/www.fangofast.com\/es\/wp-json\/wp\/v2\/media?parent=1122"}],"wp:term":[{"taxonomy":"product_cat","embeddable":true,"href":"https:\/\/www.fangofast.com\/es\/wp-json\/wp\/v2\/product_cat?post=1122"},{"taxonomy":"product_tag","embeddable":true,"href":"https:\/\/www.fangofast.com\/es\/wp-json\/wp\/v2\/product_tag?post=1122"}],"curies":[{"name":"wp","href":"https:\/\/api.w.org\/{rel}","templated":true}]}}