{"id":1105,"date":"2024-07-15T16:41:19","date_gmt":"2024-07-15T08:41:19","guid":{"rendered":"https:\/\/www.fangofast.com\/?post_type=product&#038;p=1105"},"modified":"2024-07-17T10:56:42","modified_gmt":"2024-07-17T02:56:42","slug":"model-g2g2sh","status":"publish","type":"product","link":"https:\/\/www.fangofast.com\/es\/product\/model-g2g2sh\/","title":{"rendered":"Modelo-G2G2SH"},"content":{"rendered":"<p style=\"font-size: 16px; font-style: normal; font-weight: 400;\"><img decoding=\"async\" class=\"size-medium wp-image-1168 alignleft\" src=\"https:\/\/www.fangofast.com\/wp-content\/uploads\/2024\/07\/Untitled-design-300x300.png\" alt=\"\" width=\"300\" height=\"300\" srcset=\"https:\/\/www.fangofast.com\/wp-content\/uploads\/2024\/07\/Untitled-design-300x300.png 300w, https:\/\/www.fangofast.com\/wp-content\/uploads\/2024\/07\/Untitled-design-150x150.png 150w, https:\/\/www.fangofast.com\/wp-content\/uploads\/2024\/07\/Untitled-design-12x12.png 12w, https:\/\/www.fangofast.com\/wp-content\/uploads\/2024\/07\/Untitled-design-100x100.png 100w, https:\/\/www.fangofast.com\/wp-content\/uploads\/2024\/07\/Untitled-design.png 600w\" sizes=\"(max-width: 300px) 100vw, 300px\" \/><\/p>\n<p>&nbsp;<\/p>\n<p style=\"text-align: left;\"><strong>Personalizaci\u00f3n de estructuras<\/strong>: Dise\u00f1os adaptables para estructuras hidrop\u00f3nicas \u00fanicas<br \/>\n<strong>Personalizaci\u00f3n de tallas:<\/strong>\u00a0Dimensiones a medida para adaptarse a cualquier necesidad de espacio<br \/>\n<strong>Opciones de material textil:<\/strong>\u00a0Elija entre 210D, 600D, 1680D y 2000D para mayor durabilidad y rendimiento<br \/>\n<strong>Opciones de textura del tejido:<\/strong>\u00a0Las opciones incluyen Litchi, texturas Diamond y superficies brillantes White PU<br \/>\n<strong>Personalizaci\u00f3n del color del ribete de la tienda:<\/strong>\u00a0Colores est\u00e1ndar y a medida para un toque personalizado<br \/>\n<strong>Aberturas de ventilaci\u00f3n personalizables:<\/strong>\u00a0Mangas simples o dobles para un flujo de aire \u00f3ptimo<br \/>\n<strong>Opciones de color del poste del marco:<\/strong>\u00a0Blanco, verde, negro o colores personalizados para una alineaci\u00f3n est\u00e9tica<br \/>\n<strong>Personalizaci\u00f3n del di\u00e1metro del poste del marco:<\/strong>\u00a0Elija entre \u03a616 mm, \u03a619 mm y \u03a625 mm para la integridad estructural.<br \/>\n<strong>Opciones de marca:<\/strong>\u00a0Incorpore su marca con logotipos y colores personalizados<\/p>","protected":false},"excerpt":{"rendered":"<p>180*180*200cm(72*72*80in)<\/p>\n<p>200*200*200cm(80*80*80in)<\/p>\n<p>240*240*200cm(96*96*80in)<\/p>\n<p>300*300*200cm(120*120*80cm)<\/p>","protected":false},"featured_media":1106,"template":"","meta":{"site-sidebar-layout":"default","site-content-layout":"default","ast-global-header-display":"","ast-main-header-display":"","ast-hfb-above-header-display":"","ast-hfb-below-header-display":"","ast-hfb-mobile-header-display":"","site-post-title":"","ast-breadcrumbs-content":"","ast-featured-img":"","footer-sml-layout":"","theme-transparent-header-meta":"default","adv-header-id-meta":"","stick-header-meta":"","header-above-stick-meta":"","header-main-stick-meta":"","header-below-stick-meta":""},"product_cat":[58],"product_tag":[],"class_list":["post-1105","product","type-product","status-publish","has-post-thumbnail","hentry","product_cat-grow-tent","desktop-align-left","tablet-align-left","mobile-align-left","ast-product-gallery-layout-vertical-slider","ast-product-gallery-with-no-image","ast-product-tabs-layout-horizontal"],"_links":{"self":[{"href":"https:\/\/www.fangofast.com\/es\/wp-json\/wp\/v2\/product\/1105","targetHints":{"allow":["GET"]}}],"collection":[{"href":"https:\/\/www.fangofast.com\/es\/wp-json\/wp\/v2\/product"}],"about":[{"href":"https:\/\/www.fangofast.com\/es\/wp-json\/wp\/v2\/types\/product"}],"wp:featuredmedia":[{"embeddable":true,"href":"https:\/\/www.fangofast.com\/es\/wp-json\/wp\/v2\/media\/1106"}],"wp:attachment":[{"href":"https:\/\/www.fangofast.com\/es\/wp-json\/wp\/v2\/media?parent=1105"}],"wp:term":[{"taxonomy":"product_cat","embeddable":true,"href":"https:\/\/www.fangofast.com\/es\/wp-json\/wp\/v2\/product_cat?post=1105"},{"taxonomy":"product_tag","embeddable":true,"href":"https:\/\/www.fangofast.com\/es\/wp-json\/wp\/v2\/product_tag?post=1105"}],"curies":[{"name":"wp","href":"https:\/\/api.w.org\/{rel}","templated":true}]}}