{"id":801,"date":"2024-05-25T11:38:19","date_gmt":"2024-05-25T03:38:19","guid":{"rendered":"http:\/\/www.fangofast.com\/?post_type=product&#038;p=801"},"modified":"2024-05-25T11:38:19","modified_gmt":"2024-05-25T03:38:19","slug":"ceiling-register-5","status":"publish","type":"product","link":"https:\/\/www.fangofast.com\/de\/product\/ceiling-register-5\/","title":{"rendered":"Deckenregister"},"content":{"rendered":"<table>\n<tbody>\n<tr>\n<td width=\"281\">Hersteller<\/td>\n<td width=\"281\">FanGoFast<\/td>\n<\/tr>\n<tr>\n<td width=\"281\">Produkt Abmessungen<\/td>\n<td width=\"281\">25,4 x 15,24 x 3,99 cm; 340 g<\/td>\n<\/tr>\n<tr>\n<td width=\"281\">Modellnummer des Artikels<\/td>\n<td width=\"281\">10\u00d76<\/td>\n<\/tr>\n<tr>\n<td width=\"281\">Gr\u00f6\u00dfe<\/td>\n<td width=\"281\">10\u00d76<\/td>\n<\/tr>\n<tr>\n<td width=\"281\">Farbe<\/td>\n<td width=\"281\">Off-white<\/td>\n<\/tr>\n<tr>\n<td width=\"281\">Material<\/td>\n<td width=\"281\">ABS-Kunststoff<\/td>\n<\/tr>\n<tr>\n<td width=\"281\">Enthaltene Komponenten<\/td>\n<td width=\"281\">1\u00d7Deckenregister, 2\u00d7Schrauben<\/td>\n<\/tr>\n<tr>\n<td width=\"281\">Batterien enthalten?<\/td>\n<td width=\"281\">Nein<\/td>\n<\/tr>\n<tr>\n<td width=\"281\">Batterien erforderlich?<\/td>\n<td width=\"281\">Nein<\/td>\n<\/tr>\n<tr>\n<td width=\"281\">Artikel Gewicht<\/td>\n<td width=\"281\">340 g<\/td>\n<\/tr>\n<\/tbody>\n<\/table>\n<p>&nbsp;<\/p>\n<p>&nbsp;<\/p>\n<ul>\n<li>Vent Cover Produktgr\u00f6\u00dfe: Bitte \u00fcberpr\u00fcfen Sie vor dem Kauf die Gr\u00f6\u00dfe Ihres quadratischen L\u00fcftungsrohrs. Vergewissern Sie sich, dass Ihre Abmessungen mit den Abmessungen unseres hinteren Kanals \u00fcbereinstimmen. Panel Gr\u00f6\u00dfe: 31cmx19.5cm (12inch x 7.7inch); Hintere Kanalgr\u00f6\u00dfe: 24.5cmx14.5cm (9.65inch x 5.7inch); Kanalh\u00f6he: 3.5cm \/ 1.4inch.Verpackt mit zwei Schrauben (Bitte \u00fcberpr\u00fcfen Sie vor der Installation).Die Vent Cover Farbe ist zuf\u00e4llig, im Gegensatz zu reinen wei\u00dfen, aber es geh\u00f6rt zu den wei\u00dfen Bereich.<\/li>\n<li>ABS-Kunststoff-L\u00fcftungs\u00f6ffnungen: Die Registers Grilles L\u00fcftungsabdeckung ist aus hochwertigem ABS-Kunststoff gefertigt. Dekoriert Ihren Raum mit glatter und gl\u00e4nzender Oberfl\u00e4che, auch leicht zu reinigen.<\/li>\n<li>3-Wege-Design: Die \u00d6ffnungsgitterabdeckungen sind 3-Wege-Design, Luft bl\u00e4st in drei Richtungen mit manueller Einstellung.<\/li>\n<li>Manueller Einsteller: Auf der rechten Seite der Registrierkasse befindet sich ein manueller Einsteller, den Sie zum Einstellen nach oben oder unten dr\u00fccken k\u00f6nnen.<\/li>\n<li>Bel\u00fcftungssystem. Ideal als Abdeckung f\u00fcr Einlass\u00f6ffnungen, um schlechte Luft, Ger\u00fcche und Gestank nach au\u00dfen zu leiten.<\/li>\n<\/ul>","protected":false},"excerpt":{"rendered":"<p>Manufacturer \u200eFanGoFast Product Dimensions \u200e25.4 x 15.24 x 3.99 cm; 340 g Item model number \u200e10\u00d76 Size \u200e10\u00d76 Colour \u200eOff-white Material \u200eABS plastic Included Components \u200e1\u00d7Ceiling Register , 2\u00d7Screws Batteries included? \u200eNo Batteries Required? \u200eNo Item Weight \u200e340 g &nbsp; &nbsp; Vent Cover Product Size: Please check the Registers Vents size of your square duct &hellip;<\/p>\n<p class=\"read-more\"> <a class=\"\" href=\"https:\/\/www.fangofast.com\/de\/product\/ceiling-register-5\/\"> <span class=\"screen-reader-text\">Deckenregister<\/span> Read More \u00bb<\/a><\/p>","protected":false},"featured_media":807,"template":"","meta":{"site-sidebar-layout":"default","site-content-layout":"default","ast-global-header-display":"","ast-main-header-display":"","ast-hfb-above-header-display":"","ast-hfb-below-header-display":"","ast-hfb-mobile-header-display":"","site-post-title":"","ast-breadcrumbs-content":"","ast-featured-img":"","footer-sml-layout":"","theme-transparent-header-meta":"default","adv-header-id-meta":"","stick-header-meta":"","header-above-stick-meta":"","header-main-stick-meta":"","header-below-stick-meta":""},"product_cat":[49],"product_tag":[],"class_list":["post-801","product","type-product","status-publish","has-post-thumbnail","hentry","product_cat-ceiling-register","desktop-align-left","tablet-align-left","mobile-align-left","ast-product-gallery-layout-vertical-slider","ast-product-tabs-layout-horizontal"],"_links":{"self":[{"href":"https:\/\/www.fangofast.com\/de\/wp-json\/wp\/v2\/product\/801","targetHints":{"allow":["GET"]}}],"collection":[{"href":"https:\/\/www.fangofast.com\/de\/wp-json\/wp\/v2\/product"}],"about":[{"href":"https:\/\/www.fangofast.com\/de\/wp-json\/wp\/v2\/types\/product"}],"wp:featuredmedia":[{"embeddable":true,"href":"https:\/\/www.fangofast.com\/de\/wp-json\/wp\/v2\/media\/807"}],"wp:attachment":[{"href":"https:\/\/www.fangofast.com\/de\/wp-json\/wp\/v2\/media?parent=801"}],"wp:term":[{"taxonomy":"product_cat","embeddable":true,"href":"https:\/\/www.fangofast.com\/de\/wp-json\/wp\/v2\/product_cat?post=801"},{"taxonomy":"product_tag","embeddable":true,"href":"https:\/\/www.fangofast.com\/de\/wp-json\/wp\/v2\/product_tag?post=801"}],"curies":[{"name":"wp","href":"https:\/\/api.w.org\/{rel}","templated":true}]}}