{"id":798,"date":"2024-05-25T11:37:55","date_gmt":"2024-05-25T03:37:55","guid":{"rendered":"http:\/\/www.fangofast.com\/?post_type=product&#038;p=798"},"modified":"2024-05-25T11:37:55","modified_gmt":"2024-05-25T03:37:55","slug":"ceiling-register-4","status":"publish","type":"product","link":"https:\/\/www.fangofast.com\/de\/product\/ceiling-register-4\/","title":{"rendered":"Deckenregister"},"content":{"rendered":"<table>\n<tbody>\n<tr>\n<td width=\"279\">Hersteller<\/td>\n<td width=\"279\">FanGoFast<\/td>\n<\/tr>\n<tr>\n<td width=\"279\">Teil Nummer<\/td>\n<td width=\"279\">3SW<\/td>\n<\/tr>\n<tr>\n<td width=\"279\">Produkt Abmessungen<\/td>\n<td width=\"279\">30,48 x 3,81 x 25,4 cm; 408 g<\/td>\n<\/tr>\n<tr>\n<td width=\"279\">Modellnummer des Artikels<\/td>\n<td width=\"279\">3SW<\/td>\n<\/tr>\n<tr>\n<td width=\"279\">Gr\u00f6\u00dfe<\/td>\n<td width=\"279\">10\u00d78<\/td>\n<\/tr>\n<tr>\n<td width=\"279\">Farbe<\/td>\n<td width=\"279\">Warmes Wei\u00df<\/td>\n<\/tr>\n<tr>\n<td width=\"279\">Enthaltene Komponenten<\/td>\n<td width=\"279\">1\u00d7Deckenregister, 2\u00d7Schrauben<\/td>\n<\/tr>\n<tr>\n<td width=\"279\">Batterien enthalten?<\/td>\n<td width=\"279\">Nein<\/td>\n<\/tr>\n<tr>\n<td width=\"279\">Batterien erforderlich?<\/td>\n<td width=\"279\">Nein<\/td>\n<\/tr>\n<tr>\n<td width=\"279\">Artikel Gewicht<\/td>\n<td width=\"279\">408 g<\/td>\n<\/tr>\n<\/tbody>\n<\/table>\n<p>&nbsp;<\/p>\n<ul>\n<li>Produktgr\u00f6\u00dfe: Bitte \u00fcberpr\u00fcfen Sie vor dem Kauf die Gr\u00f6\u00dfe Ihres quadratischen Kanals. Vergewissern Sie sich, dass Ihre Abmessungen mit den Abmessungen unseres hinteren Kanals \u00fcbereinstimmen. Plattengr\u00f6\u00dfe: 298mm x 249mm (11.75inch x 9.8inch); Gr\u00f6\u00dfe des hinteren Kanals: 246cm x 195mm (9.7inch x 7.65inch); Kanalh\u00f6he: 34mm \/ 1.35inch).Verpackt mit zwei Schrauben (bitte vor der Installation \u00fcberpr\u00fcfen).<\/li>\n<li>ABS-Kunststoff: Die L\u00fcftungsabdeckung ist aus hochwertigem ABS-Kunststoff gefertigt. Dekoriert Ihren Raum mit glatter und gl\u00e4nzender Oberfl\u00e4che, auch leicht zu reinigen.<\/li>\n<li>3-Wege-Design: Die \u00d6ffnungsgitterabdeckungen sind 3-Wege-Design, Luft bl\u00e4st in drei Richtungen mit manueller Einstellung.<\/li>\n<li>Manueller Einsteller: Auf der rechten Seite der Registrierkasse befindet sich ein manueller Einsteller, den Sie zum Einstellen nach oben oder unten dr\u00fccken k\u00f6nnen.<\/li>\n<li>Breite Anwendung: Decken- \/ Seitenwandmontage ist erlaubt, um Ihre HVAC, L\u00fcftungsanlage zu verbinden. Ideal als Einlass Entl\u00fcftung Abdeckung schlechte Luft, Ger\u00fcche, Ger\u00fcche nach au\u00dfen zu ersch\u00f6pfen.<\/li>\n<\/ul>","protected":false},"excerpt":{"rendered":"<p>Manufacturer \u200eFanGoFast Part Number \u200e3SW Product Dimensions \u200e30.48 x 3.81 x 25.4 cm; 408 g Item model number \u200e3SW Size \u200e10\u00d78 Colour \u200eWarm White Included Components \u200e1\u00d7Ceiling Register , 2\u00d7Screws Batteries included? \u200eNo Batteries Required? \u200eNo Item Weight \u200e408 g &nbsp; Product Size: Please check the size of your square duct before purchasing. Make sure &hellip;<\/p>\n<p class=\"read-more\"> <a class=\"\" href=\"https:\/\/www.fangofast.com\/de\/product\/ceiling-register-4\/\"> <span class=\"screen-reader-text\">Deckenregister<\/span> Read More \u00bb<\/a><\/p>","protected":false},"featured_media":799,"template":"","meta":{"site-sidebar-layout":"default","site-content-layout":"default","ast-global-header-display":"","ast-main-header-display":"","ast-hfb-above-header-display":"","ast-hfb-below-header-display":"","ast-hfb-mobile-header-display":"","site-post-title":"","ast-breadcrumbs-content":"","ast-featured-img":"","footer-sml-layout":"","theme-transparent-header-meta":"default","adv-header-id-meta":"","stick-header-meta":"","header-above-stick-meta":"","header-main-stick-meta":"","header-below-stick-meta":""},"product_cat":[49],"product_tag":[],"class_list":["post-798","product","type-product","status-publish","has-post-thumbnail","hentry","product_cat-ceiling-register","desktop-align-left","tablet-align-left","mobile-align-left","ast-product-gallery-layout-vertical-slider","ast-product-tabs-layout-horizontal"],"_links":{"self":[{"href":"https:\/\/www.fangofast.com\/de\/wp-json\/wp\/v2\/product\/798","targetHints":{"allow":["GET"]}}],"collection":[{"href":"https:\/\/www.fangofast.com\/de\/wp-json\/wp\/v2\/product"}],"about":[{"href":"https:\/\/www.fangofast.com\/de\/wp-json\/wp\/v2\/types\/product"}],"wp:featuredmedia":[{"embeddable":true,"href":"https:\/\/www.fangofast.com\/de\/wp-json\/wp\/v2\/media\/799"}],"wp:attachment":[{"href":"https:\/\/www.fangofast.com\/de\/wp-json\/wp\/v2\/media?parent=798"}],"wp:term":[{"taxonomy":"product_cat","embeddable":true,"href":"https:\/\/www.fangofast.com\/de\/wp-json\/wp\/v2\/product_cat?post=798"},{"taxonomy":"product_tag","embeddable":true,"href":"https:\/\/www.fangofast.com\/de\/wp-json\/wp\/v2\/product_tag?post=798"}],"curies":[{"name":"wp","href":"https:\/\/api.w.org\/{rel}","templated":true}]}}