{"id":786,"date":"2024-05-25T11:37:05","date_gmt":"2024-05-25T03:37:05","guid":{"rendered":"http:\/\/www.fangofast.com\/?post_type=product&#038;p=786"},"modified":"2024-05-25T11:37:07","modified_gmt":"2024-05-25T03:37:07","slug":"ceiling-register-3","status":"publish","type":"product","link":"https:\/\/www.fangofast.com\/de\/product\/ceiling-register-3\/","title":{"rendered":"Deckenregister"},"content":{"rendered":"<table>\n<tbody>\n<tr>\n<td width=\"273\">Hersteller<\/td>\n<td width=\"274\">FanGoFast<\/td>\n<\/tr>\n<tr>\n<td width=\"273\">Produkt Abmessungen<\/td>\n<td width=\"274\">25,4 x 15,24 x 3,99 cm; 372 g<\/td>\n<\/tr>\n<tr>\n<td width=\"273\">Modellnummer des Artikels<\/td>\n<td width=\"274\">12*6<\/td>\n<\/tr>\n<tr>\n<td width=\"273\">Gr\u00f6\u00dfe<\/td>\n<td width=\"274\">12\u00d76<\/td>\n<\/tr>\n<tr>\n<td width=\"273\">Farbe<\/td>\n<td width=\"274\">Wei\u00df<\/td>\n<\/tr>\n<tr>\n<td width=\"273\">Stil<\/td>\n<td width=\"274\">Modern<\/td>\n<\/tr>\n<tr>\n<td width=\"273\">Material<\/td>\n<td width=\"274\">Kunststoff, Acrylnitril-Butadien-Styrol<\/td>\n<\/tr>\n<tr>\n<td width=\"273\">Wattleistung<\/td>\n<td width=\"274\">5 Watt<\/td>\n<\/tr>\n<tr>\n<td width=\"273\">L\u00e4nge der Klinge<\/td>\n<td width=\"274\">3 Zoll<\/td>\n<\/tr>\n<tr>\n<td width=\"273\">Enthaltene Komponenten<\/td>\n<td width=\"274\">Kabel<\/td>\n<\/tr>\n<tr>\n<td width=\"273\">Batterien enthalten?<\/td>\n<td width=\"274\">Nein<\/td>\n<\/tr>\n<tr>\n<td width=\"273\">Batterien erforderlich?<\/td>\n<td width=\"274\">Nein<\/td>\n<\/tr>\n<tr>\n<td width=\"273\">Artikel Gewicht<\/td>\n<td width=\"274\">372 g<\/td>\n<\/tr>\n<\/tbody>\n<\/table>\n<p>&nbsp;<\/p>\n<ul>\n<li>Air Vent Produktgr\u00f6\u00dfe: Bitte pr\u00fcfen Sie vor dem Kauf die Gr\u00f6\u00dfe des Deckenregisters Ihres quadratischen Kanals. Vergewissern Sie sich, dass Ihre Abmessungen mit den Abmessungen unseres hinteren Kanals \u00fcbereinstimmen. Panel Gr\u00f6\u00dfe: 34.9cm x 20.2cm (13.75inch x 7.95inch); Hintere Kanalgr\u00f6\u00dfe: 29.6cm x 14.6cm (11.65inch x 5.75inch); Kanalh\u00f6he: 3.4cm \/ 1.35inch).Verpackt mit zwei Schrauben (Bitte \u00fcberpr\u00fcfen Sie vor der Installation).Die Vent Cover Farbe ist zuf\u00e4llig, im Gegensatz zu reinen wei\u00dfen, aber es geh\u00f6rt zu den wei\u00dfen Bereich. Und bitte beachten Sie, dass das Material der Decke Entl\u00fcftung ist Kunststoff, bitte kaufen Sie nach Bedarf.<\/li>\n<li>ABS-Kunststoff-Luftauslass: Die Auslassabdeckungen sind aus hochwertigem ABS-Kunststoff hergestellt. Dekoriert Ihr Zimmer mit glatten und gl\u00e4nzenden Oberfl\u00e4che, auch leicht zu reinigen.<\/li>\n<li>3-Wege-Design L\u00fcftungsabdeckung: Die \u00d6ffnungsgitterabdeckungen sind 3-Wege-Design, Luft bl\u00e4st in drei Richtungen mit manueller Einstellung.<\/li>\n<li>Manueller Einsteller: Auf der rechten Seite der Registrierkasse befindet sich ein manueller Einsteller, den Sie zum Einstellen nach oben oder unten dr\u00fccken k\u00f6nnen.<\/li>\n<li>Breite Anwendung: Decken- \/ Seitenwandmontage ist erlaubt, um Ihre HVAC, L\u00fcftungsanlage zu verbinden. Ideal als Einlass Entl\u00fcftung Abdeckung schlechte Luft, Ger\u00fcche, Ger\u00fcche nach au\u00dfen zu ersch\u00f6pfen.<\/li>\n<\/ul>","protected":false},"excerpt":{"rendered":"<p>Manufacturer \u200eFanGoFast Product Dimensions \u200e25.4 x 15.24 x 3.99 cm; 372 g Item model number \u200e12*6 Size \u200e12\u00d76 Colour \u200eWhite Style \u200eModern Material \u200ePlastic, Acrylonitrile Butadiene Styrene Wattage \u200e5 watts Blade length \u200e3 Inches Included Components \u200eCord Batteries included? \u200eNo Batteries Required? \u200eNo Item Weight \u200e372 g &nbsp; Air Vent Product Size: Please check the &hellip;<\/p>\n<p class=\"read-more\"> <a class=\"\" href=\"https:\/\/www.fangofast.com\/de\/product\/ceiling-register-3\/\"> <span class=\"screen-reader-text\">Deckenregister<\/span> Read More \u00bb<\/a><\/p>","protected":false},"featured_media":789,"template":"","meta":{"site-sidebar-layout":"default","site-content-layout":"default","ast-global-header-display":"","ast-main-header-display":"","ast-hfb-above-header-display":"","ast-hfb-below-header-display":"","ast-hfb-mobile-header-display":"","site-post-title":"","ast-breadcrumbs-content":"","ast-featured-img":"","footer-sml-layout":"","theme-transparent-header-meta":"default","adv-header-id-meta":"","stick-header-meta":"","header-above-stick-meta":"","header-main-stick-meta":"","header-below-stick-meta":""},"product_cat":[49],"product_tag":[],"class_list":["post-786","product","type-product","status-publish","has-post-thumbnail","hentry","product_cat-ceiling-register","desktop-align-left","tablet-align-left","mobile-align-left","ast-product-gallery-layout-vertical-slider","ast-product-tabs-layout-horizontal"],"_links":{"self":[{"href":"https:\/\/www.fangofast.com\/de\/wp-json\/wp\/v2\/product\/786","targetHints":{"allow":["GET"]}}],"collection":[{"href":"https:\/\/www.fangofast.com\/de\/wp-json\/wp\/v2\/product"}],"about":[{"href":"https:\/\/www.fangofast.com\/de\/wp-json\/wp\/v2\/types\/product"}],"wp:featuredmedia":[{"embeddable":true,"href":"https:\/\/www.fangofast.com\/de\/wp-json\/wp\/v2\/media\/789"}],"wp:attachment":[{"href":"https:\/\/www.fangofast.com\/de\/wp-json\/wp\/v2\/media?parent=786"}],"wp:term":[{"taxonomy":"product_cat","embeddable":true,"href":"https:\/\/www.fangofast.com\/de\/wp-json\/wp\/v2\/product_cat?post=786"},{"taxonomy":"product_tag","embeddable":true,"href":"https:\/\/www.fangofast.com\/de\/wp-json\/wp\/v2\/product_tag?post=786"}],"curies":[{"name":"wp","href":"https:\/\/api.w.org\/{rel}","templated":true}]}}