{"id":775,"date":"2024-05-25T11:36:59","date_gmt":"2024-05-25T03:36:59","guid":{"rendered":"http:\/\/www.fangofast.com\/?post_type=product&#038;p=775"},"modified":"2024-05-25T11:37:00","modified_gmt":"2024-05-25T03:37:00","slug":"ceiling-register-2","status":"publish","type":"product","link":"https:\/\/www.fangofast.com\/de\/product\/ceiling-register-2\/","title":{"rendered":"Deckenregister"},"content":{"rendered":"<table>\n<tbody>\n<tr>\n<td width=\"277\">Hersteller<\/td>\n<td width=\"278\">FanGoFast<\/td>\n<\/tr>\n<tr>\n<td width=\"277\">Teil Nummer<\/td>\n<td width=\"278\">JSFKB-4\u00d710-3P-US<\/td>\n<\/tr>\n<tr>\n<td width=\"277\">Produkt Abmessungen<\/td>\n<td width=\"278\">25,4 x 10,16 x 3,05 cm; 1,36 kg<\/td>\n<\/tr>\n<tr>\n<td width=\"277\">Modellnummer des Artikels<\/td>\n<td width=\"278\">JSFKB-4\u00d710-3P-US<\/td>\n<\/tr>\n<tr>\n<td width=\"277\">Farbe<\/td>\n<td width=\"278\">Braun<\/td>\n<\/tr>\n<tr>\n<td width=\"277\">Material<\/td>\n<td width=\"278\">Metall<\/td>\n<\/tr>\n<tr>\n<td width=\"277\">Enthaltene Komponenten<\/td>\n<td width=\"278\">NO<\/td>\n<\/tr>\n<tr>\n<td width=\"277\">Batterien enthalten?<\/td>\n<td width=\"278\">Nein<\/td>\n<\/tr>\n<tr>\n<td width=\"277\">Batterien erforderlich?<\/td>\n<td width=\"278\">Nein<\/td>\n<\/tr>\n<tr>\n<td width=\"277\">Artikel Gewicht<\/td>\n<td width=\"278\">1,36 kg<\/td>\n<\/tr>\n<\/tbody>\n<\/table>\n<p>&nbsp;<\/p>\n<ul>\n<li>Gr\u00f6\u00dfe der Rohr\u00f6ffnung: 4 Zoll \u00d7 10 Zoll: Die auf dem Bodenventilator angegebene Gr\u00f6\u00dfe entspricht der Gr\u00f6\u00dfe der Rohr\u00f6ffnung. Bitte nehmen Sie vor dem Kauf die Ma\u00dfe der Rohr\u00f6ffnung im Raum und bestellen Sie die richtige Gr\u00f6\u00dfe. Hinweis: Messen Sie die Innenseite der Rohr\u00f6ffnung in Zoll. Messen Sie nicht die Gesamtgr\u00f6\u00dfe des Entl\u00fcfters!vent!<\/li>\n<li>Metall Bodenbel\u00fcftungsd\u00fcsen:100% brandneu und hohe Qualit\u00e4t. Hergestellt aus hochwertigem Eisenmaterial, stark und langlebig, nicht leicht zu brechen oder zu verformen, und kann f\u00fcr eine lange Zeit verwendet werden.<\/li>\n<li>Dekorativ: Das Aussehen der Entl\u00fcftung ist sauber und pr\u00e4gnant, was nicht nur die Luftzirkulation erm\u00f6glicht, sondern auch eine dekorative Rolle im Raum spielt.<\/li>\n<li>Einfach zu justieren: Die Bodenentl\u00fcftung mit einstellbarem R\u00fcckschlagventil l\u00e4sst sich leicht einstellen; wenn das Ventil geschlossen ist, kann es wirksam verhindern, dass die Luft aus der Klimaanlage ausstr\u00f6mt.<\/li>\n<li>Einfach zu installieren, kein Werkzeug erforderlich: Die Installation ist einfach, es ist kein zus\u00e4tzliches Werkzeug erforderlich, und sie kann in wenigen Minuten abgeschlossen werden.<\/li>\n<\/ul>","protected":false},"excerpt":{"rendered":"<p>Manufacturer \u200eFanGoFast Part Number \u200eJSFKB-4\u00d710-3P-US Product Dimensions \u200e25.4 x 10.16 x 3.05 cm; 1.36 kg Item model number \u200eJSFKB-4\u00d710-3P-US Colour \u200eBrown Material \u200eMetal Included Components \u200eNO Batteries included? \u200eNo Batteries Required? \u200eNo Item Weight \u200e1.36 kg &nbsp; 4 in \u00d7 10 in duct opening size: The size indicated on the floor vent corresponds to the &hellip;<\/p>\n<p class=\"read-more\"> <a class=\"\" href=\"https:\/\/www.fangofast.com\/de\/product\/ceiling-register-2\/\"> <span class=\"screen-reader-text\">Deckenregister<\/span> Read More \u00bb<\/a><\/p>","protected":false},"featured_media":783,"template":"","meta":{"site-sidebar-layout":"default","site-content-layout":"default","ast-global-header-display":"","ast-main-header-display":"","ast-hfb-above-header-display":"","ast-hfb-below-header-display":"","ast-hfb-mobile-header-display":"","site-post-title":"","ast-breadcrumbs-content":"","ast-featured-img":"","footer-sml-layout":"","theme-transparent-header-meta":"default","adv-header-id-meta":"","stick-header-meta":"","header-above-stick-meta":"","header-main-stick-meta":"","header-below-stick-meta":""},"product_cat":[49],"product_tag":[],"class_list":["post-775","product","type-product","status-publish","has-post-thumbnail","hentry","product_cat-ceiling-register","desktop-align-left","tablet-align-left","mobile-align-left","ast-product-gallery-layout-vertical-slider","ast-product-tabs-layout-horizontal"],"_links":{"self":[{"href":"https:\/\/www.fangofast.com\/de\/wp-json\/wp\/v2\/product\/775","targetHints":{"allow":["GET"]}}],"collection":[{"href":"https:\/\/www.fangofast.com\/de\/wp-json\/wp\/v2\/product"}],"about":[{"href":"https:\/\/www.fangofast.com\/de\/wp-json\/wp\/v2\/types\/product"}],"wp:featuredmedia":[{"embeddable":true,"href":"https:\/\/www.fangofast.com\/de\/wp-json\/wp\/v2\/media\/783"}],"wp:attachment":[{"href":"https:\/\/www.fangofast.com\/de\/wp-json\/wp\/v2\/media?parent=775"}],"wp:term":[{"taxonomy":"product_cat","embeddable":true,"href":"https:\/\/www.fangofast.com\/de\/wp-json\/wp\/v2\/product_cat?post=775"},{"taxonomy":"product_tag","embeddable":true,"href":"https:\/\/www.fangofast.com\/de\/wp-json\/wp\/v2\/product_tag?post=775"}],"curies":[{"name":"wp","href":"https:\/\/api.w.org\/{rel}","templated":true}]}}