{"id":753,"date":"2024-05-25T11:33:36","date_gmt":"2024-05-25T03:33:36","guid":{"rendered":"http:\/\/www.fangofast.com\/?post_type=product&#038;p=753"},"modified":"2024-05-25T11:33:38","modified_gmt":"2024-05-25T03:33:38","slug":"dt-centrifugal-fan-series","status":"publish","type":"product","link":"https:\/\/www.fangofast.com\/de\/product\/dt-centrifugal-fan-series\/","title":{"rendered":"Zentrifugalventilator der DT-Serie"},"content":{"rendered":"<p><img decoding=\"async\" class=\"alignnone size-full wp-image-769\" src=\"http:\/\/www.fangofast.com\/wp-content\/uploads\/2024\/05\/DT-centrifugal-fan-series-1.png\" alt=\"\" width=\"841\" height=\"266\" srcset=\"https:\/\/www.fangofast.com\/wp-content\/uploads\/2024\/05\/DT-centrifugal-fan-series-1.png 841w, https:\/\/www.fangofast.com\/wp-content\/uploads\/2024\/05\/DT-centrifugal-fan-series-1-300x95.png 300w, https:\/\/www.fangofast.com\/wp-content\/uploads\/2024\/05\/DT-centrifugal-fan-series-1-768x243.png 768w, https:\/\/www.fangofast.com\/wp-content\/uploads\/2024\/05\/DT-centrifugal-fan-series-1-600x190.png 600w\" sizes=\"(max-width: 841px) 100vw, 841px\" \/> <img decoding=\"async\" class=\"alignnone size-full wp-image-770\" src=\"http:\/\/www.fangofast.com\/wp-content\/uploads\/2024\/05\/DT-centrifugal-fan-series-2.png\" alt=\"\" width=\"1381\" height=\"726\" srcset=\"https:\/\/www.fangofast.com\/wp-content\/uploads\/2024\/05\/DT-centrifugal-fan-series-2.png 1381w, https:\/\/www.fangofast.com\/wp-content\/uploads\/2024\/05\/DT-centrifugal-fan-series-2-300x158.png 300w, https:\/\/www.fangofast.com\/wp-content\/uploads\/2024\/05\/DT-centrifugal-fan-series-2-1024x538.png 1024w, https:\/\/www.fangofast.com\/wp-content\/uploads\/2024\/05\/DT-centrifugal-fan-series-2-768x404.png 768w, https:\/\/www.fangofast.com\/wp-content\/uploads\/2024\/05\/DT-centrifugal-fan-series-2-600x315.png 600w\" sizes=\"(max-width: 1381px) 100vw, 1381px\" \/> <img decoding=\"async\" class=\"alignnone size-full wp-image-771\" src=\"http:\/\/www.fangofast.com\/wp-content\/uploads\/2024\/05\/DT-centrifugal-fan-series-3.png\" alt=\"\" width=\"1113\" height=\"384\" srcset=\"https:\/\/www.fangofast.com\/wp-content\/uploads\/2024\/05\/DT-centrifugal-fan-series-3.png 1113w, https:\/\/www.fangofast.com\/wp-content\/uploads\/2024\/05\/DT-centrifugal-fan-series-3-300x104.png 300w, https:\/\/www.fangofast.com\/wp-content\/uploads\/2024\/05\/DT-centrifugal-fan-series-3-1024x353.png 1024w, https:\/\/www.fangofast.com\/wp-content\/uploads\/2024\/05\/DT-centrifugal-fan-series-3-768x265.png 768w, https:\/\/www.fangofast.com\/wp-content\/uploads\/2024\/05\/DT-centrifugal-fan-series-3-600x207.png 600w\" sizes=\"(max-width: 1113px) 100vw, 1113px\" \/> <img decoding=\"async\" class=\"alignnone size-full wp-image-772\" src=\"http:\/\/www.fangofast.com\/wp-content\/uploads\/2024\/05\/DT-centrifugal-fan-series-4.png\" alt=\"\" width=\"1059\" height=\"466\" srcset=\"https:\/\/www.fangofast.com\/wp-content\/uploads\/2024\/05\/DT-centrifugal-fan-series-4.png 1059w, https:\/\/www.fangofast.com\/wp-content\/uploads\/2024\/05\/DT-centrifugal-fan-series-4-300x132.png 300w, https:\/\/www.fangofast.com\/wp-content\/uploads\/2024\/05\/DT-centrifugal-fan-series-4-1024x451.png 1024w, https:\/\/www.fangofast.com\/wp-content\/uploads\/2024\/05\/DT-centrifugal-fan-series-4-768x338.png 768w, https:\/\/www.fangofast.com\/wp-content\/uploads\/2024\/05\/DT-centrifugal-fan-series-4-600x264.png 600w\" sizes=\"(max-width: 1059px) 100vw, 1059px\" \/> <img decoding=\"async\" class=\"alignnone size-full wp-image-773\" src=\"http:\/\/www.fangofast.com\/wp-content\/uploads\/2024\/05\/DT-centrifugal-fan-series-5.png\" alt=\"\" width=\"1138\" height=\"368\" srcset=\"https:\/\/www.fangofast.com\/wp-content\/uploads\/2024\/05\/DT-centrifugal-fan-series-5.png 1138w, https:\/\/www.fangofast.com\/wp-content\/uploads\/2024\/05\/DT-centrifugal-fan-series-5-300x97.png 300w, https:\/\/www.fangofast.com\/wp-content\/uploads\/2024\/05\/DT-centrifugal-fan-series-5-1024x331.png 1024w, https:\/\/www.fangofast.com\/wp-content\/uploads\/2024\/05\/DT-centrifugal-fan-series-5-768x248.png 768w, https:\/\/www.fangofast.com\/wp-content\/uploads\/2024\/05\/DT-centrifugal-fan-series-5-600x194.png 600w\" sizes=\"(max-width: 1138px) 100vw, 1138px\" \/><\/p>","protected":false},"excerpt":{"rendered":"<p><strong><b>Die DT-Radialventilatorenserie ist ein Ersatz f\u00fcr den Lampenschwarzabzug und wird haupts\u00e4chlich f\u00fcr die Bel\u00fcftung von Hotels, Gasth\u00f6fen und Restaurants eingesetzt. Sie zeichnet sich durch ein hohes Luftvolumen, geringe Ger\u00e4uschentwicklung und einen stabilen Betrieb aus,<\/b><\/strong><\/p>\n<p><strong><b>hohe Temperaturtoleranz. Er ist mit einer oder zwei Geschwindigkeiten erh\u00e4ltlich. Der Benutzer kann je nach Standort und Anforderungen w\u00e4hlen.<\/b><\/strong><\/p>","protected":false},"featured_media":763,"template":"","meta":{"site-sidebar-layout":"default","site-content-layout":"default","ast-global-header-display":"","ast-main-header-display":"","ast-hfb-above-header-display":"","ast-hfb-below-header-display":"","ast-hfb-mobile-header-display":"","site-post-title":"","ast-breadcrumbs-content":"","ast-featured-img":"","footer-sml-layout":"","theme-transparent-header-meta":"default","adv-header-id-meta":"","stick-header-meta":"","header-above-stick-meta":"","header-main-stick-meta":"","header-below-stick-meta":""},"product_cat":[44],"product_tag":[],"class_list":["post-753","product","type-product","status-publish","has-post-thumbnail","hentry","product_cat-box-fan","desktop-align-left","tablet-align-left","mobile-align-left","ast-product-gallery-layout-vertical-slider","ast-product-tabs-layout-horizontal"],"_links":{"self":[{"href":"https:\/\/www.fangofast.com\/de\/wp-json\/wp\/v2\/product\/753","targetHints":{"allow":["GET"]}}],"collection":[{"href":"https:\/\/www.fangofast.com\/de\/wp-json\/wp\/v2\/product"}],"about":[{"href":"https:\/\/www.fangofast.com\/de\/wp-json\/wp\/v2\/types\/product"}],"wp:featuredmedia":[{"embeddable":true,"href":"https:\/\/www.fangofast.com\/de\/wp-json\/wp\/v2\/media\/763"}],"wp:attachment":[{"href":"https:\/\/www.fangofast.com\/de\/wp-json\/wp\/v2\/media?parent=753"}],"wp:term":[{"taxonomy":"product_cat","embeddable":true,"href":"https:\/\/www.fangofast.com\/de\/wp-json\/wp\/v2\/product_cat?post=753"},{"taxonomy":"product_tag","embeddable":true,"href":"https:\/\/www.fangofast.com\/de\/wp-json\/wp\/v2\/product_tag?post=753"}],"curies":[{"name":"wp","href":"https:\/\/api.w.org\/{rel}","templated":true}]}}