{"id":752,"date":"2024-05-25T11:32:49","date_gmt":"2024-05-25T03:32:49","guid":{"rendered":"http:\/\/www.fangofast.com\/?post_type=product&#038;p=752"},"modified":"2024-05-25T11:32:52","modified_gmt":"2024-05-25T03:32:52","slug":"11-62a-series","status":"publish","type":"product","link":"https:\/\/www.fangofast.com\/de\/product\/11-62a-series\/","title":{"rendered":"Baureihe 11-62A"},"content":{"rendered":"<p><img decoding=\"async\" class=\"alignnone size-full wp-image-759\" src=\"http:\/\/www.fangofast.com\/wp-content\/uploads\/2024\/05\/11-62A-series-1.png\" alt=\"\" width=\"561\" height=\"184\" srcset=\"https:\/\/www.fangofast.com\/wp-content\/uploads\/2024\/05\/11-62A-series-1.png 561w, https:\/\/www.fangofast.com\/wp-content\/uploads\/2024\/05\/11-62A-series-1-300x98.png 300w\" sizes=\"(max-width: 561px) 100vw, 561px\" \/> <img decoding=\"async\" class=\"alignnone size-full wp-image-760\" src=\"http:\/\/www.fangofast.com\/wp-content\/uploads\/2024\/05\/11-62A-series-2.png\" alt=\"\" width=\"1082\" height=\"375\" srcset=\"https:\/\/www.fangofast.com\/wp-content\/uploads\/2024\/05\/11-62A-series-2.png 1082w, https:\/\/www.fangofast.com\/wp-content\/uploads\/2024\/05\/11-62A-series-2-300x104.png 300w, https:\/\/www.fangofast.com\/wp-content\/uploads\/2024\/05\/11-62A-series-2-1024x355.png 1024w, https:\/\/www.fangofast.com\/wp-content\/uploads\/2024\/05\/11-62A-series-2-768x266.png 768w, https:\/\/www.fangofast.com\/wp-content\/uploads\/2024\/05\/11-62A-series-2-600x208.png 600w\" sizes=\"(max-width: 1082px) 100vw, 1082px\" \/> <img decoding=\"async\" class=\"alignnone size-full wp-image-761\" src=\"http:\/\/www.fangofast.com\/wp-content\/uploads\/2024\/05\/11-62A-series-3.png\" alt=\"\" width=\"1193\" height=\"456\" srcset=\"https:\/\/www.fangofast.com\/wp-content\/uploads\/2024\/05\/11-62A-series-3.png 1193w, https:\/\/www.fangofast.com\/wp-content\/uploads\/2024\/05\/11-62A-series-3-300x115.png 300w, https:\/\/www.fangofast.com\/wp-content\/uploads\/2024\/05\/11-62A-series-3-1024x391.png 1024w, https:\/\/www.fangofast.com\/wp-content\/uploads\/2024\/05\/11-62A-series-3-768x294.png 768w, https:\/\/www.fangofast.com\/wp-content\/uploads\/2024\/05\/11-62A-series-3-600x229.png 600w\" sizes=\"(max-width: 1193px) 100vw, 1193px\" \/> <img decoding=\"async\" class=\"alignnone size-full wp-image-762\" src=\"http:\/\/www.fangofast.com\/wp-content\/uploads\/2024\/05\/11-62A-series-4.png\" alt=\"\" width=\"1212\" height=\"614\" srcset=\"https:\/\/www.fangofast.com\/wp-content\/uploads\/2024\/05\/11-62A-series-4.png 1212w, https:\/\/www.fangofast.com\/wp-content\/uploads\/2024\/05\/11-62A-series-4-300x152.png 300w, https:\/\/www.fangofast.com\/wp-content\/uploads\/2024\/05\/11-62A-series-4-1024x519.png 1024w, https:\/\/www.fangofast.com\/wp-content\/uploads\/2024\/05\/11-62A-series-4-768x389.png 768w, https:\/\/www.fangofast.com\/wp-content\/uploads\/2024\/05\/11-62A-series-4-600x304.png 600w\" sizes=\"(max-width: 1212px) 100vw, 1212px\" \/><\/p>","protected":false},"excerpt":{"rendered":"<p><strong><b>Standard<\/b><\/strong><strong><b>\u00a0<\/b><\/strong><strong><b>Lieferung<\/b><\/strong><strong><b>: <\/b><\/strong><strong><b>rechts<\/b><\/strong><strong><b>&#8211;<\/b><\/strong><strong><b>gedreht<\/b><\/strong><strong><b>\u00a0<\/b><\/strong><strong><b>90\u00b0<\/b><\/strong><\/p>\n<p>Die ger\u00e4uscharmen Zentrifugalventilatoren der Serie 11-62A wurden als mehrfl\u00fcgelige Windr\u00e4der mit kapazitiven Schaufeln und breiten Schaufeln unter der Pr\u00e4misse entworfen und entwickelt, sich auf fortschrittliche Technologien im In- und Ausland zu beziehen, um sich dem Haupttrend der aktuellen Marktentwicklung, der reinigenden Industrie, dem Umweltschutz und der Ger\u00e4uschreduzierung anzupassen. Diese Ventilatorenserie zeichnet sich durch geringen L\u00e4rm, niedrige Drehzahl, hohe Effizienz, gro\u00dfen Luftdurchsatz und geringe Vibrationen aus. Sie sind die ideale L\u00f6sung f\u00fcr die Anwendung der Bel\u00fcftung im Umweltschutz und in technischen Anlagen.<\/p>","protected":false},"featured_media":754,"template":"","meta":{"site-sidebar-layout":"default","site-content-layout":"default","ast-global-header-display":"","ast-main-header-display":"","ast-hfb-above-header-display":"","ast-hfb-below-header-display":"","ast-hfb-mobile-header-display":"","site-post-title":"","ast-breadcrumbs-content":"","ast-featured-img":"","footer-sml-layout":"","theme-transparent-header-meta":"default","adv-header-id-meta":"","stick-header-meta":"","header-above-stick-meta":"","header-main-stick-meta":"","header-below-stick-meta":""},"product_cat":[45],"product_tag":[],"class_list":["post-752","product","type-product","status-publish","has-post-thumbnail","hentry","product_cat-inductrial-centrifugal-fan","desktop-align-left","tablet-align-left","mobile-align-left","ast-product-gallery-layout-vertical-slider","ast-product-tabs-layout-horizontal"],"_links":{"self":[{"href":"https:\/\/www.fangofast.com\/de\/wp-json\/wp\/v2\/product\/752","targetHints":{"allow":["GET"]}}],"collection":[{"href":"https:\/\/www.fangofast.com\/de\/wp-json\/wp\/v2\/product"}],"about":[{"href":"https:\/\/www.fangofast.com\/de\/wp-json\/wp\/v2\/types\/product"}],"wp:featuredmedia":[{"embeddable":true,"href":"https:\/\/www.fangofast.com\/de\/wp-json\/wp\/v2\/media\/754"}],"wp:attachment":[{"href":"https:\/\/www.fangofast.com\/de\/wp-json\/wp\/v2\/media?parent=752"}],"wp:term":[{"taxonomy":"product_cat","embeddable":true,"href":"https:\/\/www.fangofast.com\/de\/wp-json\/wp\/v2\/product_cat?post=752"},{"taxonomy":"product_tag","embeddable":true,"href":"https:\/\/www.fangofast.com\/de\/wp-json\/wp\/v2\/product_tag?post=752"}],"curies":[{"name":"wp","href":"https:\/\/api.w.org\/{rel}","templated":true}]}}