{"id":728,"date":"2024-05-25T11:27:43","date_gmt":"2024-05-25T03:27:43","guid":{"rendered":"http:\/\/www.fangofast.com\/?post_type=product&#038;p=728"},"modified":"2024-05-25T11:27:43","modified_gmt":"2024-05-25T03:27:43","slug":"mfqr","status":"publish","type":"product","link":"https:\/\/www.fangofast.com\/de\/product\/mfqr\/","title":{"rendered":"MFQR"},"content":{"rendered":"<p><img decoding=\"async\" class=\"alignnone size-full wp-image-733\" src=\"http:\/\/www.fangofast.com\/wp-content\/uploads\/2024\/05\/MFQR1.png\" alt=\"\" width=\"1095\" height=\"376\" srcset=\"https:\/\/www.fangofast.com\/wp-content\/uploads\/2024\/05\/MFQR1.png 1095w, https:\/\/www.fangofast.com\/wp-content\/uploads\/2024\/05\/MFQR1-300x103.png 300w, https:\/\/www.fangofast.com\/wp-content\/uploads\/2024\/05\/MFQR1-1024x352.png 1024w, https:\/\/www.fangofast.com\/wp-content\/uploads\/2024\/05\/MFQR1-768x264.png 768w, https:\/\/www.fangofast.com\/wp-content\/uploads\/2024\/05\/MFQR1-600x206.png 600w\" sizes=\"(max-width: 1095px) 100vw, 1095px\" \/> <img decoding=\"async\" class=\"alignnone size-full wp-image-734\" src=\"http:\/\/www.fangofast.com\/wp-content\/uploads\/2024\/05\/MFQR2.png\" alt=\"\" width=\"1008\" height=\"190\" srcset=\"https:\/\/www.fangofast.com\/wp-content\/uploads\/2024\/05\/MFQR2.png 1008w, https:\/\/www.fangofast.com\/wp-content\/uploads\/2024\/05\/MFQR2-300x57.png 300w, https:\/\/www.fangofast.com\/wp-content\/uploads\/2024\/05\/MFQR2-768x145.png 768w, https:\/\/www.fangofast.com\/wp-content\/uploads\/2024\/05\/MFQR2-600x113.png 600w\" sizes=\"(max-width: 1008px) 100vw, 1008px\" \/> <img decoding=\"async\" class=\"alignnone size-full wp-image-736\" src=\"http:\/\/www.fangofast.com\/wp-content\/uploads\/2024\/05\/MFQR3.png\" alt=\"\" width=\"1033\" height=\"345\" srcset=\"https:\/\/www.fangofast.com\/wp-content\/uploads\/2024\/05\/MFQR3.png 1033w, https:\/\/www.fangofast.com\/wp-content\/uploads\/2024\/05\/MFQR3-300x100.png 300w, https:\/\/www.fangofast.com\/wp-content\/uploads\/2024\/05\/MFQR3-1024x342.png 1024w, https:\/\/www.fangofast.com\/wp-content\/uploads\/2024\/05\/MFQR3-768x256.png 768w, https:\/\/www.fangofast.com\/wp-content\/uploads\/2024\/05\/MFQR3-600x200.png 600w\" sizes=\"(max-width: 1033px) 100vw, 1033px\" \/><\/p>","protected":false},"excerpt":{"rendered":"<p>-Energieeinsparung<br \/>\nKupfermotor mit hochwertigem Kugellager Ger\u00e4uscharmes und stabiles Luftvolumen<br \/>\n-Filter<br \/>\nFilter mit hoher W\u00e4rmer\u00fcckgewinnung Entfernt effektiv die meisten Schadstoffe und Ger\u00fcche aus der Luft.<br \/>\n-d\u00fcnnes Ger\u00e4tedesign<br \/>\nGeh\u00e4use d\u00fcnner als 20CM Spart mehr Platz<br \/>\n-Leicht zu pflegen<br \/>\nDesign beibehalten Einfaches \u00dcberpr\u00fcfen des Motors und Auswechseln des Filters<\/p>","protected":false},"featured_media":729,"template":"","meta":{"site-sidebar-layout":"default","site-content-layout":"default","ast-global-header-display":"","ast-main-header-display":"","ast-hfb-above-header-display":"","ast-hfb-below-header-display":"","ast-hfb-mobile-header-display":"","site-post-title":"","ast-breadcrumbs-content":"","ast-featured-img":"","footer-sml-layout":"","theme-transparent-header-meta":"default","adv-header-id-meta":"","stick-header-meta":"","header-above-stick-meta":"","header-main-stick-meta":"","header-below-stick-meta":""},"product_cat":[42],"product_tag":[],"class_list":["post-728","product","type-product","status-publish","has-post-thumbnail","hentry","product_cat-pm-2-5-heat-recovy-unit-mfqr","desktop-align-left","tablet-align-left","mobile-align-left","ast-product-gallery-layout-vertical-slider","ast-product-tabs-layout-horizontal"],"_links":{"self":[{"href":"https:\/\/www.fangofast.com\/de\/wp-json\/wp\/v2\/product\/728","targetHints":{"allow":["GET"]}}],"collection":[{"href":"https:\/\/www.fangofast.com\/de\/wp-json\/wp\/v2\/product"}],"about":[{"href":"https:\/\/www.fangofast.com\/de\/wp-json\/wp\/v2\/types\/product"}],"wp:featuredmedia":[{"embeddable":true,"href":"https:\/\/www.fangofast.com\/de\/wp-json\/wp\/v2\/media\/729"}],"wp:attachment":[{"href":"https:\/\/www.fangofast.com\/de\/wp-json\/wp\/v2\/media?parent=728"}],"wp:term":[{"taxonomy":"product_cat","embeddable":true,"href":"https:\/\/www.fangofast.com\/de\/wp-json\/wp\/v2\/product_cat?post=728"},{"taxonomy":"product_tag","embeddable":true,"href":"https:\/\/www.fangofast.com\/de\/wp-json\/wp\/v2\/product_tag?post=728"}],"curies":[{"name":"wp","href":"https:\/\/api.w.org\/{rel}","templated":true}]}}