{"id":717,"date":"2024-05-25T11:26:00","date_gmt":"2024-05-25T03:26:00","guid":{"rendered":"http:\/\/www.fangofast.com\/?post_type=product&#038;p=717"},"modified":"2024-05-25T11:26:00","modified_gmt":"2024-05-25T03:26:00","slug":"100mm-axial-fan-kit","status":"publish","type":"product","link":"https:\/\/www.fangofast.com\/de\/product\/100mm-axial-fan-kit\/","title":{"rendered":"100mm Axiall\u00fcfter-Kit"},"content":{"rendered":"<table>\n<tbody>\n<tr>\n<td width=\"136\"><strong><b>Marke<\/b><\/strong><\/td>\n<td width=\"434\">FanGoFast<\/td>\n<\/tr>\n<tr>\n<td width=\"136\"><strong><b>Farbe <\/b><\/strong><\/td>\n<td width=\"434\">Schwarz<\/td>\n<\/tr>\n<tr>\n<td width=\"136\"><strong><b>Stromquelle<\/b><\/strong><\/td>\n<td width=\"434\">Elektrisches Kabel<\/td>\n<\/tr>\n<tr>\n<td width=\"136\"><strong><b>Stil<\/b><\/strong><\/td>\n<td width=\"434\">100 mm Axiall\u00fcfter Bausatz<\/td>\n<\/tr>\n<tr>\n<td width=\"136\"><strong><b>Produkt Abmessungen<\/b><\/strong><\/td>\n<td width=\"434\">15d x 17w x 29.5h Zentimeter<\/td>\n<\/tr>\n<tr>\n<td width=\"136\"><strong><b>Typ<\/b><\/strong><\/td>\n<td width=\"434\">Garage, Heimb\u00fcro, Esszimmer<\/td>\n<\/tr>\n<tr>\n<td width=\"136\"><strong><b>Besonderes Merkmal: Spezifikation:<\/b><\/strong><\/td>\n<td width=\"434\">Spezifikation: Spannung: 220-240V; Frequenz: 50\/60Hz; Leistung :18W; Geschwindigkeit: 2700 RPM; Luftdurchsatz :153m\u00b3\/h. Betriebstemperaturbereich: -20\u2103-70\u2103(-4\u2109-158\u2109). PRAKTISCHES 100MM-AXIAL-L\u00fcfter-KIT: Das KIT enth\u00e4lt 1 x AXIAL-L\u00fcfter, 1 x PVC-Schlauch und zwei Klemmen. Eine Packung Schrauben (Viererpack) gratis. Das Kanalrohr ist etwa 6 Zoll im Durchmesser \/ 2 Meter in der L\u00e4nge (6.5ft). Hochwertige Materialien: Das Geh\u00e4use des 100mm leisen R\u00f6hrenl\u00fcfters ist aus Aluminium mit einer schwarzen, matten Beschichtung, leicht, aber stark und rostbest\u00e4ndig. Im Gegensatz zu anderen Kunststoffl\u00fcftern, die bruchgef\u00e4hrdet und nicht langlebig sind. Das \u00e4u\u00dfere Metallgeh\u00e4use verhindert versehentliche Besch\u00e4digungen. 2 in 1 AXIAL-Ventilator: FanGoFast hat diesen Mantelventilator auf der Grundlage von AC Muffin-Ventilatoren entwickelt, Sie k\u00f6nnen den Mantel im Inneren verwenden oder ihn entfernen. Erm\u00f6glicht die Verwendung des L\u00fcfters in verschiedenen Umgebungen, auch die traditionelle Gr\u00f6\u00dfe quadratisch zu rund \u00e4ndern. Ideal f\u00fcr einen neuen Anf\u00e4nger in wachsenden Pflanzen mit einem kleinen Zelt. \u00d6l-Kugel-Motor: Der Axial-Rohrventilator-Motor hat ein dauergeschmiertes Kugellager, das ger\u00e4uschlos arbeitet und keine Wartung erfordert. Geeignet f\u00fcr Gr\u00fcnfl\u00e4chen, Dachb\u00f6den, Krankenhausr\u00e4ume, gewerbliche K\u00fchlung und industrielle Anwendungen.<\/td>\n<\/tr>\n<tr>\n<td width=\"136\"><strong><b>Empfohlene Verwendungszwecke f\u00fcr das Produkt<\/b><\/strong><\/td>\n<td width=\"434\">Ersch\u00f6pfend<\/td>\n<\/tr>\n<tr>\n<td width=\"136\"><strong><b>P<\/b><\/strong><strong><b>ower <\/b><\/strong><\/td>\n<td width=\"434\">18 Watt<\/td>\n<\/tr>\n<tr>\n<td width=\"136\"><strong><b>Spannung<\/b><\/strong><\/td>\n<td width=\"434\">220<\/td>\n<\/tr>\n<\/tbody>\n<\/table>\n<p>&nbsp;<\/p>\n<ul>\n<li>Spezifikation: Spannung :220-240V; Frequenz :50\/60Hz; Leistung :6W; Geschwindigkeit :3200 RPM; Luftdruck :180m\u00b3\/ h. Betriebstemperaturbereich: -20\u2103-70\u2103(-4\u2109-158\u2109).<\/li>\n<li>Hochwertiges Material: Das 100-mm-R\u00f6hrenl\u00fcftergeh\u00e4use besteht aus leichtem Aluminium und schwarzer MAT-Beschichtung, die robust ist und nicht rostet. Im Gegensatz zu anderen Kunststoffl\u00fcftern brechen sie leicht und sind nicht haltbar. Das Metallgeh\u00e4use verhindert versehentliche Besch\u00e4digungen.<\/li>\n<li>\u00d6l-Kugelventil-Motoren: Axialventilatormotoren haben dauergeschmierte Kugelventillager, die leise arbeiten und keine Wartung erfordern. Geeignet f\u00fcr Green Spaces, Lofts, Krankenh\u00e4user, gewerbliche K\u00fchlung und industrielle Anwendungen.<\/li>\n<li>Niedriger Energieverbrauch und hoher Wirkungsgrad: Eingebauter Rohrventilator, geschmierter, kugelgelagerter Motor, wodurch der Ventilator stabiler l\u00e4uft. Er hat die Vorteile von hohem Luftdruck, gro\u00dfem Luftvolumen, hoher Effizienz, niedrigem Energieverbrauch und geringem L\u00e4rm. Der Ventilator nutzt das Prinzip des Luftstrommechanismus, um den besten Luftstrom und Winddruck zu erreichen.<\/li>\n<li>100MM axial bel\u00fcftetes TV-Tuner-Utility-Kit: Dieser Bausatz enth\u00e4lt 1 Axialventilator, 1 PVC-Rohr und 2 Klammern. Ein kostenloses Paket mit Schrauben (vier Pakete). Das Rohr ist etwa 6 Zoll \/ 2 Meter lang (6,5 Fu\u00df) im Durchmesser.<\/li>\n<\/ul>","protected":false},"excerpt":{"rendered":"<p>Brand FanGoFast Color Black Power Source Electric cable Style 100 mm axial fan Kit Product Dimensions 15d x 17w x 29.5h centimeters Type Garage, home office, dining room Special feature specification: Specification: voltage: 220-240V; Frequency: 50\/60Hz; Power :18W; Speed: 2700 RPM; Air flow rate :153m\u00b3\/h. Operating temperature range: -20\u2103-70\u2103(-4\u2109-158\u2109). PRACTICAL 100MM AXIAL fan KIT: the &hellip;<\/p>\n<p class=\"read-more\"> <a class=\"\" href=\"https:\/\/www.fangofast.com\/de\/product\/100mm-axial-fan-kit\/\"> <span class=\"screen-reader-text\">100mm Axiall\u00fcfter-Kit<\/span> Read More \u00bb<\/a><\/p>","protected":false},"featured_media":722,"template":"","meta":{"site-sidebar-layout":"default","site-content-layout":"default","ast-global-header-display":"","ast-main-header-display":"","ast-hfb-above-header-display":"","ast-hfb-below-header-display":"","ast-hfb-mobile-header-display":"","site-post-title":"","ast-breadcrumbs-content":"","ast-featured-img":"","footer-sml-layout":"","theme-transparent-header-meta":"default","adv-header-id-meta":"","stick-header-meta":"","header-above-stick-meta":"","header-main-stick-meta":"","header-below-stick-meta":""},"product_cat":[38],"product_tag":[],"class_list":["post-717","product","type-product","status-publish","has-post-thumbnail","hentry","product_cat-axial-inline-fan","desktop-align-left","tablet-align-left","mobile-align-left","ast-product-gallery-layout-vertical-slider","ast-product-tabs-layout-horizontal"],"_links":{"self":[{"href":"https:\/\/www.fangofast.com\/de\/wp-json\/wp\/v2\/product\/717","targetHints":{"allow":["GET"]}}],"collection":[{"href":"https:\/\/www.fangofast.com\/de\/wp-json\/wp\/v2\/product"}],"about":[{"href":"https:\/\/www.fangofast.com\/de\/wp-json\/wp\/v2\/types\/product"}],"wp:featuredmedia":[{"embeddable":true,"href":"https:\/\/www.fangofast.com\/de\/wp-json\/wp\/v2\/media\/722"}],"wp:attachment":[{"href":"https:\/\/www.fangofast.com\/de\/wp-json\/wp\/v2\/media?parent=717"}],"wp:term":[{"taxonomy":"product_cat","embeddable":true,"href":"https:\/\/www.fangofast.com\/de\/wp-json\/wp\/v2\/product_cat?post=717"},{"taxonomy":"product_tag","embeddable":true,"href":"https:\/\/www.fangofast.com\/de\/wp-json\/wp\/v2\/product_tag?post=717"}],"curies":[{"name":"wp","href":"https:\/\/api.w.org\/{rel}","templated":true}]}}