{"id":710,"date":"2024-05-25T11:25:06","date_gmt":"2024-05-25T03:25:06","guid":{"rendered":"http:\/\/www.fangofast.com\/?post_type=product&#038;p=710"},"modified":"2024-05-25T11:25:07","modified_gmt":"2024-05-25T03:25:07","slug":"150mm-axial-fan-kit","status":"publish","type":"product","link":"https:\/\/www.fangofast.com\/de\/product\/150mm-axial-fan-kit\/","title":{"rendered":"150mm Axiall\u00fcfter-Kit"},"content":{"rendered":"<table>\n<tbody>\n<tr>\n<td width=\"136\"><strong><b>Marke<\/b><\/strong><\/td>\n<td width=\"434\">FanGoFast<\/td>\n<\/tr>\n<tr>\n<td width=\"136\"><strong><b>Farbe <\/b><\/strong><\/td>\n<td width=\"434\">Schwarz<\/td>\n<\/tr>\n<tr>\n<td width=\"136\"><strong><b>Macht<\/b><\/strong><\/td>\n<td width=\"434\">Elektrisches Kabel<\/td>\n<\/tr>\n<tr>\n<td width=\"136\"><strong><b>Stil<\/b><\/strong><\/td>\n<td width=\"434\">150 mm Axiall\u00fcfter Bausatz<\/td>\n<\/tr>\n<tr>\n<td width=\"136\"><strong><b>Abmessungen des Produkts<\/b><\/strong><\/td>\n<td width=\"434\">19,5d x 21w x 38h Zentimeter<\/td>\n<\/tr>\n<tr>\n<td width=\"136\"><strong><b>Typ <\/b><\/strong><\/td>\n<td width=\"434\">Garage, Heimb\u00fcro, Esszimmer<\/td>\n<\/tr>\n<tr>\n<td width=\"136\"><strong><b>Besonderes Merkmal<\/b><\/strong><\/td>\n<td width=\"434\">Spezifikation: Spannung: 220-240V; Frequenz: 50\/60Hz; Leistung :36W; Geschwindigkeit: 2500 RPM; Luftstrom :334m\u00b3\/h. Betriebstemperaturbereich: -20\u2103-70\u2103(-4\u2109-158\u2109). Hochwertige Materialien: Das Zentrum des Axiall\u00fcfters ist aus hartem Kunststoff im Spritzgussverfahren aus einem St\u00fcck gefertigt. Beide Enden sind aus schwarzem, korrosionsbest\u00e4ndigem ABS-Material gefertigt. Hochwertiger ABS-Kunststoff, hervorragende Verarbeitung und Haltbarkeit. \u00d6lkugelmotor: Der Motor des Axiall\u00fcfters hat ein dauergeschmiertes Kugellager, das leise l\u00e4uft und keine Wartung erfordert. Geeignet f\u00fcr Gr\u00fcnfl\u00e4chen, Dachb\u00f6den, Krankenhausr\u00e4ume, gewerbliche K\u00fchlung und industrielle Anwendungen. 150MM AXIAL-VENTILATOR PRAKTISCHES KIT: Das KIT enth\u00e4lt 1 x AXIAL-VENTILATOR, 1 x PVC-Schlauch und zwei Klemmen. Eine Packung Schrauben (Viererpack) gratis. Das Kanalrohr hat einen Durchmesser von ca. 6 Zoll \/ 3 Meter L\u00e4nge (9.8ft). 2 in 1 AXIAL-Ventilator: FanGoFast hat diesen Mantell\u00fcfter auf der Basis von AC Muffin-Ventilatoren entwickelt, Sie k\u00f6nnen den Mantel innen verwenden oder ihn entfernen. Erlaubt es, den Ventilator in verschiedenen Umgebungen zu verwenden, sogar die traditionelle Gr\u00f6\u00dfe quadratisch zu rund zu \u00e4ndern. Ideal f\u00fcr einen neuen Anf\u00e4nger in wachsenden Pflanzen mit einem kleinen Zelt.<\/td>\n<\/tr>\n<tr>\n<td width=\"136\"><strong><b>Empfohlene Verwendungszwecke f\u00fcr das Produkt<\/b><\/strong><\/td>\n<td width=\"434\">Ersch\u00f6pfend<\/td>\n<\/tr>\n<tr>\n<td width=\"136\"><strong><b>Schallpegel<\/b><\/strong><\/td>\n<td width=\"434\">40 dB<\/td>\n<\/tr>\n<\/tbody>\n<\/table>\n<p>&nbsp;<\/p>\n<ul>\n<li>Spezifikation: Spannung :220-240V; Frequenz :50\/60Hz; Leistung :36W; Geschwindigkeit :2500 RPM; Luftdruck :334m\u00b3\/ h. Betriebstemperaturbereich: -20\u2103-70\u2103(-4\u2109-158\u2109).<\/li>\n<li>Hochwertige Materialien: Das Zentrum des Axiall\u00fcfters besteht aus einteiligem, spritzgegossenem Hartplastik. Beide Enden sind aus schwarzem, korrosionsbest\u00e4ndigem ABS-Material gefertigt. Hochwertiger ABS-Kunststoff, hervorragende Technologie, lange Lebensdauer.<\/li>\n<li>\u00d6l-Kugelventil-Motoren: Axialventilatormotoren haben dauergeschmierte Kugelventillager, die leise arbeiten und keine Wartung erfordern. Geeignet f\u00fcr Green Spaces, Lofts, Krankenh\u00e4user, gewerbliche K\u00fchlung und industrielle Anwendungen.<\/li>\n<li>Niedriger Energieverbrauch und hoher Wirkungsgrad: Eingebauter Rohrventilator, geschmierter, kugelgelagerter Motor, wodurch der Ventilator stabiler l\u00e4uft. Er hat die Vorteile von hohem Luftdruck, gro\u00dfem Luftvolumen, hoher Effizienz, niedrigem Energieverbrauch und geringem L\u00e4rm. Der Ventilator wurde nach dem Prinzip des Luftstrommechanismus entwickelt, um den besten Luftstrom und Winddruck zu erreichen.<\/li>\n<li>150MM axial bel\u00fcftetes TV-Tuner-Utility-Kit: Dieser Bausatz enth\u00e4lt 1 Axialventilator, 1 PVC-Rohr und 2 Klemmen. Ein kostenloses Paket mit Schrauben (vier Pakete). Das Rohr hat einen Durchmesser von ca. 6 Zoll und eine L\u00e4nge von ca. 3 Metern (9,8 Fu\u00df).<\/li>\n<\/ul>","protected":false},"excerpt":{"rendered":"<p>Brand FanGoFast Color Black power Electric cable Style 150\u00a0mm axial fan Kit Dimensions of the product 19.5d x 21w x 38h centimeters Type Garage, home office, dining room Special feature Specification: voltage: 220-240V; Frequency: 50\/60Hz; Power :36W; Speed: 2500 RPM; Air flow :334m\u00b3\/h. Operating temperature range: -20\u2103-70\u2103(-4\u2109-158\u2109). , high quality materials: the center of the &hellip;<\/p>\n<p class=\"read-more\"> <a class=\"\" href=\"https:\/\/www.fangofast.com\/de\/product\/150mm-axial-fan-kit\/\"> <span class=\"screen-reader-text\">150mm Axiall\u00fcfter-Kit<\/span> Read More \u00bb<\/a><\/p>","protected":false},"featured_media":715,"template":"","meta":{"site-sidebar-layout":"default","site-content-layout":"default","ast-global-header-display":"","ast-main-header-display":"","ast-hfb-above-header-display":"","ast-hfb-below-header-display":"","ast-hfb-mobile-header-display":"","site-post-title":"","ast-breadcrumbs-content":"","ast-featured-img":"","footer-sml-layout":"","theme-transparent-header-meta":"default","adv-header-id-meta":"","stick-header-meta":"","header-above-stick-meta":"","header-main-stick-meta":"","header-below-stick-meta":""},"product_cat":[38],"product_tag":[],"class_list":["post-710","product","type-product","status-publish","has-post-thumbnail","hentry","product_cat-axial-inline-fan","desktop-align-left","tablet-align-left","mobile-align-left","ast-product-gallery-layout-vertical-slider","ast-product-tabs-layout-horizontal"],"_links":{"self":[{"href":"https:\/\/www.fangofast.com\/de\/wp-json\/wp\/v2\/product\/710","targetHints":{"allow":["GET"]}}],"collection":[{"href":"https:\/\/www.fangofast.com\/de\/wp-json\/wp\/v2\/product"}],"about":[{"href":"https:\/\/www.fangofast.com\/de\/wp-json\/wp\/v2\/types\/product"}],"wp:featuredmedia":[{"embeddable":true,"href":"https:\/\/www.fangofast.com\/de\/wp-json\/wp\/v2\/media\/715"}],"wp:attachment":[{"href":"https:\/\/www.fangofast.com\/de\/wp-json\/wp\/v2\/media?parent=710"}],"wp:term":[{"taxonomy":"product_cat","embeddable":true,"href":"https:\/\/www.fangofast.com\/de\/wp-json\/wp\/v2\/product_cat?post=710"},{"taxonomy":"product_tag","embeddable":true,"href":"https:\/\/www.fangofast.com\/de\/wp-json\/wp\/v2\/product_tag?post=710"}],"curies":[{"name":"wp","href":"https:\/\/api.w.org\/{rel}","templated":true}]}}