{"id":693,"date":"2024-05-25T11:23:47","date_gmt":"2024-05-25T03:23:47","guid":{"rendered":"http:\/\/www.fangofast.com\/?post_type=product&#038;p=693"},"modified":"2025-03-20T14:29:40","modified_gmt":"2025-03-20T06:29:40","slug":"bathroom-fan-5","status":"publish","type":"product","link":"https:\/\/www.fangofast.com\/de\/product\/bathroom-fan-5\/","title":{"rendered":"100B-Luftfeuchtigkeit Badezimmerventilator"},"content":{"rendered":"<div id=\"twister_feature_div\" class=\"celwidget\" data-feature-name=\"twister\" data-csa-c-type=\"widget\" data-csa-c-content-id=\"twister\" data-csa-c-slot-id=\"twister_feature_div\" data-csa-c-asin=\"B0BV63DJ79\" data-csa-c-is-in-initial-active-row=\"false\" data-csa-c-id=\"ap7tnp-r2rx4j-f87cwr-vllbv2\" data-cel-widget=\"twister_feature_div\">\n<div id=\"twister-plus-desktop-twister-container\" class=\"a-cardui-deck inline-twister-container-margins\" data-csa-c-content-id=\"twister-plus-inline-twister-container\" data-csa-c-slot-id=\"twister-plus-inline-twister-container\" data-csa-c-type=\"slot\" data-csa-c-id=\"wd9j4d-o44i6u-goetoj-g7h3ku\">\n<div id=\"twister-plus-inline-twister-card\" class=\"a-cardui inline-twister-card-padding\" data-a-card-type=\"basic\">\n<div class=\"a-cardui-body\">\n<div id=\"twister-plus-inline-twister\" class=\"a-section\">\n<div id=\"inline-twister-singleton-header-color_name\" class=\"a-section a-spacing-none inline-twister-singleton-header\"><\/div>\n<\/div>\n<\/div>\n<\/div>\n<\/div>\n<\/div>\n<div id=\"productOverview_feature_div\" class=\"celwidget\" data-feature-name=\"productOverview\" data-csa-c-type=\"widget\" data-csa-c-content-id=\"productOverview\" data-csa-c-slot-id=\"productOverview_feature_div\" data-csa-c-asin=\"B0BV63DJ79\" data-csa-c-is-in-initial-active-row=\"false\" data-csa-c-id=\"ngq3o2-3li0zh-3gg9m0-pmml6j\" data-cel-widget=\"productOverview_feature_div\">\n<div class=\"a-section a-spacing-small a-spacing-top-small\">\n<table class=\"a-normal a-spacing-micro\" style=\"height: 281px;\" width=\"1335\">\n<tbody>\n<tr class=\"a-spacing-small po-brand\">\n<td class=\"a-span3\"><span class=\"a-size-base a-text-bold\">Marke<\/span><\/td>\n<td class=\"a-span9\"><span class=\"a-size-base po-break-word\">FanGoFast<\/span><\/td>\n<\/tr>\n<tr class=\"a-spacing-small po-color\">\n<td class=\"a-span3\"><span class=\"a-size-base a-text-bold\">Farbe<\/span><\/td>\n<td class=\"a-span9\"><span class=\"a-size-base po-break-word\">Wei\u00df<\/span><\/td>\n<\/tr>\n<tr class=\"a-spacing-small po-electric_fan_design\">\n<td class=\"a-span3\"><span class=\"a-size-base a-text-bold\">Elektrischer Ventilator<\/span><\/td>\n<td class=\"a-span9\"><span class=\"a-size-base po-break-word\">Abluftventilator<\/span><\/td>\n<\/tr>\n<tr class=\"a-spacing-small po-power_source_type\">\n<td class=\"a-span3\"><span class=\"a-size-base a-text-bold\">Stromquelle<\/span><\/td>\n<td class=\"a-span9\"><span class=\"a-size-base po-break-word\">YES<\/span><\/td>\n<\/tr>\n<tr class=\"a-spacing-small po-style\">\n<td class=\"a-span3\"><span class=\"a-size-base a-text-bold\">Stil<\/span><\/td>\n<td class=\"a-span9\"><span class=\"a-size-base po-break-word\">Typ 100 Feuchtigkeit<\/span><\/td>\n<\/tr>\n<tr class=\"a-spacing-small po-item_depth_width_height\">\n<td class=\"a-span3\"><span class=\"a-size-base a-text-bold\">Abmessungen des Produkts<\/span><\/td>\n<td class=\"a-span9\"><span class=\"a-size-base po-break-word\">16D x 11W x 11H Zentimeter<\/span><\/td>\n<\/tr>\n<\/tbody>\n<\/table>\n<\/div>\n<\/div>\n<p>&nbsp;<\/p>\n<ul>\n<li class=\"a-spacing-mini\"><span class=\"a-list-item\">Intelligente Feuchtigkeitssteuerung Der Ventilator mit Hygrosensor verf\u00fcgt \u00fcber einen eingebauten fortschrittlichen Feuchtigkeitssensor, der den Badventilator automatisch einschaltet, wenn die Luftfeuchtigkeit einen eingestellten Wert von 50-90 Prozent \u00fcberschreitet, mit einer Laufzeit von 1 bis 30 Minuten, je nach Ihren Anforderungen!<\/span><\/li>\n<li class=\"a-spacing-mini\"><span class=\"a-list-item\">Einfache Installation: Der 100-mm-Badventilator wird mit komplettem Montagezubeh\u00f6r, einschlie\u00dflich Schrauben und D\u00fcbeln, geliefert, um eine schnelle und einfache Installation zu gew\u00e4hrleisten. Ob Sie ihn an der Wand, an der Decke oder am Fenster montieren, er ist einfach und f\u00fcr alle Benutzer geeignet.<\/span><\/li>\n<li class=\"a-spacing-mini\"><span class=\"a-list-item\">Ultra-leises Design: Mit einem Ger\u00e4uschpegel von nur 30 dB saugt der feuchtigkeitsregulierende Ventilator die Luft ab, ohne Sie bei der Arbeit oder beim Ausruhen zu st\u00f6ren. Sein ger\u00e4uscharmes Design macht ihn ideal f\u00fcr Schlafzimmer, Badezimmer oder andere Umgebungen, die eine ruhige Umgebung erfordern.<\/span><\/li>\n<li class=\"a-spacing-mini\"><span class=\"a-list-item\">ELEGANTES DESIGN Dieser Dunstabzug f\u00fcgt sich mit seinem schlichten und doch modernen Erscheinungsbild in eine Vielzahl von Einrichtungsstilen ein. Egal, ob Sie ein traditionelles oder ein modernes Badezimmer haben, dieser wandmontierte Badventilator wird sich nahtlos einf\u00fcgen und Ihrem Raum einen Hauch von Eleganz verleihen.<\/span><\/li>\n<li class=\"a-spacing-mini\"><span class=\"a-list-item\">Effiziente Bel\u00fcftung: Dieser effiziente Abluftventilator f\u00fcr das Badezimmer verf\u00fcgt \u00fcber eine leistungsstarke Bel\u00fcftungsfunktion, die \u00fcbersch\u00fcssige Feuchtigkeit und Ger\u00fcche effektiv beseitigt und f\u00fcr eine frische Luftzirkulation sorgt. Ob nach dem Duschen oder in einer feuchten Umgebung, er stellt die Luftqualit\u00e4t schnell wieder her und verbessert das Wohngef\u00fchl.<\/span><\/li>\n<\/ul>","protected":false},"excerpt":{"rendered":"<p>Brand FanGoFast Colour White Electric fan design Exhaust Fan Power source YES Style Type 100 humidity Product dimensions 16D x 11W x 11H centimetres &nbsp; Intelligent Humidity Control The fan with hygrosensor has a built-in advanced humidity sensor, which automatically turns on the bathroom fan when the humidity exceeds a set value of 50-90 percent, &hellip;<\/p>\n<p class=\"read-more\"> <a class=\"\" href=\"https:\/\/www.fangofast.com\/de\/product\/bathroom-fan-5\/\"> <span class=\"screen-reader-text\">100B-Luftfeuchtigkeit Badezimmerventilator<\/span> Read More \u00bb<\/a><\/p>","protected":false},"featured_media":1254,"template":"","meta":{"site-sidebar-layout":"default","site-content-layout":"default","ast-global-header-display":"","ast-main-header-display":"","ast-hfb-above-header-display":"","ast-hfb-below-header-display":"","ast-hfb-mobile-header-display":"","site-post-title":"","ast-breadcrumbs-content":"","ast-featured-img":"","footer-sml-layout":"","theme-transparent-header-meta":"default","adv-header-id-meta":"","stick-header-meta":"","header-above-stick-meta":"","header-main-stick-meta":"","header-below-stick-meta":""},"product_cat":[37],"product_tag":[],"class_list":["post-693","product","type-product","status-publish","has-post-thumbnail","hentry","product_cat-bathroom-fan","desktop-align-left","tablet-align-left","mobile-align-left","ast-product-gallery-layout-vertical-slider","ast-product-tabs-layout-horizontal"],"_links":{"self":[{"href":"https:\/\/www.fangofast.com\/de\/wp-json\/wp\/v2\/product\/693","targetHints":{"allow":["GET"]}}],"collection":[{"href":"https:\/\/www.fangofast.com\/de\/wp-json\/wp\/v2\/product"}],"about":[{"href":"https:\/\/www.fangofast.com\/de\/wp-json\/wp\/v2\/types\/product"}],"wp:featuredmedia":[{"embeddable":true,"href":"https:\/\/www.fangofast.com\/de\/wp-json\/wp\/v2\/media\/1254"}],"wp:attachment":[{"href":"https:\/\/www.fangofast.com\/de\/wp-json\/wp\/v2\/media?parent=693"}],"wp:term":[{"taxonomy":"product_cat","embeddable":true,"href":"https:\/\/www.fangofast.com\/de\/wp-json\/wp\/v2\/product_cat?post=693"},{"taxonomy":"product_tag","embeddable":true,"href":"https:\/\/www.fangofast.com\/de\/wp-json\/wp\/v2\/product_tag?post=693"}],"curies":[{"name":"wp","href":"https:\/\/api.w.org\/{rel}","templated":true}]}}