{"id":689,"date":"2024-05-25T11:23:20","date_gmt":"2024-05-25T03:23:20","guid":{"rendered":"http:\/\/www.fangofast.com\/?post_type=product&#038;p=689"},"modified":"2025-03-20T14:17:21","modified_gmt":"2025-03-20T06:17:21","slug":"bathroom-fan-4","status":"publish","type":"product","link":"https:\/\/www.fangofast.com\/de\/product\/bathroom-fan-4\/","title":{"rendered":"150-A Badventilator"},"content":{"rendered":"<table class=\"a-normal a-spacing-micro\">\n<tbody>\n<tr class=\"a-spacing-small po-brand\">\n<td class=\"a-span3\"><span class=\"a-size-base a-text-bold\">Marke<\/span><\/td>\n<td class=\"a-span9\"><span class=\"a-size-base po-break-word\">FanGoFast<\/span><\/td>\n<\/tr>\n<tr class=\"a-spacing-small po-color\">\n<td class=\"a-span3\"><span class=\"a-size-base a-text-bold\">Farbe<\/span><\/td>\n<td class=\"a-span9\"><span class=\"a-size-base po-break-word\">Wei\u00df<\/span><\/td>\n<\/tr>\n<tr class=\"a-spacing-small po-electric_fan_design\">\n<td class=\"a-span3\"><span class=\"a-size-base a-text-bold\">Elektrischer Ventilator<\/span><\/td>\n<td class=\"a-span9\"><span class=\"a-size-base po-break-word\">Abluftventilator<\/span><\/td>\n<\/tr>\n<tr class=\"a-spacing-small po-power_source_type\">\n<td class=\"a-span3\"><span class=\"a-size-base a-text-bold\">Stromquelle<\/span><\/td>\n<td class=\"a-span9\"><span class=\"a-size-base po-break-word\">Elektrisch mit Kabel<\/span><\/td>\n<\/tr>\n<tr class=\"a-spacing-small po-style\">\n<td class=\"a-span3\"><span class=\"a-size-base a-text-bold\">Stil<\/span><\/td>\n<td class=\"a-span9\"><span class=\"a-size-base po-break-word\">Typ 150A<\/span><\/td>\n<\/tr>\n<tr class=\"a-spacing-small po-item_depth_width_height\">\n<td class=\"a-span3\"><span class=\"a-size-base a-text-bold\">Abmessungen des Produkts<\/span><\/td>\n<td class=\"a-span9\"><span class=\"a-size-base po-break-word\">20D x 13.5W x 20H Zentimeter<\/span><\/td>\n<\/tr>\n<tr class=\"a-spacing-small po-room_type\">\n<td class=\"a-span3\"><span class=\"a-size-base a-text-bold\">Zimmer-Typ<\/span><\/td>\n<td class=\"a-span9\"><span class=\"a-size-base po-break-word\">Badezimmer<\/span><\/td>\n<\/tr>\n<tr class=\"a-spacing-small po-special_feature\">\n<td class=\"a-span3\"><span class=\"a-size-base a-text-bold\">Besonderes Merkmal<\/span><\/td>\n<td class=\"a-span9\"><span class=\"a-size-base po-break-word\">Wasserdicht<\/span><\/td>\n<\/tr>\n<tr class=\"a-spacing-small po-recommended_uses_for_product\">\n<td class=\"a-span3\"><span class=\"a-size-base a-text-bold\">Empfohlene Verwendung des Produkts<\/span><\/td>\n<td class=\"a-span9\"><span class=\"a-size-base po-break-word\">Bel\u00fcftung<\/span><\/td>\n<\/tr>\n<tr class=\"a-spacing-small po-noise_level\">\n<td class=\"a-span3\"><span class=\"a-size-base a-text-bold\">Ger\u00e4uschpegel<\/span><\/td>\n<td class=\"a-span9\"><span class=\"a-size-base po-break-word\">37 dB<\/span><\/td>\n<\/tr>\n<\/tbody>\n<\/table>\n<p>&nbsp;<\/p>\n<ul>\n<li class=\"a-spacing-mini\"><span class=\"a-list-item\">Kostenlos - ein Schraubendreher ist im Lieferumfang enthalten<\/span><\/li>\n<li class=\"a-spacing-mini\"><span class=\"a-list-item\">Badventilator mit 150 mm Durchmesser: Dieser Badventilator mit einem Durchmesser von 150 mm besteht aus korrosionsbest\u00e4ndigem ABS-Material, das leicht ist und sich nicht leicht verformt, sowie eine ausgezeichnete Hitzebest\u00e4ndigkeit und Haltbarkeit aufweist. Betriebsspannung: 230 V\/50 Hz; Leistung: 17 W; energiesparend. Die geringere Leistung kann Ihnen einen zufriedenstellenden Luftstrom bringen. Luftstrom: 132 m\u00b3\/h; Motordrehzahl: 1550 RPM; Gewicht: 0,7 kg.<\/span><\/li>\n<li class=\"a-spacing-mini\"><span class=\"a-list-item\">Spezielles R\u00fcckschlagventil - im Gegensatz zu anderen Abluftventilatoren sind die FanGoFast Abluftventilatoren 150 mm mit einem 4-t\u00fcrigen R\u00fcckschlagventil ausgestattet, das dem Schwerkraftprinzip besser entspricht und den Luftstromverlust minimiert. Und das R\u00fcckschlagventil ist aus flexiblem und elastischem Spezialmaterial gefertigt, das haltbarer ist als der allgemeine Abluftventilator.<\/span><\/li>\n<li class=\"a-spacing-mini\"><span class=\"a-list-item\">Ger\u00e4uscharm: Dieser 150-mm-Wandventilator ist mit einem Kupfermotor mit doppeltem Kugellager ausgestattet, der eine hohe Effizienz, einen leisen Betrieb und eine hochwertige Leistung gew\u00e4hrleistet. Im Vergleich zu herk\u00f6mmlichen Motoren kann der verbesserte Motor den Reibungskoeffizienten reduzieren, effektiv Energie sparen und das Ger\u00e4usch des 150-mm-Badventilators reduzieren.<\/span><\/li>\n<li class=\"a-spacing-mini\"><span class=\"a-list-item\">\u00dcberhitzungsschutz: Axiall\u00fcfterbl\u00e4tter sorgen f\u00fcr optimale K\u00fchlung und ein abgedichteter Motor mit reinem Kupferlager erzeugt weniger W\u00e4rme, verl\u00e4ngert die Betriebszeit und verl\u00e4ngert die Lebensdauer. Der eingebaute \u00dcberhitzungsschutz unterbricht den Kontakt, wenn der Motor \u00fcberhitzt, und \u00fcbernimmt die Funktion des Stromausfallschutzes und des Doppelschutzes.<\/span><\/li>\n<li class=\"a-spacing-mini\"><span class=\"a-list-item\">Breite Anwendung: dieses Bad L\u00fcfterventilator 150 mm ist die ideale Wahl f\u00fcr die Schaffung eines effizienten HVAC-System in K\u00fcchen, Schlafzimmer, B\u00fcros, Keller, Lagerhallen, Garagen und anderen Bereichen, die kontinuierliche oder erforderlich sind. Wir bieten 30 Tage schnelle volle R\u00fcckerstattung und neuen Ersatz-Service innerhalb von 18 Monaten Garantie. Alle Fragen mit diesem Bad Ventilator, bitte frei, uns jederzeit zu kontaktieren.<\/span><\/li>\n<\/ul>","protected":false},"excerpt":{"rendered":"<p>Brand FanGoFast Colour White Electric fan design Exhaust Fan Power source Corded Electric Style Type 150A Product dimensions 20D x 13.5W x 20H centimetres Room type Bathroom Special feature Waterproof Recommended uses for product Ventilating Noise level 37 dB &nbsp; For free \u2013 a screwdriver is included Diameter 150 mm bathroom fan: This 150 mm &hellip;<\/p>\n<p class=\"read-more\"> <a class=\"\" href=\"https:\/\/www.fangofast.com\/de\/product\/bathroom-fan-4\/\"> <span class=\"screen-reader-text\">150-A Badventilator<\/span> Read More \u00bb<\/a><\/p>","protected":false},"featured_media":692,"template":"","meta":{"site-sidebar-layout":"default","site-content-layout":"default","ast-global-header-display":"","ast-main-header-display":"","ast-hfb-above-header-display":"","ast-hfb-below-header-display":"","ast-hfb-mobile-header-display":"","site-post-title":"","ast-breadcrumbs-content":"","ast-featured-img":"","footer-sml-layout":"","theme-transparent-header-meta":"default","adv-header-id-meta":"","stick-header-meta":"","header-above-stick-meta":"","header-main-stick-meta":"","header-below-stick-meta":""},"product_cat":[37],"product_tag":[],"class_list":["post-689","product","type-product","status-publish","has-post-thumbnail","hentry","product_cat-bathroom-fan","desktop-align-left","tablet-align-left","mobile-align-left","ast-product-gallery-layout-vertical-slider","ast-product-tabs-layout-horizontal"],"_links":{"self":[{"href":"https:\/\/www.fangofast.com\/de\/wp-json\/wp\/v2\/product\/689","targetHints":{"allow":["GET"]}}],"collection":[{"href":"https:\/\/www.fangofast.com\/de\/wp-json\/wp\/v2\/product"}],"about":[{"href":"https:\/\/www.fangofast.com\/de\/wp-json\/wp\/v2\/types\/product"}],"wp:featuredmedia":[{"embeddable":true,"href":"https:\/\/www.fangofast.com\/de\/wp-json\/wp\/v2\/media\/692"}],"wp:attachment":[{"href":"https:\/\/www.fangofast.com\/de\/wp-json\/wp\/v2\/media?parent=689"}],"wp:term":[{"taxonomy":"product_cat","embeddable":true,"href":"https:\/\/www.fangofast.com\/de\/wp-json\/wp\/v2\/product_cat?post=689"},{"taxonomy":"product_tag","embeddable":true,"href":"https:\/\/www.fangofast.com\/de\/wp-json\/wp\/v2\/product_tag?post=689"}],"curies":[{"name":"wp","href":"https:\/\/api.w.org\/{rel}","templated":true}]}}