{"id":677,"date":"2024-05-25T11:22:37","date_gmt":"2024-05-25T03:22:37","guid":{"rendered":"http:\/\/www.fangofast.com\/?post_type=product&#038;p=677"},"modified":"2025-03-20T14:22:47","modified_gmt":"2025-03-20T06:22:47","slug":"bathroom-fan-3","status":"publish","type":"product","link":"https:\/\/www.fangofast.com\/de\/product\/bathroom-fan-3\/","title":{"rendered":"150-B Badventilator"},"content":{"rendered":"<table class=\"a-normal a-spacing-micro\">\n<tbody>\n<tr class=\"a-spacing-small po-brand\">\n<td class=\"a-span3\"><span class=\"a-size-base a-text-bold\">Marke<\/span><\/td>\n<td class=\"a-span9\"><span class=\"a-size-base po-break-word\">FanGoFast<\/span><\/td>\n<\/tr>\n<tr class=\"a-spacing-small po-color\">\n<td class=\"a-span3\"><span class=\"a-size-base a-text-bold\">Farbe<\/span><\/td>\n<td class=\"a-span9\"><span class=\"a-size-base po-break-word\">Wei\u00df<\/span><\/td>\n<\/tr>\n<tr class=\"a-spacing-small po-electric_fan_design\">\n<td class=\"a-span3\"><span class=\"a-size-base a-text-bold\">Elektrischer Ventilator<\/span><\/td>\n<td class=\"a-span9\"><span class=\"a-size-base po-break-word\">Abluftventilator<\/span><\/td>\n<\/tr>\n<tr class=\"a-spacing-small po-power_source_type\">\n<td class=\"a-span3\"><span class=\"a-size-base a-text-bold\">Stromquelle<\/span><\/td>\n<td class=\"a-span9\"><span class=\"a-size-base po-break-word\">Wechselstrom (AC)<\/span><\/td>\n<\/tr>\n<tr class=\"a-spacing-small po-style\">\n<td class=\"a-span3\"><span class=\"a-size-base a-text-bold\">Stil<\/span><\/td>\n<td class=\"a-span9\"><span class=\"a-size-base po-break-word\">Typ-150B<\/span><\/td>\n<\/tr>\n<tr class=\"a-spacing-small po-item_depth_width_height\">\n<td class=\"a-span3\"><span class=\"a-size-base a-text-bold\">Abmessungen des Produkts<\/span><\/td>\n<td class=\"a-span9\"><span class=\"a-size-base po-break-word\">13,5 T x 20 B x 20 H Zentimeter<\/span><\/td>\n<\/tr>\n<tr class=\"a-spacing-small po-room_type\">\n<td class=\"a-span3\"><span class=\"a-size-base a-text-bold\">Zimmer-Typ<\/span><\/td>\n<td class=\"a-span9\"><span class=\"a-size-base po-break-word\">K\u00fcche<\/span><\/td>\n<\/tr>\n<tr class=\"a-spacing-small po-special_feature\">\n<td class=\"a-span3\"><span class=\"a-size-base a-text-bold\">Besonderes Merkmal<\/span><\/td>\n<td class=\"a-span9\"><span class=\"a-size-base po-break-word\">Wasserdicht<\/span><\/td>\n<\/tr>\n<tr class=\"a-spacing-small po-recommended_uses_for_product\">\n<td class=\"a-span3\"><span class=\"a-size-base a-text-bold\">Empfohlene Verwendung des Produkts<\/span><\/td>\n<td class=\"a-span9\"><span class=\"a-size-base po-break-word\">Bel\u00fcftung<\/span><\/td>\n<\/tr>\n<tr class=\"a-spacing-small po-noise_level\">\n<td class=\"a-span3\"><span class=\"a-size-base a-text-bold\">Ger\u00e4uschpegel<\/span><\/td>\n<td class=\"a-span9\"><span class=\"a-size-base po-break-word\">46 dB<\/span><\/td>\n<\/tr>\n<\/tbody>\n<\/table>\n<p>&nbsp;<\/p>\n<ul>\n<li class=\"a-spacing-mini\"><span class=\"a-list-item\">Kostenlos - ein Schraubendreher ist im Lieferumfang enthalten<\/span><\/li>\n<li class=\"a-spacing-mini\"><span class=\"a-list-item\">Hohe Leistung: Betriebsspannung: 230 V\/50 Hz; Leistung: 17 W; Luftstrom: 132 m\u00b3\/h. Der 150-mm-Standard-Badventilator ist eine ideale L\u00f6sung f\u00fcr R\u00e4ume mit hoher Luftfeuchtigkeit, wie z. B. Badezimmer, K\u00fcchen, Garagen, Keller, Wohnr\u00e4ume, B\u00fcros, Werkzeugr\u00e4ume usw.<\/span><\/li>\n<li class=\"a-spacing-mini\"><span class=\"a-list-item\">Spezielles R\u00fcckschlagventil - im Gegensatz zu anderen Abluftventilatoren sind die leisen FanGoFast 150-mm-Badventilatoren mit einem 4-t\u00fcrigen R\u00fcckschlagventil ausgestattet, das dem Schwerkraftprinzip besser entspricht und den Luftstromverlust minimiert. Und das R\u00fcckschlagventil ist aus flexiblem und elastischem Spezialmaterial gefertigt, das haltbarer ist als der allgemeine Abluftventilator.<\/span><\/li>\n<li class=\"a-spacing-mini\"><span class=\"a-list-item\">Ger\u00e4uscharm: Dieser 150-mm-Wandventilator ist mit einem Kupfermotor mit doppeltem Kugellager ausgestattet, der eine hohe Effizienz, einen leisen Betrieb und eine hochwertige Leistung gew\u00e4hrleistet. Im Vergleich zu herk\u00f6mmlichen Motoren kann der verbesserte Motor den Reibungskoeffizienten reduzieren, effektiv Energie sparen und das Ger\u00e4usch des 150-mm-Badventilators reduzieren.<\/span><\/li>\n<li class=\"a-spacing-mini\"><span class=\"a-list-item\">Hochwertiges Material: Der Hauptrahmen und der Ventilatorfl\u00fcgel des Badabluftventilators sind aus dem Anti-UV-Material ABS gefertigt, das einen guten Korrosions- und Alterungsschutz bietet und leicht zu reinigen ist.<\/span><\/li>\n<li class=\"a-spacing-mini\"><span class=\"a-list-item\">KUNDENFREUNDLICHER SERVICE - Wir bieten 30 Tage schnelle volle R\u00fcckerstattung und neuen Ersatzservice innerhalb von 18 Monaten Garantie. Alle Fragen mit diesem Bad Abluftventilator, werden Sie gebeten, uns jederzeit zu kontaktieren.<\/span><\/li>\n<\/ul>","protected":false},"excerpt":{"rendered":"<p>Brand FanGoFast Colour White Electric fan design Exhaust Fan Power source Alternating Current (AC) Style Type-150B Product dimensions 13.5D x 20W x 20H centimetres Room type Kitchen Special feature Waterproof Recommended uses for product Ventilating Noise level 46 dB &nbsp; For free \u2013 a screwdriver is included High performance: operating voltage: 230 V\/50 Hz; power: &hellip;<\/p>\n<p class=\"read-more\"> <a class=\"\" href=\"https:\/\/www.fangofast.com\/de\/product\/bathroom-fan-3\/\"> <span class=\"screen-reader-text\">150-B Badventilator<\/span> Read More \u00bb<\/a><\/p>","protected":false},"featured_media":1247,"template":"","meta":{"site-sidebar-layout":"default","site-content-layout":"default","ast-global-header-display":"","ast-main-header-display":"","ast-hfb-above-header-display":"","ast-hfb-below-header-display":"","ast-hfb-mobile-header-display":"","site-post-title":"","ast-breadcrumbs-content":"","ast-featured-img":"","footer-sml-layout":"","theme-transparent-header-meta":"default","adv-header-id-meta":"","stick-header-meta":"","header-above-stick-meta":"","header-main-stick-meta":"","header-below-stick-meta":""},"product_cat":[37],"product_tag":[],"class_list":["post-677","product","type-product","status-publish","has-post-thumbnail","hentry","product_cat-bathroom-fan","desktop-align-left","tablet-align-left","mobile-align-left","ast-product-gallery-layout-vertical-slider","ast-product-tabs-layout-horizontal"],"_links":{"self":[{"href":"https:\/\/www.fangofast.com\/de\/wp-json\/wp\/v2\/product\/677","targetHints":{"allow":["GET"]}}],"collection":[{"href":"https:\/\/www.fangofast.com\/de\/wp-json\/wp\/v2\/product"}],"about":[{"href":"https:\/\/www.fangofast.com\/de\/wp-json\/wp\/v2\/types\/product"}],"wp:featuredmedia":[{"embeddable":true,"href":"https:\/\/www.fangofast.com\/de\/wp-json\/wp\/v2\/media\/1247"}],"wp:attachment":[{"href":"https:\/\/www.fangofast.com\/de\/wp-json\/wp\/v2\/media?parent=677"}],"wp:term":[{"taxonomy":"product_cat","embeddable":true,"href":"https:\/\/www.fangofast.com\/de\/wp-json\/wp\/v2\/product_cat?post=677"},{"taxonomy":"product_tag","embeddable":true,"href":"https:\/\/www.fangofast.com\/de\/wp-json\/wp\/v2\/product_tag?post=677"}],"curies":[{"name":"wp","href":"https:\/\/api.w.org\/{rel}","templated":true}]}}