{"id":676,"date":"2024-05-25T11:22:16","date_gmt":"2024-05-25T03:22:16","guid":{"rendered":"http:\/\/www.fangofast.com\/?post_type=product&#038;p=676"},"modified":"2025-03-20T14:16:22","modified_gmt":"2025-03-20T06:16:22","slug":"bathroom-fan-2","status":"publish","type":"product","link":"https:\/\/www.fangofast.com\/de\/product\/bathroom-fan-2\/","title":{"rendered":"100-B Badventilator"},"content":{"rendered":"<table>\n<tbody>\n<tr>\n<td width=\"129\"><strong><b>Marke<\/b><\/strong><\/td>\n<td width=\"412\">FanGoFast<\/td>\n<\/tr>\n<tr>\n<td width=\"129\"><strong><b>Farbe<\/b><\/strong><\/td>\n<td width=\"412\">Wei\u00df<\/td>\n<\/tr>\n<tr>\n<td width=\"129\"><strong><b>Elektrischer Ventilator<\/b><\/strong><\/td>\n<td width=\"412\">Abluftventilator<\/td>\n<\/tr>\n<tr>\n<td width=\"129\"><strong><b>Stromquelle<\/b><\/strong><\/td>\n<td width=\"412\">Elektrisch mit Kabel<\/td>\n<\/tr>\n<tr>\n<td width=\"129\"><strong><b>Stil<\/b><\/strong><\/td>\n<td width=\"412\">Typ-44B<\/td>\n<\/tr>\n<tr>\n<td width=\"129\"><strong><b>Abmessungen des Produkts<\/b><\/strong><\/td>\n<td width=\"412\">16D x 16W x 11H Zentimeter<\/td>\n<\/tr>\n<tr>\n<td width=\"129\"><strong><b>Zimmer-Typ<\/b><\/strong><\/td>\n<td width=\"412\">K\u00fcche, Badezimmer<\/td>\n<\/tr>\n<tr>\n<td width=\"129\"><strong><b>Besonderes Merkmal<\/b><\/strong><\/td>\n<td width=\"412\">Leichtgewicht<\/td>\n<\/tr>\n<tr>\n<td width=\"129\"><strong><b>Empfohlene Verwendung des Produkts<\/b><\/strong><\/td>\n<td width=\"412\">Bel\u00fcftung<\/td>\n<\/tr>\n<tr>\n<td width=\"129\"><strong><b>Ger\u00e4uschpegel<\/b><\/strong><\/td>\n<td width=\"412\">34 dB<\/td>\n<\/tr>\n<\/tbody>\n<\/table>\n<p>&nbsp;<\/p>\n<ul>\n<li class=\"a-spacing-mini\"><span class=\"a-list-item\">Bitte w\u00e4hlen Sie es verkauft von HVAC paopao.<\/span><\/li>\n<li class=\"a-spacing-mini\"><span class=\"a-list-item\">Badventilator mit 100 mm Durchmesser: Dieser 100-mm-Badventilator ist aus korrosionsbest\u00e4ndigem ABS-Material hergestellt, das leicht ist und sich nicht leicht verformt, ausgezeichnete Hitzebest\u00e4ndigkeit und Haltbarkeit. Betriebsspannung: 230 V\/50 Hz; Leistung: 12 W; energiesparend. Die geringere Leistung kann Ihnen einen zufriedenstellenden Luftstrom bringen.<\/span><\/li>\n<li class=\"a-spacing-mini\"><span class=\"a-list-item\">Spezielles R\u00fcckschlagventil - im Gegensatz zu anderen Abluftventilatoren sind die FanGoFast Abluftventilatoren 100 mm mit einem 4-t\u00fcrigen R\u00fcckschlagventil ausgestattet, das dem Schwerkraftprinzip besser entspricht und den Luftstromverlust minimiert. Und das R\u00fcckschlagventil ist aus flexiblem und elastischem Spezialmaterial gefertigt, das haltbarer ist als der allgemeine Abluftventilator.<\/span><\/li>\n<li class=\"a-spacing-mini\"><span class=\"a-list-item\">Ger\u00e4uscharm: Dieser 100-mm-Wandventilator ist mit einem Kupfermotor mit doppeltem Kugellager ausgestattet, der eine hohe Effizienz, einen leisen Betrieb und eine hochwertige Leistung gew\u00e4hrleistet. Im Vergleich zu herk\u00f6mmlichen Motoren kann der verbesserte Motor den Reibungskoeffizienten reduzieren, effektiv Energie sparen und das Ger\u00e4usch des 100-mm-Badventilators reduzieren.<\/span><\/li>\n<li class=\"a-spacing-mini\"><span class=\"a-list-item\">\u00dcberhitzungsschutz: Axiall\u00fcfterbl\u00e4tter sorgen f\u00fcr optimale K\u00fchlung und ein abgedichteter Motor mit reinem Kupferlager erzeugt weniger W\u00e4rme, verl\u00e4ngert die Betriebszeit und verl\u00e4ngert die Lebensdauer. Der eingebaute \u00dcberhitzungsschutz unterbricht den Kontakt, wenn der Motor \u00fcberhitzt, und \u00fcbernimmt die Funktion des Stromausfallschutzes und des Doppelschutzes.<\/span><\/li>\n<li class=\"a-spacing-mini\"><span class=\"a-list-item\">Breiter Einsatzbereich: Dieser Badl\u00fcfter 100 mm ist die ideale Wahl f\u00fcr die Schaffung eines effizienten HLK-Systems in K\u00fcchen, Schlafzimmern, B\u00fcros, Kellern, Lagerhallen, Garagen und anderen Bereichen, die kontinuierlich oder erforderlich sind. Wir bieten 30 Tage schnelle volle R\u00fcckerstattung und neuen Ersatz-Service innerhalb von 18 Monaten Garantie. Alle Fragen mit diesem Bad Ventilator, bitte frei, uns jederzeit zu kontaktieren.<\/span><\/li>\n<\/ul>","protected":false},"excerpt":{"rendered":"<p>Brand FanGoFast Colour White Electric fan design Exhaust Fan Power source Corded Electric Style Type-44B Product dimensions 16D x 16W x 11H centimetres Room type Kitchen, Bathroom Special feature Lightweight Recommended uses for product Ventilating Noise level 34 dB &nbsp; Please choose it sold by HVAC paopao. Diameter 100 mm bathroom fan: This 100 mm &hellip;<\/p>\n<p class=\"read-more\"> <a class=\"\" href=\"https:\/\/www.fangofast.com\/de\/product\/bathroom-fan-2\/\"> <span class=\"screen-reader-text\">100-B Badventilator<\/span> Read More \u00bb<\/a><\/p>","protected":false},"featured_media":1239,"template":"","meta":{"site-sidebar-layout":"default","site-content-layout":"default","ast-global-header-display":"","ast-main-header-display":"","ast-hfb-above-header-display":"","ast-hfb-below-header-display":"","ast-hfb-mobile-header-display":"","site-post-title":"","ast-breadcrumbs-content":"","ast-featured-img":"","footer-sml-layout":"","theme-transparent-header-meta":"default","adv-header-id-meta":"","stick-header-meta":"","header-above-stick-meta":"","header-main-stick-meta":"","header-below-stick-meta":""},"product_cat":[37],"product_tag":[],"class_list":["post-676","product","type-product","status-publish","has-post-thumbnail","hentry","product_cat-bathroom-fan","desktop-align-left","tablet-align-left","mobile-align-left","ast-product-gallery-layout-vertical-slider","ast-product-tabs-layout-horizontal"],"_links":{"self":[{"href":"https:\/\/www.fangofast.com\/de\/wp-json\/wp\/v2\/product\/676","targetHints":{"allow":["GET"]}}],"collection":[{"href":"https:\/\/www.fangofast.com\/de\/wp-json\/wp\/v2\/product"}],"about":[{"href":"https:\/\/www.fangofast.com\/de\/wp-json\/wp\/v2\/types\/product"}],"wp:featuredmedia":[{"embeddable":true,"href":"https:\/\/www.fangofast.com\/de\/wp-json\/wp\/v2\/media\/1239"}],"wp:attachment":[{"href":"https:\/\/www.fangofast.com\/de\/wp-json\/wp\/v2\/media?parent=676"}],"wp:term":[{"taxonomy":"product_cat","embeddable":true,"href":"https:\/\/www.fangofast.com\/de\/wp-json\/wp\/v2\/product_cat?post=676"},{"taxonomy":"product_tag","embeddable":true,"href":"https:\/\/www.fangofast.com\/de\/wp-json\/wp\/v2\/product_tag?post=676"}],"curies":[{"name":"wp","href":"https:\/\/api.w.org\/{rel}","templated":true}]}}