{"id":666,"date":"2024-05-25T11:21:32","date_gmt":"2024-05-25T03:21:32","guid":{"rendered":"http:\/\/www.fangofast.com\/?post_type=product&#038;p=666"},"modified":"2025-03-20T14:08:41","modified_gmt":"2025-03-20T06:08:41","slug":"bathroom-fan","status":"publish","type":"product","link":"https:\/\/www.fangofast.com\/de\/product\/bathroom-fan\/","title":{"rendered":"100A-Timer Badventilator"},"content":{"rendered":"<p>Badezimmer-Ventilator<\/p>\n<table style=\"font-size: 16px; font-style: normal;\">\n<tbody>\n<tr>\n<td width=\"147\"><strong><b>B<\/b><\/strong><strong><b>rand<\/b><\/strong><\/td>\n<td width=\"366\">FanGoFast<\/td>\n<\/tr>\n<tr>\n<td width=\"147\"><strong><b>Farbe<\/b><\/strong><\/td>\n<td width=\"366\">Wei\u00df<\/td>\n<\/tr>\n<tr>\n<td width=\"147\"><strong><b>Elektrischer Ventilator<\/b><\/strong><\/td>\n<td width=\"366\">Abluftventilator<\/td>\n<\/tr>\n<tr>\n<td width=\"147\"><strong><b>Stromquelle<\/b><\/strong><\/td>\n<td width=\"366\">Elektrisch mit Kabel<\/td>\n<\/tr>\n<tr>\n<td width=\"147\"><strong><b>Stil<\/b><\/strong><\/td>\n<td width=\"366\">Typ-100A-Timer<\/td>\n<\/tr>\n<tr>\n<td width=\"147\"><strong><b>Abmessungen des Produkts<\/b><\/strong><\/td>\n<td width=\"366\">16T x 11B x 11H cm<\/td>\n<\/tr>\n<tr>\n<td width=\"147\"><strong><b>Zimmer-Typ<\/b><\/strong><\/td>\n<td width=\"366\">K\u00fcche, Badezimmer<\/td>\n<\/tr>\n<tr>\n<td width=\"147\"><strong><b>Besonderes Merkmal<\/b><\/strong><\/td>\n<td width=\"366\">Leichtgewicht<\/td>\n<\/tr>\n<tr>\n<td width=\"147\"><strong><b>Empfohlene Verwendung des Produkts<\/b><\/strong><\/td>\n<td width=\"366\">Bel\u00fcftung<\/td>\n<\/tr>\n<tr>\n<td width=\"147\"><strong><b>Ger\u00e4uschpegel<\/b><\/strong><\/td>\n<td width=\"366\">36 dB<\/td>\n<\/tr>\n<\/tbody>\n<\/table>\n<p>&nbsp;<\/p>\n<ul>\n<li class=\"a-spacing-mini\"><span class=\"a-list-item\">Kostenlos: ein Schraubendreher ist im Lieferumfang enthalten.<\/span><\/li>\n<li class=\"a-spacing-mini\"><span class=\"a-list-item\">Badventilator mit 100 mm Durchmesser: Dieser 100-mm-Badventilator ist aus korrosionsbest\u00e4ndigem ABS-Material hergestellt, das leicht ist und sich nicht leicht verformt, ausgezeichnete Hitzebest\u00e4ndigkeit und Haltbarkeit. Betriebsspannung: 230 V\/50 Hz; Leistung: 12 W; energiesparend. Die geringere Leistung kann Ihnen einen zufriedenstellenden Luftstrom bringen. Luftstrom: 66 m\u00b3\/h; Motordrehzahl: 2200 RPM.<\/span><\/li>\n<li class=\"a-spacing-mini\"><span class=\"a-list-item\">Zeitschaltfunktion: Der Badventilator verf\u00fcgt \u00fcber eine Zeitschaltfunktion, die Sie nach Ihren W\u00fcnschen einstellen k\u00f6nnen (1 Minute - 30 Minuten), einfache Installation und Bedienung, \u00e4u\u00dferst kosteng\u00fcnstige Wartung.<\/span><\/li>\n<li class=\"a-spacing-mini\"><span class=\"a-list-item\">Spezielles R\u00fcckschlagventil - im Gegensatz zu anderen Abluftventilatoren sind die FanGoFast Abluftventilatoren 100 mm mit einem 4-t\u00fcrigen R\u00fcckschlagventil ausgestattet, das dem Schwerkraftprinzip besser entspricht und den Luftstromverlust minimiert. Und das R\u00fcckschlagventil ist aus flexiblem und elastischem Spezialmaterial gefertigt, das haltbarer ist als der allgemeine Abluftventilator.<\/span><\/li>\n<li class=\"a-spacing-mini\"><span class=\"a-list-item\">Ger\u00e4uscharm: Dieser 100-mm-Wandventilator ist mit einem Kupfermotor mit doppeltem Kugellager ausgestattet, der eine hohe Effizienz, einen leisen Betrieb und eine hochwertige Leistung gew\u00e4hrleistet. Im Vergleich zu herk\u00f6mmlichen Motoren kann der verbesserte Motor den Reibungskoeffizienten reduzieren, effektiv Energie sparen und das Ger\u00e4usch des 100-mm-Badventilators reduzieren.<\/span><\/li>\n<li class=\"a-spacing-mini\"><span class=\"a-list-item\">Breiter Einsatzbereich: Dieser Badl\u00fcfter 100 mm ist die ideale Wahl f\u00fcr die Schaffung eines effizienten HLK-Systems in K\u00fcchen, Schlafzimmern, B\u00fcros, Kellern, Lagerhallen, Garagen und anderen Bereichen, die kontinuierlich oder erforderlich sind. Wir bieten 30 Tage schnelle volle R\u00fcckerstattung und neuen Ersatz-Service innerhalb von 18 Monaten Garantie. Alle Fragen mit diesem Bad Ventilator, bitte frei, uns jederzeit zu kontaktieren.<\/span><\/li>\n<\/ul>","protected":false},"excerpt":{"rendered":"<p>Bathroom Fan Brand FanGoFast Color White Electric fan design Exhaust Fan Power source Corded Electric Style Typ-100A-Timer Product dimensions 16D\u00a0x 11W\u00a0x 11H cm Room type Kitchen, Bathroom Special feature Lightweight Recommended uses for product Ventilating Noise level 36 dB &nbsp; For free: a screwdriver is included. Diameter 100 mm bathroom fan: This 100 mm bathroom &hellip;<\/p>\n<p class=\"read-more\"> <a class=\"\" href=\"https:\/\/www.fangofast.com\/de\/product\/bathroom-fan\/\"> <span class=\"screen-reader-text\">100A-Timer Badventilator<\/span> Read More \u00bb<\/a><\/p>","protected":false},"featured_media":669,"template":"","meta":{"site-sidebar-layout":"default","site-content-layout":"default","ast-global-header-display":"","ast-main-header-display":"","ast-hfb-above-header-display":"","ast-hfb-below-header-display":"","ast-hfb-mobile-header-display":"","site-post-title":"","ast-breadcrumbs-content":"","ast-featured-img":"","footer-sml-layout":"","theme-transparent-header-meta":"default","adv-header-id-meta":"","stick-header-meta":"","header-above-stick-meta":"","header-main-stick-meta":"","header-below-stick-meta":""},"product_cat":[37],"product_tag":[],"class_list":["post-666","product","type-product","status-publish","has-post-thumbnail","hentry","product_cat-bathroom-fan","desktop-align-left","tablet-align-left","mobile-align-left","ast-product-gallery-layout-vertical-slider","ast-product-tabs-layout-horizontal"],"_links":{"self":[{"href":"https:\/\/www.fangofast.com\/de\/wp-json\/wp\/v2\/product\/666","targetHints":{"allow":["GET"]}}],"collection":[{"href":"https:\/\/www.fangofast.com\/de\/wp-json\/wp\/v2\/product"}],"about":[{"href":"https:\/\/www.fangofast.com\/de\/wp-json\/wp\/v2\/types\/product"}],"wp:featuredmedia":[{"embeddable":true,"href":"https:\/\/www.fangofast.com\/de\/wp-json\/wp\/v2\/media\/669"}],"wp:attachment":[{"href":"https:\/\/www.fangofast.com\/de\/wp-json\/wp\/v2\/media?parent=666"}],"wp:term":[{"taxonomy":"product_cat","embeddable":true,"href":"https:\/\/www.fangofast.com\/de\/wp-json\/wp\/v2\/product_cat?post=666"},{"taxonomy":"product_tag","embeddable":true,"href":"https:\/\/www.fangofast.com\/de\/wp-json\/wp\/v2\/product_tag?post=666"}],"curies":[{"name":"wp","href":"https:\/\/api.w.org\/{rel}","templated":true}]}}