{"id":658,"date":"2024-05-25T11:21:15","date_gmt":"2024-05-25T03:21:15","guid":{"rendered":"http:\/\/www.fangofast.com\/?post_type=product&#038;p=658"},"modified":"2024-06-29T09:33:25","modified_gmt":"2024-06-29T01:33:25","slug":"100mm-ec-tubular-fan-is-adjustable","status":"publish","type":"product","link":"https:\/\/www.fangofast.com\/de\/product\/100mm-ec-tubular-fan-is-adjustable\/","title":{"rendered":"100mm EC-Luftabsaugung"},"content":{"rendered":"<table>\n<tbody>\n<tr>\n<td width=\"136\"><strong><b>Marke <\/b><\/strong><\/td>\n<td width=\"434\">FanGoFast<\/td>\n<\/tr>\n<tr>\n<td width=\"136\"><strong><b>Farbe<\/b><\/strong><\/td>\n<td width=\"434\">Schwarz<\/td>\n<\/tr>\n<tr>\n<td width=\"136\"><strong><b>Elektrischer Ventilator Design<\/b><\/strong><\/td>\n<td width=\"434\">Gebl\u00e4se f\u00fcr die Absaugung<\/td>\n<\/tr>\n<tr>\n<td width=\"136\"><strong><b>Stil<\/b><\/strong><\/td>\n<td width=\"434\">EC-Luftabsaugung 100mm<\/td>\n<\/tr>\n<tr>\n<td width=\"136\"><strong><b>Abmessungen des Produkts<\/b><\/strong><\/td>\n<td width=\"434\">33, 4d x 24, 7w x 22,5H Zentimeter<\/td>\n<\/tr>\n<tr>\n<td width=\"136\"><strong><b>Typ <\/b><\/strong><\/td>\n<td width=\"434\">Haus, B\u00fcro, Badezimmer<\/td>\n<\/tr>\n<tr>\n<td width=\"136\"><strong><b>P<\/b><\/strong><strong><b>ower <\/b><\/strong><\/td>\n<td width=\"434\">35 Watt<\/td>\n<\/tr>\n<tr>\n<td width=\"136\"><strong><b>Kapazit\u00e4t des Luftstroms<\/b><\/strong><\/td>\n<td width=\"434\">360 Kubikmeter pro Stunde<\/td>\n<\/tr>\n<tr>\n<td width=\"136\"><strong><b>Geschwindigkeit <\/b><\/strong><\/td>\n<td width=\"434\">0.02<\/td>\n<\/tr>\n<\/tbody>\n<\/table>\n<p>&nbsp;<\/p>\n<ul>\n<li>Hohe Leistung - der leistungsstarke Dunstabzug kann dank des integrierten Tempomats jede Geschwindigkeit von 0 bis 100% erreichen und verf\u00fcgt \u00fcber einen ECO EC-Motor, der einen hohen Luftstrom von 360 m\u00b3\/h erzeugt.<\/li>\n<li>Energieeffizienz - dieser FanGoFast Online-Ventilator mit 100 mm Durchmesser VERWENDET einen effizienten EC-Motor, der es dem Ventilator erm\u00f6glicht, stabiler zu arbeiten und niedrige Drehzahlen zu erreichen, ohne dabei viel L\u00e4rm oder W\u00e4rme zu erzeugen. Die Energieeffizienz der EC-Motoren spart bis zu 40% an Energiekosten und ist damit effizienter als andere Ventilatoren.<\/li>\n<li>IEC-Stecker und modulare Bauweise - der FanGoFast-R\u00f6hrenventilator ist mit einer IEC-Schnittstelle ausgestattet, die alle 230-V-Stecker f\u00fcr zus\u00e4tzlichen Komfort unterst\u00fctzt. Abnehmbare Rohrenden mit Feststellschrauben f\u00fcr schnelle Demontage und einfache Installation.<\/li>\n<li>Robust und langlebig - Das Geh\u00e4use des Ventilators besteht aus einem sehr widerstandsf\u00e4higen ABS-Material, das die Vorteile von Korrosionsbest\u00e4ndigkeit, langer Lebensdauer und Sicherheit bietet. Im Gegensatz zu r\u00f6hrenf\u00f6rmigen Metallventilatoren, die mit der Zeit rosten. Der leise 100-mm-Luftabsauger hat auch den Falltest bestanden, was wiederum strukturelle Stabilit\u00e4t garantiert.<\/li>\n<li>Vielseitig verwendbar - der verstellbare 100-mm-Luftabzug eignet sich f\u00fcr eine Vielzahl von Orten, die eine bessere Luftzirkulation erfordern, wie z. B. Waschk\u00fcchen, 3D-Drucker, Lasergraviermaschinen, Keller, Dachb\u00f6den, Garagen usw.<\/li>\n<\/ul>","protected":false},"excerpt":{"rendered":"<p>Brand FanGoFast Color Black Electric fan Design Ventilation fan for extraction Style EC air extractor 100mm Dimensions of the product 33, 4d x 24, 7w x 22,5H centimeters Type Home,\u00a0office, bathroom Power 35 Watts Air flow capacity 360 cubic meters per hour Speed 0.02 &nbsp; High performance &#8211; the powerful air extractor can reach any &hellip;<\/p>\n<p class=\"read-more\"> <a class=\"\" href=\"https:\/\/www.fangofast.com\/de\/product\/100mm-ec-tubular-fan-is-adjustable\/\"> <span class=\"screen-reader-text\">100mm EC-Luftabsaugung<\/span> Read More \u00bb<\/a><\/p>","protected":false},"featured_media":663,"template":"","meta":{"site-sidebar-layout":"default","site-content-layout":"default","ast-global-header-display":"","ast-main-header-display":"","ast-hfb-above-header-display":"","ast-hfb-below-header-display":"","ast-hfb-mobile-header-display":"","site-post-title":"","ast-breadcrumbs-content":"","ast-featured-img":"","footer-sml-layout":"","theme-transparent-header-meta":"default","adv-header-id-meta":"","stick-header-meta":"","header-above-stick-meta":"","header-main-stick-meta":"","header-below-stick-meta":""},"product_cat":[36],"product_tag":[],"class_list":["post-658","product","type-product","status-publish","has-post-thumbnail","hentry","product_cat-ec-motor-mixed-flow-inline-fan","desktop-align-left","tablet-align-left","mobile-align-left","ast-product-gallery-layout-vertical-slider","ast-product-tabs-layout-horizontal"],"_links":{"self":[{"href":"https:\/\/www.fangofast.com\/de\/wp-json\/wp\/v2\/product\/658","targetHints":{"allow":["GET"]}}],"collection":[{"href":"https:\/\/www.fangofast.com\/de\/wp-json\/wp\/v2\/product"}],"about":[{"href":"https:\/\/www.fangofast.com\/de\/wp-json\/wp\/v2\/types\/product"}],"wp:featuredmedia":[{"embeddable":true,"href":"https:\/\/www.fangofast.com\/de\/wp-json\/wp\/v2\/media\/663"}],"wp:attachment":[{"href":"https:\/\/www.fangofast.com\/de\/wp-json\/wp\/v2\/media?parent=658"}],"wp:term":[{"taxonomy":"product_cat","embeddable":true,"href":"https:\/\/www.fangofast.com\/de\/wp-json\/wp\/v2\/product_cat?post=658"},{"taxonomy":"product_tag","embeddable":true,"href":"https:\/\/www.fangofast.com\/de\/wp-json\/wp\/v2\/product_tag?post=658"}],"curies":[{"name":"wp","href":"https:\/\/api.w.org\/{rel}","templated":true}]}}