{"id":651,"date":"2024-05-25T11:20:38","date_gmt":"2024-05-25T03:20:38","guid":{"rendered":"http:\/\/www.fangofast.com\/?post_type=product&#038;p=651"},"modified":"2024-06-29T09:35:53","modified_gmt":"2024-06-29T01:35:53","slug":"150mm-ec-tubular-fan-is-adjustable","status":"publish","type":"product","link":"https:\/\/www.fangofast.com\/de\/product\/150mm-ec-tubular-fan-is-adjustable\/","title":{"rendered":"150mm EC-Luftabsaugung"},"content":{"rendered":"<table>\n<tbody>\n<tr>\n<td width=\"136\"><strong><b>Marke <\/b><\/strong><\/td>\n<td width=\"434\">FanGoFast<\/td>\n<\/tr>\n<tr>\n<td width=\"136\"><strong><b>Farbe<\/b><\/strong><\/td>\n<td width=\"434\">Schwarz<\/td>\n<\/tr>\n<tr>\n<td width=\"136\"><strong><b>Elektrischer Ventilator Design<\/b><\/strong><\/td>\n<td width=\"434\">Gebl\u00e4se f\u00fcr die Absaugung<\/td>\n<\/tr>\n<tr>\n<td width=\"136\"><strong><b>Quelle der Energie<\/b><\/strong><\/td>\n<td width=\"434\">Elektrisches Kabel<\/td>\n<\/tr>\n<tr>\n<td width=\"136\"><strong><b>Stil<\/b><\/strong><\/td>\n<td width=\"434\">EC-Luftabsaugung 150mm<\/td>\n<\/tr>\n<tr>\n<td width=\"136\"><strong><b>Abmessungen des Produkts<\/b><\/strong><\/td>\n<td width=\"434\">34, 5d x 26, 7w x 24,2H Zentimeter<\/td>\n<\/tr>\n<tr>\n<td width=\"136\"><strong><b>Typ <\/b><\/strong><\/td>\n<td width=\"434\">Haus, B\u00fcro, Badezimmer<\/td>\n<\/tr>\n<tr>\n<td width=\"136\"><strong><b>P<\/b><\/strong><strong><b>ower <\/b><\/strong><\/td>\n<td width=\"434\">70 Watt<\/td>\n<\/tr>\n<tr>\n<td width=\"136\"><strong><b>Kapazit\u00e4t des Luftstroms<\/b><\/strong><\/td>\n<td width=\"434\">684 Kubikmeter pro Stunde<\/td>\n<\/tr>\n<tr>\n<td width=\"136\"><strong><b>Geschwindigkeit der Bewegung<\/b><\/strong><\/td>\n<td width=\"434\">0.01<\/td>\n<\/tr>\n<\/tbody>\n<\/table>\n<p>&nbsp;<\/p>\n<ul>\n<li>Hohe Leistung - der leistungsstarke Dunstabzug kann dank des integrierten Tempomats jede Geschwindigkeit von 0 bis 100% erreichen und verf\u00fcgt \u00fcber einen ECO EC-Motor, der einen hohen Luftstrom von 684 m\u00b3\/h erzeugt.<\/li>\n<li>Energieeffizienz - dieser FanGoFast 150mm Inline-Luftabzugsventilator verwendet einen effizienten EC-Motor, der es dem Ventilator erm\u00f6glicht, stabiler zu arbeiten und niedrige Drehzahlen zu erreichen, ohne dabei viel L\u00e4rm oder W\u00e4rme zu erzeugen. Die Energieeffizienz der EC-Motoren spart bis zu 40% an Energiekosten und ist damit effizienter als andere Ventilatoren.<\/li>\n<li>IEC-Stecker und modulare Bauweise - der FanGoFast-R\u00f6hrenventilator ist mit einer IEC-Schnittstelle ausgestattet, die alle 230-V-Stecker f\u00fcr zus\u00e4tzlichen Komfort unterst\u00fctzt. Abnehmbare Rohrenden mit Feststellschrauben f\u00fcr schnelle Demontage und einfache Installation.<\/li>\n<li>Robust und langlebig - Das Geh\u00e4use des Ventilators besteht aus einem sehr widerstandsf\u00e4higen ABS-Material, das die Vorteile von Korrosionsbest\u00e4ndigkeit, langer Lebensdauer und Sicherheit bietet. Im Gegensatz zu r\u00f6hrenf\u00f6rmigen Metallventilatoren, die mit der Zeit rosten. Der 150 mm Silent Air Extractor hat auch den Falltest bestanden, was wiederum die strukturelle Stabilit\u00e4t garantiert.<\/li>\n<li>Vielseitig verwendbar - der verstellbare 150-mm-Luftabzug eignet sich f\u00fcr eine Vielzahl von Orten, die eine bessere Luftzirkulation erfordern, wie z. B. Waschk\u00fcchen, 3D-Drucker, Lasergraviermaschinen, Keller, Dachb\u00f6den, Garagen usw.<\/li>\n<\/ul>","protected":false},"excerpt":{"rendered":"<p>Brand FanGoFast Color Black Electric fan Design Ventilation fan for extraction Source of power Electric cable Style EC air extractor 150mm Dimensions of the product 34, 5d x 26, 7w x 24,2H centimeters Type Home,\u00a0office, bathroom Power 70\u00a0Watts Air flow capacity 684\u00a0cubic meters per hour Speed of movement 0.01 &nbsp; High performance &#8211; the powerful &hellip;<\/p>\n<p class=\"read-more\"> <a class=\"\" href=\"https:\/\/www.fangofast.com\/de\/product\/150mm-ec-tubular-fan-is-adjustable\/\"> <span class=\"screen-reader-text\">150mm EC-Luftabsaugung<\/span> Read More \u00bb<\/a><\/p>","protected":false},"featured_media":656,"template":"","meta":{"site-sidebar-layout":"default","site-content-layout":"default","ast-global-header-display":"","ast-main-header-display":"","ast-hfb-above-header-display":"","ast-hfb-below-header-display":"","ast-hfb-mobile-header-display":"","site-post-title":"","ast-breadcrumbs-content":"","ast-featured-img":"","footer-sml-layout":"","theme-transparent-header-meta":"default","adv-header-id-meta":"","stick-header-meta":"","header-above-stick-meta":"","header-main-stick-meta":"","header-below-stick-meta":""},"product_cat":[36],"product_tag":[],"class_list":["post-651","product","type-product","status-publish","has-post-thumbnail","hentry","product_cat-ec-motor-mixed-flow-inline-fan","desktop-align-left","tablet-align-left","mobile-align-left","ast-product-gallery-layout-vertical-slider","ast-product-tabs-layout-horizontal"],"_links":{"self":[{"href":"https:\/\/www.fangofast.com\/de\/wp-json\/wp\/v2\/product\/651","targetHints":{"allow":["GET"]}}],"collection":[{"href":"https:\/\/www.fangofast.com\/de\/wp-json\/wp\/v2\/product"}],"about":[{"href":"https:\/\/www.fangofast.com\/de\/wp-json\/wp\/v2\/types\/product"}],"wp:featuredmedia":[{"embeddable":true,"href":"https:\/\/www.fangofast.com\/de\/wp-json\/wp\/v2\/media\/656"}],"wp:attachment":[{"href":"https:\/\/www.fangofast.com\/de\/wp-json\/wp\/v2\/media?parent=651"}],"wp:term":[{"taxonomy":"product_cat","embeddable":true,"href":"https:\/\/www.fangofast.com\/de\/wp-json\/wp\/v2\/product_cat?post=651"},{"taxonomy":"product_tag","embeddable":true,"href":"https:\/\/www.fangofast.com\/de\/wp-json\/wp\/v2\/product_tag?post=651"}],"curies":[{"name":"wp","href":"https:\/\/api.w.org\/{rel}","templated":true}]}}