{"id":638,"date":"2024-05-25T11:18:48","date_gmt":"2024-05-25T03:18:48","guid":{"rendered":"http:\/\/www.fangofast.com\/?post_type=product&#038;p=638"},"modified":"2024-05-25T11:18:51","modified_gmt":"2024-05-25T03:18:51","slug":"mixflow-inline-fan-3","status":"publish","type":"product","link":"https:\/\/www.fangofast.com\/de\/product\/mixflow-inline-fan-3\/","title":{"rendered":"Inline-Ventilator mit Mischstrom"},"content":{"rendered":"<table>\n<tbody>\n<tr>\n<td width=\"129\"><strong><b>Marke<\/b><\/strong><\/td>\n<td width=\"412\">FanGoFast<\/td>\n<\/tr>\n<tr>\n<td width=\"129\"><strong><b>Farbe<\/b><\/strong><\/td>\n<td width=\"412\">Schwarz<\/td>\n<\/tr>\n<tr>\n<td width=\"129\"><strong><b>Elektrischer Ventilator<\/b><\/strong><\/td>\n<td width=\"412\">Abluftventilator<\/td>\n<\/tr>\n<tr>\n<td width=\"129\"><strong><b>Abmessungen des Produkts<\/b><\/strong><\/td>\n<td width=\"412\">31,5 T x 22 B x 25 H Zentimeter<\/td>\n<\/tr>\n<tr>\n<td width=\"129\"><strong><b>Zimmer-Typ<\/b><\/strong><\/td>\n<td width=\"412\">Badezimmer, K\u00fcche<\/td>\n<\/tr>\n<tr>\n<td width=\"129\"><strong><b>Besonderes Merkmal<\/b><\/strong><\/td>\n<td width=\"412\">Wasserdicht<\/td>\n<\/tr>\n<tr>\n<td width=\"129\"><strong><b>Ger\u00e4uschpegel<\/b><\/strong><\/td>\n<td width=\"412\">31 dB<\/td>\n<\/tr>\n<tr>\n<td width=\"129\"><strong><b>Wattleistung<\/b><\/strong><\/td>\n<td width=\"412\">23 Watt<\/td>\n<\/tr>\n<tr>\n<td width=\"129\"><strong><b>Thema<\/b><\/strong><\/td>\n<td width=\"412\">Startseite<\/td>\n<\/tr>\n<\/tbody>\n<\/table>\n<p>&nbsp;<\/p>\n<ul>\n<li>Leistung: Ausgestattet mit einem gro\u00dfen Ventilator, der mit einer Spannung von 230 V\/50 Hz arbeitet und 123\/128 W (hoch\/niedrig) verbraucht, arbeitet der Motor mit Geschwindigkeiten von 2450\/1950 U\/min und liefert eine Luftmenge von 840 m\u00b3\/h und 690 m\u00b3\/h (hoch\/niedrig). Die doppelt kugelgelagerten NSK-Motoren gew\u00e4hrleisten hohe Leistung, Effizienz und eine lange MTBF von bis zu 50.000 Stunden.<\/li>\n<li>Wasserdicht nach IP44: Durch die Verwendung von wasserdichtem Gummi sind die Ventilatoren nach IP44 wasserdicht und verl\u00e4ngern so die Lebensdauer der Motorkondensatoren.<\/li>\n<li>Ger\u00e4uscharm: Der ausgewogene Ventilator arbeitet mit einem niedrigen Ger\u00e4uschpegel von ca. 65 dB; au\u00dferdem verf\u00fcgt er \u00fcber zwei Geschwindigkeitsregler zur einfachen Einstellung.<\/li>\n<li>Vielseitige Anwendungen: Geeignet f\u00fcr die industrielle Bel\u00fcftung, die Bel\u00fcftung von Wohnungen oder die Luftreinigung im Gartenbau. Ideal als Abluftventilatoren f\u00fcr B\u00e4der, Werkst\u00e4tten, K\u00fcchen, Gew\u00e4chsh\u00e4user, Anbauzelte usw., die speziell f\u00fcr die Bed\u00fcrfnisse von Z\u00fcchtern entwickelt wurden, die das Pflanzenwachstum optimieren wollen. Kann in Verbindung mit Kohlefiltern und Rohren verwendet werden, um unerw\u00fcnschte Luft oder Gase aus Anbaukammern zu entfernen. Auch f\u00fcr die Aufrechterhaltung der Raumluftqualit\u00e4t in HVAC-Systemen empfohlen.<\/li>\n<li>Einfache Installation: Aus schwarzem ABS-Kunststoff gefertigt und mit einer Gr\u00f6\u00dfe von 200 mm l\u00e4sst sich dieser Abluftventilator leicht an W\u00e4nden oder Decken montieren. Beachten Sie die beiliegende Anleitung f\u00fcr die Installation.<\/li>\n<\/ul>","protected":false},"excerpt":{"rendered":"<p>Brand FanGoFast Colour Black Electric fan design Exhaust Fan Product dimensions 31.5D x 22W x 25H centimetres Room type Bathroom, Kitchen Special feature Waterproof Noise level 31 dB Wattage 23 watts Theme Home &nbsp; Power: Equipped with a large fan, operating at a voltage of 230V\/50Hz and consuming 123\/128W (high\/low), the motor operates at speeds &hellip;<\/p>\n<p class=\"read-more\"> <a class=\"\" href=\"https:\/\/www.fangofast.com\/de\/product\/mixflow-inline-fan-3\/\"> <span class=\"screen-reader-text\">Inline-Ventilator mit Mischstrom<\/span> Read More \u00bb<\/a><\/p>","protected":false},"featured_media":642,"template":"","meta":{"site-sidebar-layout":"default","site-content-layout":"default","ast-global-header-display":"","ast-main-header-display":"","ast-hfb-above-header-display":"","ast-hfb-below-header-display":"","ast-hfb-mobile-header-display":"","site-post-title":"","ast-breadcrumbs-content":"","ast-featured-img":"","footer-sml-layout":"","theme-transparent-header-meta":"default","adv-header-id-meta":"","stick-header-meta":"","header-above-stick-meta":"","header-main-stick-meta":"","header-below-stick-meta":""},"product_cat":[35],"product_tag":[],"class_list":["post-638","product","type-product","status-publish","has-post-thumbnail","hentry","product_cat-mixflow-inline-fan","desktop-align-left","tablet-align-left","mobile-align-left","ast-product-gallery-layout-vertical-slider","ast-product-tabs-layout-horizontal"],"_links":{"self":[{"href":"https:\/\/www.fangofast.com\/de\/wp-json\/wp\/v2\/product\/638","targetHints":{"allow":["GET"]}}],"collection":[{"href":"https:\/\/www.fangofast.com\/de\/wp-json\/wp\/v2\/product"}],"about":[{"href":"https:\/\/www.fangofast.com\/de\/wp-json\/wp\/v2\/types\/product"}],"wp:featuredmedia":[{"embeddable":true,"href":"https:\/\/www.fangofast.com\/de\/wp-json\/wp\/v2\/media\/642"}],"wp:attachment":[{"href":"https:\/\/www.fangofast.com\/de\/wp-json\/wp\/v2\/media?parent=638"}],"wp:term":[{"taxonomy":"product_cat","embeddable":true,"href":"https:\/\/www.fangofast.com\/de\/wp-json\/wp\/v2\/product_cat?post=638"},{"taxonomy":"product_tag","embeddable":true,"href":"https:\/\/www.fangofast.com\/de\/wp-json\/wp\/v2\/product_tag?post=638"}],"curies":[{"name":"wp","href":"https:\/\/api.w.org\/{rel}","templated":true}]}}