{"id":634,"date":"2024-05-25T11:18:36","date_gmt":"2024-05-25T03:18:36","guid":{"rendered":"http:\/\/www.fangofast.com\/?post_type=product&#038;p=634"},"modified":"2024-05-25T11:18:36","modified_gmt":"2024-05-25T03:18:36","slug":"mixflow-inline-fan-2","status":"publish","type":"product","link":"https:\/\/www.fangofast.com\/de\/product\/mixflow-inline-fan-2\/","title":{"rendered":"Inline-Ventilator mit Mischstrom"},"content":{"rendered":"<table>\n<tbody>\n<tr>\n<td width=\"129\"><strong><b>Marke<\/b><\/strong><\/td>\n<td width=\"412\">FanGoFast<\/td>\n<\/tr>\n<tr>\n<td width=\"129\"><strong><b>Farbe<\/b><\/strong><\/td>\n<td width=\"412\">Schwarz<\/td>\n<\/tr>\n<tr>\n<td width=\"129\"><strong><b>Elektrischer Ventilator<\/b><\/strong><\/td>\n<td width=\"412\">Gebl\u00e4se<\/td>\n<\/tr>\n<tr>\n<td width=\"129\"><strong><b>Stromquelle<\/b><\/strong><\/td>\n<td width=\"412\">Elektrisch mit Kabel<\/td>\n<\/tr>\n<tr>\n<td width=\"129\"><strong><b>Abmessungen des Produkts<\/b><\/strong><\/td>\n<td width=\"412\">33T x 22B x 20H Zentimeter<\/td>\n<\/tr>\n<tr>\n<td width=\"129\"><strong><b>Zimmer-Typ<\/b><\/strong><\/td>\n<td width=\"412\">Badezimmer<\/td>\n<\/tr>\n<tr>\n<td width=\"129\"><strong><b>Besonderes Merkmal<\/b><\/strong><\/td>\n<td width=\"412\">Wasserdicht<\/td>\n<\/tr>\n<tr>\n<td width=\"129\"><strong><b>Empfohlene Verwendung des Produkts<\/b><\/strong><\/td>\n<td width=\"412\">Bel\u00fcftung<\/td>\n<\/tr>\n<tr>\n<td width=\"129\"><strong><b>Ger\u00e4uschpegel<\/b><\/strong><\/td>\n<td width=\"412\">31 dB<\/td>\n<\/tr>\n<tr>\n<td width=\"129\"><strong><b>Wattleistung<\/b><\/strong><\/td>\n<td width=\"412\">24 Watt<\/td>\n<\/tr>\n<\/tbody>\n<\/table>\n<p>&nbsp;<\/p>\n<ul>\n<li>HOHE LEISTUNGSF\u00c4HIGKEIT - Dieser Kanalventilator verf\u00fcgt \u00fcber einen eingebauten zweistufigen Regler zur Regulierung des Luftstroms. Es kann ein Luftdurchsatz von bis zu 198 m\u00b3\/h erreicht werden. Ausgestattet mit Kugellagern, um sicherzustellen, dass der Rauchsauger mit einem niedrigen Ger\u00e4uschpegel arbeitet, der bei 31 dB liegt. Im Gegensatz zu EC-Rauchrohrventilatoren, die in der Regel lauter sind, bietet dieser Ventilator ein gutes Preis-Leistungs-Verh\u00e4ltnis auf lange Sicht.<\/li>\n<li>2-IN-1 KANALVENTILATOR 100MM- Die beiden Kanalhalterungen des Abluftventilators k\u00f6nnen entweder abgenommen und in den Kanal im Haushaltsl\u00fcftungssystem als Kanalventilator installiert werden, oder direkt zur Bel\u00fcftung in kleinen R\u00e4umen wie Gew\u00e4chsh\u00e4usern, Hydrokulturen, Werkb\u00e4nken, Kellern, 3D-Laserdruckern usw. verwendet werden.<\/li>\n<li>ROBUST &amp; DURABLE: Das Geh\u00e4use des Rohrventilators ist aus hochfestem ABS-Material gefertigt, das die Vorteile von Korrosionsbest\u00e4ndigkeit, langer Lebensdauer und Sicherheit hat. Der Rohrventilator 100mm leise hat auch erfolgreich den Falltest bestanden, was wiederum strukturelle Stabilit\u00e4t gew\u00e4hrleistet. Der kupferne NSK-Doppelkugellagermotor gew\u00e4hrleistet einen hohen Wirkungsgrad und eine lange MTBF von bis zu 50000 Stunden.<\/li>\n<li>IP44 WATERPROOF - Der wasserdichte Gummiring macht den Ventilator wirklich IP44 wasserdicht und macht den Motor-Kondensator haltbarer. Spannung: 230V\/50Hz, Leistung: 26\/23W (hoch\/niedrig), Geschwindigkeit: 2200\/1850RPM), Luftmenge: 198m\u00b3\/h, 165m\u00b3\/h (hoch\/niedrig).<\/li>\n<li>KUNDENFREUNDLICHER SERVICE - Jeder Abluftventilator wird vor der Auslieferung einer strengen Qualit\u00e4tskontrolle unterzogen. Wir haben auch ein professionelles Kundenservice-Team, das sich um Ihre Bed\u00fcrfnisse k\u00fcmmert. Bitte z\u00f6gern Sie nicht, uns zu kontaktieren, wenn Sie irgendwelche Fragen zu unseren Inline-Ventilatoren haben. Wir bieten einen 18-monatigen Service nach dem Verkauf.<\/li>\n<\/ul>","protected":false},"excerpt":{"rendered":"<p>Brand FanGoFast Colour Black Electric fan design Blower Power source Corded Electric Product dimensions 33D x 22W x 20H centimetres Room type Bathroom Special feature Waterproof Recommended uses for product Ventilating Noise level 31 dB Wattage 24 watts &nbsp; HIGH PERFORMANCE &#8211; This in-line duct fan has a built-in two-speed controller to regulate the airflow. &hellip;<\/p>\n<p class=\"read-more\"> <a class=\"\" href=\"https:\/\/www.fangofast.com\/de\/product\/mixflow-inline-fan-2\/\"> <span class=\"screen-reader-text\">Inline-Ventilator mit Mischstrom<\/span> Read More \u00bb<\/a><\/p>","protected":false},"featured_media":635,"template":"","meta":{"site-sidebar-layout":"default","site-content-layout":"default","ast-global-header-display":"","ast-main-header-display":"","ast-hfb-above-header-display":"","ast-hfb-below-header-display":"","ast-hfb-mobile-header-display":"","site-post-title":"","ast-breadcrumbs-content":"","ast-featured-img":"","footer-sml-layout":"","theme-transparent-header-meta":"default","adv-header-id-meta":"","stick-header-meta":"","header-above-stick-meta":"","header-main-stick-meta":"","header-below-stick-meta":""},"product_cat":[35],"product_tag":[],"class_list":["post-634","product","type-product","status-publish","has-post-thumbnail","hentry","product_cat-mixflow-inline-fan","desktop-align-left","tablet-align-left","mobile-align-left","ast-product-gallery-layout-vertical-slider","ast-product-tabs-layout-horizontal"],"_links":{"self":[{"href":"https:\/\/www.fangofast.com\/de\/wp-json\/wp\/v2\/product\/634","targetHints":{"allow":["GET"]}}],"collection":[{"href":"https:\/\/www.fangofast.com\/de\/wp-json\/wp\/v2\/product"}],"about":[{"href":"https:\/\/www.fangofast.com\/de\/wp-json\/wp\/v2\/types\/product"}],"wp:featuredmedia":[{"embeddable":true,"href":"https:\/\/www.fangofast.com\/de\/wp-json\/wp\/v2\/media\/635"}],"wp:attachment":[{"href":"https:\/\/www.fangofast.com\/de\/wp-json\/wp\/v2\/media?parent=634"}],"wp:term":[{"taxonomy":"product_cat","embeddable":true,"href":"https:\/\/www.fangofast.com\/de\/wp-json\/wp\/v2\/product_cat?post=634"},{"taxonomy":"product_tag","embeddable":true,"href":"https:\/\/www.fangofast.com\/de\/wp-json\/wp\/v2\/product_tag?post=634"}],"curies":[{"name":"wp","href":"https:\/\/api.w.org\/{rel}","templated":true}]}}