{"id":627,"date":"2024-05-25T11:17:20","date_gmt":"2024-05-25T03:17:20","guid":{"rendered":"http:\/\/www.fangofast.com\/?post_type=product&#038;p=627"},"modified":"2024-05-25T11:17:20","modified_gmt":"2024-05-25T03:17:20","slug":"mixflow-inline-fan","status":"publish","type":"product","link":"https:\/\/www.fangofast.com\/de\/product\/mixflow-inline-fan\/","title":{"rendered":"Inline-Ventilator mit Mischstrom"},"content":{"rendered":"<table>\n<tbody>\n<tr>\n<td width=\"129\"><strong><b>Marke<\/b><\/strong><\/td>\n<td width=\"412\">FanGoFast<\/td>\n<\/tr>\n<tr>\n<td width=\"129\"><strong><b>Farbe<\/b><\/strong><\/td>\n<td width=\"412\">Schwarz<\/td>\n<\/tr>\n<tr>\n<td width=\"129\"><strong><b>Elektrischer Ventilator<\/b><\/strong><\/td>\n<td width=\"412\">Gebl\u00e4se<\/td>\n<\/tr>\n<tr>\n<td width=\"129\"><strong><b>Stromquelle<\/b><\/strong><\/td>\n<td width=\"412\">Elektrisch mit Kabel<\/td>\n<\/tr>\n<tr>\n<td width=\"129\"><strong><b>Abmessungen des Produkts<\/b><\/strong><\/td>\n<td width=\"412\">32D x 28W x 28H Zentimeter<\/td>\n<\/tr>\n<tr>\n<td width=\"129\"><strong><b>Zimmer-Typ<\/b><\/strong><\/td>\n<td width=\"412\">Badezimmer<\/td>\n<\/tr>\n<tr>\n<td width=\"129\"><strong><b>Besonderes Merkmal<\/b><\/strong><\/td>\n<td width=\"412\">Wasserdicht<\/td>\n<\/tr>\n<tr>\n<td width=\"129\"><strong><b>Empfohlene Verwendung des Produkts<\/b><\/strong><\/td>\n<td width=\"412\">Bel\u00fcftung<\/td>\n<\/tr>\n<tr>\n<td width=\"129\"><strong><b>Ger\u00e4uschpegel<\/b><\/strong><\/td>\n<td width=\"412\">65 dB<\/td>\n<\/tr>\n<\/tbody>\n<\/table>\n<p>&nbsp;<\/p>\n<ul>\n<li>Leistung: gro\u00dfer Ventilator, Spannung :230V\/50Hz, Leistung :123\/128W(hoch\/niedrig), Drehzahl :2450\/1950RPM, Luftmenge :840m\u00b3\/h, 690m\u00b3\/h(hoch\/niedrig). NSK-Motoren mit doppelten Kugellagern bieten hohe Leistung, hohe Effizienz und eine lange MTBF von bis zu 50.000 Stunden.<\/li>\n<li>IP44 Wasserdicht: Wasserdichtes Gummi macht die Ventilatoren wasserdicht in echter IP44, so dass die Motorkondensatoren eine l\u00e4ngere Lebensdauer haben.<\/li>\n<li>Ger\u00e4uscharm: Das ausgewogene Gebl\u00e4se arbeitet mit einem niedrigen Ger\u00e4uschpegel von ca. 65 dB; zwei Geschwindigkeitsregler zur einfachen Einstellung der Gebl\u00e4segeschwindigkeit.<\/li>\n<li>Vielf\u00e4ltige Verwendungsm\u00f6glichkeiten: geeignet f\u00fcr industrielle Bel\u00fcftung, Bel\u00fcftung von Wohnungen oder Luftreinigung im Gartenbau. Abluftventilatoren f\u00fcr Bad, Werkstatt, K\u00fcche, Gew\u00e4chshaus, Anbauzelt, usw. Wir haben sie nat\u00fcrlich f\u00fcr Z\u00fcchter entwickelt, die ihre Pflanzen besser wachsen lassen wollen. Sie k\u00f6nnen Kohlefilter und Rohre verwenden, um schlechte Luft oder schlechte Gase au\u00dferhalb der Zuchtkammer zu filtern. Es ist auch eine bessere Wahl f\u00fcr die Frischhaltung der Raumluft in HVAC-Systemen.<\/li>\n<li>Einfach zu installieren: Dieser 200mm Abluftventilator ist aus schwarzem ABS-Kunststoff gefertigt. Er kann leicht an der Wand\/Decke montiert werden. Sie k\u00f6nnen sich auf die beigef\u00fcgte Anleitung beziehen.<\/li>\n<\/ul>","protected":false},"excerpt":{"rendered":"<p>Brand FanGoFast Colour Black Electric fan design Blower Power source Corded Electric Product dimensions 32D x 28W x 28H centimetres Room type Bathroom Special feature Waterproof Recommended uses for product Ventilating Noise level 65\u00a0dB &nbsp; Power: big fan, voltage :230V\/50Hz, power :123\/128W(high\/low), speed :2450\/1950RPM, air volume :840m\u00b3\/h, 690m\u00b3\/h(high\/low). NSK double ball bearing motors offer high &hellip;<\/p>\n<p class=\"read-more\"> <a class=\"\" href=\"https:\/\/www.fangofast.com\/de\/product\/mixflow-inline-fan\/\"> <span class=\"screen-reader-text\">Inline-Ventilator mit Mischstrom<\/span> Read More \u00bb<\/a><\/p>","protected":false},"featured_media":628,"template":"","meta":{"site-sidebar-layout":"default","site-content-layout":"default","ast-global-header-display":"","ast-main-header-display":"","ast-hfb-above-header-display":"","ast-hfb-below-header-display":"","ast-hfb-mobile-header-display":"","site-post-title":"","ast-breadcrumbs-content":"","ast-featured-img":"","footer-sml-layout":"","theme-transparent-header-meta":"default","adv-header-id-meta":"","stick-header-meta":"","header-above-stick-meta":"","header-main-stick-meta":"","header-below-stick-meta":""},"product_cat":[35],"product_tag":[],"class_list":["post-627","product","type-product","status-publish","has-post-thumbnail","hentry","product_cat-mixflow-inline-fan","desktop-align-left","tablet-align-left","mobile-align-left","ast-product-gallery-layout-vertical-slider","ast-product-tabs-layout-horizontal"],"_links":{"self":[{"href":"https:\/\/www.fangofast.com\/de\/wp-json\/wp\/v2\/product\/627","targetHints":{"allow":["GET"]}}],"collection":[{"href":"https:\/\/www.fangofast.com\/de\/wp-json\/wp\/v2\/product"}],"about":[{"href":"https:\/\/www.fangofast.com\/de\/wp-json\/wp\/v2\/types\/product"}],"wp:featuredmedia":[{"embeddable":true,"href":"https:\/\/www.fangofast.com\/de\/wp-json\/wp\/v2\/media\/628"}],"wp:attachment":[{"href":"https:\/\/www.fangofast.com\/de\/wp-json\/wp\/v2\/media?parent=627"}],"wp:term":[{"taxonomy":"product_cat","embeddable":true,"href":"https:\/\/www.fangofast.com\/de\/wp-json\/wp\/v2\/product_cat?post=627"},{"taxonomy":"product_tag","embeddable":true,"href":"https:\/\/www.fangofast.com\/de\/wp-json\/wp\/v2\/product_tag?post=627"}],"curies":[{"name":"wp","href":"https:\/\/api.w.org\/{rel}","templated":true}]}}