{"id":1221,"date":"2025-03-20T11:44:01","date_gmt":"2025-03-20T03:44:01","guid":{"rendered":"https:\/\/www.fangofast.com\/?post_type=product&#038;p=1221"},"modified":"2025-03-20T11:44:01","modified_gmt":"2025-03-20T03:44:01","slug":"150-mm-inline-booster-duct-fan","status":"publish","type":"product","link":"https:\/\/www.fangofast.com\/de\/product\/150-mm-inline-booster-duct-fan\/","title":{"rendered":"150 mm Inline-Booster-Kanalventilator"},"content":{"rendered":"<table>\n<tbody>\n<tr>\n<td width=\"129\"><strong><b>Marke<\/b><\/strong><\/td>\n<td width=\"412\">FanGoFast<\/td>\n<\/tr>\n<tr>\n<td width=\"129\"><strong><b>Farbe<\/b><\/strong><\/td>\n<td width=\"412\">Schwarz<\/td>\n<\/tr>\n<tr>\n<td width=\"129\"><strong><b>Elektrischer Ventilator<\/b><\/strong><\/td>\n<td width=\"412\">Abluftventilator<\/td>\n<\/tr>\n<tr>\n<td width=\"129\"><strong><b>Stromquelle<\/b><\/strong><\/td>\n<td width=\"412\">Elektrisch mit Kabel<\/td>\n<\/tr>\n<tr>\n<td width=\"129\"><strong><b>Stil<\/b><\/strong><\/td>\n<td width=\"412\">Klassisch<\/td>\n<\/tr>\n<tr>\n<td width=\"129\"><strong><b>Abmessungen des Produkts<\/b><\/strong><\/td>\n<td width=\"412\">18,5 T x 14,7 B x 14,7 H Zentimeter<\/td>\n<\/tr>\n<tr>\n<td width=\"129\"><strong><b>Zimmer-Typ<\/b><\/strong><\/td>\n<td width=\"412\">Waschk\u00fcche<\/td>\n<\/tr>\n<tr>\n<td width=\"129\"><strong><b>Besonderes Merkmal<\/b><\/strong><\/td>\n<td width=\"412\">Tragbar, leiser Betrieb, wasserdicht, geringes Gewicht<\/td>\n<\/tr>\n<tr>\n<td width=\"129\"><strong><b>Empfohlene Verwendung des Produkts<\/b><\/strong><\/td>\n<td width=\"412\">Luftzirkulation, Entl\u00fcftend, Ventilierend, K\u00fchlung<\/td>\n<\/tr>\n<tr>\n<td width=\"129\"><strong><b>Ger\u00e4uschpegel<\/b><\/strong><\/td>\n<td width=\"412\">36 dB<\/td>\n<\/tr>\n<\/tbody>\n<\/table>\n<p>&nbsp;<\/p>\n<ul>\n<li>Keine Sorge: Wir bieten Ersatz statt Reparatur.<\/li>\n<li>ENERGIESPAREND Dieser 150-mm-Rohrventilator ist mit einem fortschrittlichen Gleichstrommotor ausgestattet, der w\u00e4hrend des Betriebs nur 19 W verbraucht, was eine erhebliche Energieeinsparung erm\u00f6glicht. Selbst bei hoher Geschwindigkeit arbeitet der Rohrventilator sehr leise, wodurch er f\u00fcr den Einsatz zu Hause und im B\u00fcro geeignet ist.<\/li>\n<li>KLEIN UND LEISTUNGSF\u00c4HIG Dieser Inline-Kanalventilator wiegt nur 30 Unzen. Er ist leicht und bequem zu tragen. Aber er hat eine hohe Drehzahl von 3000 U\/min und kann einen starken Luftstrom von bis zu 587 m\u00b3\/h erzeugen, der eine schnelle und effiziente Luftzirkulation gew\u00e4hrleistet, um Ger\u00fcche zu beseitigen und die Umgebung frisch und angenehm zu halten.<\/li>\n<li>Langlebig und rutschfest: Die Fan Growbox ist aus hochwertigem Kunststoff gefertigt, der nicht nur robust und langlebig ist, sondern sich auch nicht leicht verformt. Die ergonomische, rutschfeste Oberfl\u00e4che bringt Ihnen mehr Komfort.<\/li>\n<li>0-100% Einstellbare Geschwindigkeit Der Abluftventilator ist mit einem einstellbaren Geschwindigkeitsregler ausgestattet, der es dem Benutzer erm\u00f6glicht, die Windgeschwindigkeit flexibel an die Bed\u00fcrfnisse verschiedener Szenarien anzupassen und ein individuelles L\u00fcftungserlebnis zu bieten.<\/li>\n<li>Breite Anwendung: FanGoFast Abgasrohrventilator 100 mm nimmt kompaktes Design und ist geeignet f\u00fcr verschiedene Umgebungen, wie Gew\u00e4chshaus, Garage, Keller, K\u00fcche und - Waschk\u00fcche, usw., die effektiv die L\u00fcftungswirkung und Luftqualit\u00e4t des Raumes verbessern k\u00f6nnen.<\/li>\n<li>Leicht und tragbar: Dieser 100-mm-Kanalventilator ist leicht und einfach zu transportieren und zu installieren, mit einem kompakten Design, das Stauraum spart.<\/li>\n<\/ul>","protected":false},"excerpt":{"rendered":"<p>Brand FanGoFast Colour Black Electric fan design Exhaust Fan Power source Corded Electric Style Classic Product dimensions 18.5D x 14.7W x 14.7H centimetres Room type Laundry Room Special feature Portable, Quiet Operation, Waterproof, Lightweight Recommended uses for product Luftzirkulation, Entl\u00fcftend, Ventilierend, K\u00fchlung Noise level 36 dB &nbsp; Worry free: we offer replacement instead of a &hellip;<\/p>\n<p class=\"read-more\"> <a class=\"\" href=\"https:\/\/www.fangofast.com\/de\/product\/150-mm-inline-booster-duct-fan\/\"> <span class=\"screen-reader-text\">150 mm Inline-Booster-Kanalventilator<\/span> Read More \u00bb<\/a><\/p>","protected":false},"featured_media":1222,"template":"","meta":{"site-sidebar-layout":"default","site-content-layout":"default","ast-global-header-display":"","ast-main-header-display":"","ast-hfb-above-header-display":"","ast-hfb-below-header-display":"","ast-hfb-mobile-header-display":"","site-post-title":"","ast-breadcrumbs-content":"","ast-featured-img":"","footer-sml-layout":"","theme-transparent-header-meta":"default","adv-header-id-meta":"","stick-header-meta":"","header-above-stick-meta":"","header-main-stick-meta":"","header-below-stick-meta":""},"product_cat":[70],"product_tag":[],"class_list":["post-1221","product","type-product","status-publish","has-post-thumbnail","hentry","product_cat-inline-booster-duct-fan","desktop-align-left","tablet-align-left","mobile-align-left","ast-product-gallery-layout-vertical-slider","ast-product-tabs-layout-horizontal"],"_links":{"self":[{"href":"https:\/\/www.fangofast.com\/de\/wp-json\/wp\/v2\/product\/1221","targetHints":{"allow":["GET"]}}],"collection":[{"href":"https:\/\/www.fangofast.com\/de\/wp-json\/wp\/v2\/product"}],"about":[{"href":"https:\/\/www.fangofast.com\/de\/wp-json\/wp\/v2\/types\/product"}],"wp:featuredmedia":[{"embeddable":true,"href":"https:\/\/www.fangofast.com\/de\/wp-json\/wp\/v2\/media\/1222"}],"wp:attachment":[{"href":"https:\/\/www.fangofast.com\/de\/wp-json\/wp\/v2\/media?parent=1221"}],"wp:term":[{"taxonomy":"product_cat","embeddable":true,"href":"https:\/\/www.fangofast.com\/de\/wp-json\/wp\/v2\/product_cat?post=1221"},{"taxonomy":"product_tag","embeddable":true,"href":"https:\/\/www.fangofast.com\/de\/wp-json\/wp\/v2\/product_tag?post=1221"}],"curies":[{"name":"wp","href":"https:\/\/api.w.org\/{rel}","templated":true}]}}