{"id":1212,"date":"2025-03-20T11:38:30","date_gmt":"2025-03-20T03:38:30","guid":{"rendered":"https:\/\/www.fangofast.com\/?post_type=product&#038;p=1212"},"modified":"2025-03-20T11:39:50","modified_gmt":"2025-03-20T03:39:50","slug":"100-mm-inline-booster-duct-fan","status":"publish","type":"product","link":"https:\/\/www.fangofast.com\/de\/product\/100-mm-inline-booster-duct-fan\/","title":{"rendered":"100 mm Inline-Booster-Kanalventilator"},"content":{"rendered":"<table>\n<tbody>\n<tr>\n<td width=\"129\"><strong><b>Marke<\/b><\/strong><\/td>\n<td width=\"412\">FanGoFast<\/td>\n<\/tr>\n<tr>\n<td width=\"129\"><strong><b>Farbe<\/b><\/strong><\/td>\n<td width=\"412\">Schwarz<\/td>\n<\/tr>\n<tr>\n<td width=\"129\"><strong><b>Elektrischer Ventilator<\/b><\/strong><\/td>\n<td width=\"412\">Abluftventilator<\/td>\n<\/tr>\n<tr>\n<td width=\"129\"><strong><b>Stromquelle<\/b><\/strong><\/td>\n<td width=\"412\">Elektrisch mit Kabel<\/td>\n<\/tr>\n<tr>\n<td width=\"129\"><strong><b>Stil<\/b><\/strong><\/td>\n<td width=\"412\">Klassisch<\/td>\n<\/tr>\n<tr>\n<td width=\"129\"><strong><b>Abmessungen des Produkts<\/b><\/strong><\/td>\n<td width=\"412\">18,5D x 9,8W x 9,8H Zentimeter<\/td>\n<\/tr>\n<tr>\n<td width=\"129\"><strong><b>Zimmer-Typ<\/b><\/strong><\/td>\n<td width=\"412\">Gew\u00e4chsh\u00e4user<\/td>\n<\/tr>\n<tr>\n<td width=\"129\"><strong><b>Besonderes Merkmal<\/b><\/strong><\/td>\n<td width=\"412\">Tragbar, leiser Betrieb, wasserdicht, geringes Gewicht<\/td>\n<\/tr>\n<tr>\n<td width=\"129\"><strong><b>Wattleistung<\/b><\/strong><\/td>\n<td width=\"412\">6 Watt<\/td>\n<\/tr>\n<tr>\n<td width=\"129\"><strong><b>Art der Ausf\u00fchrung<\/b><\/strong><\/td>\n<td width=\"412\">Unvollendete<\/td>\n<\/tr>\n<\/tbody>\n<\/table>\n<p>&nbsp;<\/p>\n<ul>\n<li>Keine Sorge: Wir bieten Ersatz statt Reparatur.<\/li>\n<li>ENERGIESPAREND Dieser 100-mm-Kanalventilator verwendet einen fortschrittlichen Gleichstrommotor, der w\u00e4hrend des Betriebs nur 6 W Strom verbraucht, was eine erhebliche Energieeinsparung erm\u00f6glicht. Selbst bei hoher Geschwindigkeit arbeitet der Kanalventilator sehr leise und ist somit f\u00fcr den Einsatz zu Hause und im B\u00fcro geeignet.<\/li>\n<li>KLEIN UND LEISTUNGSF\u00c4HIG Dieser Rohrventilator wiegt nur 560 g. Er ist leicht und bequem zu tragen. Aber er hat eine hohe Drehzahl von 4500 U\/min und kann einen starken Luftstrom von bis zu 221 m\u00b3\/h erzeugen, der eine schnelle und effiziente Luftzirkulation gew\u00e4hrleistet, um Ger\u00fcche zu beseitigen und die Umgebung frisch und komfortabel zu halten.<\/li>\n<li>Langlebig und rutschfest: Die Fan Growbox ist aus hochwertigem Kunststoff gefertigt, der nicht nur robust und langlebig ist, sondern sich auch nicht leicht verformt. Die ergonomische, rutschfeste Oberfl\u00e4che bringt Ihnen mehr Komfort.<\/li>\n<li>0-100% Einstellbare Geschwindigkeit Der Abluftventilator ist mit einem einstellbaren Geschwindigkeitsregler ausgestattet, der es dem Benutzer erm\u00f6glicht, die Windgeschwindigkeit flexibel an die Bed\u00fcrfnisse verschiedener Szenarien anzupassen und ein individuelles L\u00fcftungserlebnis zu bieten.<\/li>\n<li>Breite Anwendung: FanGoFast Abgasrohrventilator 100 mm nimmt kompaktes Design und ist f\u00fcr verschiedene Umgebungen, wie Gew\u00e4chshaus, Garage, Keller, K\u00fcche und Waschk\u00fcche, etc. geeignet, die effektiv die L\u00fcftungswirkung und Luftqualit\u00e4t des Raumes verbessern k\u00f6nnen.<\/li>\n<li>Leicht und tragbar: Dieser 100-mm-Kanalventilator ist leicht und einfach zu transportieren und zu installieren, mit einem kompakten Design, das Stauraum spart.<\/li>\n<\/ul>","protected":false},"excerpt":{"rendered":"<p>Brand FanGoFast Colour Black Electric fan design Exhaust Fan Power source Corded Electric Style Classic Product dimensions 18.5D x 9.8W x 9.8H centimetres Room type Greenhouses Special feature Portable, Quiet Operation, Waterproof, Lightweight Wattage 6 watts Finish type Unfinished &nbsp; Worry free: we offer replacement instead of a repair. ENERGY SAVING This 100mm duct fan &hellip;<\/p>\n<p class=\"read-more\"> <a class=\"\" href=\"https:\/\/www.fangofast.com\/de\/product\/100-mm-inline-booster-duct-fan\/\"> <span class=\"screen-reader-text\">100 mm Inline-Booster-Kanalventilator<\/span> Read More \u00bb<\/a><\/p>","protected":false},"featured_media":1213,"template":"","meta":{"site-sidebar-layout":"default","site-content-layout":"default","ast-global-header-display":"","ast-main-header-display":"","ast-hfb-above-header-display":"","ast-hfb-below-header-display":"","ast-hfb-mobile-header-display":"","site-post-title":"","ast-breadcrumbs-content":"","ast-featured-img":"","footer-sml-layout":"","theme-transparent-header-meta":"default","adv-header-id-meta":"","stick-header-meta":"","header-above-stick-meta":"","header-main-stick-meta":"","header-below-stick-meta":""},"product_cat":[70],"product_tag":[],"class_list":["post-1212","product","type-product","status-publish","has-post-thumbnail","hentry","product_cat-inline-booster-duct-fan","desktop-align-left","tablet-align-left","mobile-align-left","ast-product-gallery-layout-vertical-slider","ast-product-tabs-layout-horizontal"],"_links":{"self":[{"href":"https:\/\/www.fangofast.com\/de\/wp-json\/wp\/v2\/product\/1212","targetHints":{"allow":["GET"]}}],"collection":[{"href":"https:\/\/www.fangofast.com\/de\/wp-json\/wp\/v2\/product"}],"about":[{"href":"https:\/\/www.fangofast.com\/de\/wp-json\/wp\/v2\/types\/product"}],"wp:featuredmedia":[{"embeddable":true,"href":"https:\/\/www.fangofast.com\/de\/wp-json\/wp\/v2\/media\/1213"}],"wp:attachment":[{"href":"https:\/\/www.fangofast.com\/de\/wp-json\/wp\/v2\/media?parent=1212"}],"wp:term":[{"taxonomy":"product_cat","embeddable":true,"href":"https:\/\/www.fangofast.com\/de\/wp-json\/wp\/v2\/product_cat?post=1212"},{"taxonomy":"product_tag","embeddable":true,"href":"https:\/\/www.fangofast.com\/de\/wp-json\/wp\/v2\/product_tag?post=1212"}],"curies":[{"name":"wp","href":"https:\/\/api.w.org\/{rel}","templated":true}]}}