{"id":1199,"date":"2025-03-20T10:49:09","date_gmt":"2025-03-20T02:49:09","guid":{"rendered":"https:\/\/www.fangofast.com\/?post_type=product&#038;p=1199"},"modified":"2025-03-20T10:51:59","modified_gmt":"2025-03-20T02:51:59","slug":"150-mm-ec-air-extractor-with-app-panel-control","status":"publish","type":"product","link":"https:\/\/www.fangofast.com\/de\/product\/150-mm-ec-air-extractor-with-app-panel-control\/","title":{"rendered":"150 mm EC-Luftabzug mit App &amp; Panel Control"},"content":{"rendered":"<table>\n<tbody>\n<tr>\n<td width=\"129\"><strong><b>Marke<\/b><\/strong><\/td>\n<td width=\"412\">Erfassen Sie<\/td>\n<\/tr>\n<tr>\n<td width=\"129\"><strong><b>Farbe<\/b><\/strong><\/td>\n<td width=\"412\">150 Mm App Controller R\u00f6hrenventilator<\/td>\n<\/tr>\n<tr>\n<td width=\"129\"><strong><b>Elektrischer Ventilator<\/b><\/strong><\/td>\n<td width=\"412\">Gebl\u00e4se<\/td>\n<\/tr>\n<tr>\n<td width=\"129\"><strong><b>Stromquelle<\/b><\/strong><\/td>\n<td width=\"412\">Elektrisch mit Kabel<\/td>\n<\/tr>\n<tr>\n<td width=\"129\"><strong><b>Stil<\/b><\/strong><\/td>\n<td width=\"412\">Industriell<\/td>\n<\/tr>\n<tr>\n<td width=\"129\"><strong><b>Abmessungen des Produkts<\/b><\/strong><\/td>\n<td width=\"412\">10D x 10B x 10H Millimeter<\/td>\n<\/tr>\n<tr>\n<td width=\"129\"><strong><b>Besonderes Merkmal<\/b><\/strong><\/td>\n<td width=\"412\">Wi-Fi Aktiviert<\/td>\n<\/tr>\n<tr>\n<td width=\"129\"><strong><b>Empfohlene Verwendung des Produkts<\/b><\/strong><\/td>\n<td width=\"412\">Luftumw\u00e4lzung, Bel\u00fcftung, Ventilation, Trocknung, K\u00fchlung<\/td>\n<\/tr>\n<tr>\n<td width=\"129\"><strong><b>Art der Ausf\u00fchrung<\/b><\/strong><\/td>\n<td width=\"412\">Gemalt<\/td>\n<\/tr>\n<tr>\n<td width=\"129\"><strong><b>Kapazit\u00e4t des Luftstroms<\/b><\/strong><\/td>\n<td width=\"412\">595 CMPH<\/td>\n<\/tr>\n<\/tbody>\n<\/table>\n<p>&nbsp;<\/p>\n<ul>\n<li>Der intelligente Rohrventilator f\u00fcr ein perfektes Raumklima: Unser smarter Rohrventilator verbindet modernste Technik mit benutzerfreundlichem Design und bietet Ihnen eine effiziente und komfortable L\u00fcftungsl\u00f6sung. Mit einer starken Luftleistung von 595 m\u00b3\/h und einer kompakten Bauweise von 150 mm ist dieser Abluftventilator ideal f\u00fcr den Einsatz in Gew\u00e4chsh\u00e4usern, Garagen, B\u00e4dern und K\u00fcchen.<\/li>\n<li>Intelligente Steuerung \u00fcber App und Bedienfeld - Der Rohrventilator bietet zwei flexible Steuerungsm\u00f6glichkeiten: \u00dcber die praktische Smartphone-App oder das integrierte Bedienfeld k\u00f6nnen Sie ganz einfach Geschwindigkeit, Temperatur und Luftfeuchtigkeit einstellen, um eine effiziente und komfortable L\u00fcftungsl\u00f6sung zu erhalten.<\/li>\n<li>Mit Temperatur- und Feuchtigkeitsregelung - stellen Sie bestimmte Temperatur- und Luftfeuchtigkeitswerte ein, und der Ventilator schaltet sich automatisch bei diesen Werten ein, wenn die Raumtemperatur oder Luftfeuchtigkeit den von Ihnen eingestellten Wert erreicht oder \u00fcberschreitet. Ideal f\u00fcr Winterg\u00e4rten, Garagen, B\u00e4der und K\u00fcchen.<\/li>\n<li>N\u00fctzliche Timerfunktion: Mit der Zeitverz\u00f6gerungsfunktion sind Sie flexibel. Stellen Sie eine individuelle Zeitspanne ein, z. B. 30 Minuten, und der Ventilator l\u00e4uft nach dem Ausschalten noch 30 Minuten weiter, ideal f\u00fcr energieeffizientes L\u00fcften.<\/li>\n<li>Vielseitig einsetzbar - Ob in Gew\u00e4chsh\u00e4usern, Garagen, B\u00e4dern oder K\u00fcchen - dieser Ventilator ist die ideale L\u00f6sung, um Feuchtigkeit, Ger\u00fcche und schlechte Luft effektiv zu beseitigen.<\/li>\n<\/ul>","protected":false},"excerpt":{"rendered":"<p>Brand Capture Colour 150 Mm App Controller Pipe Fan Electric fan design Blower Power source Corded Electric Style Industrial Product dimensions 10D x 10W x 10H millimetres Special feature Wi-Fi Enabled Recommended uses for product Air circulation, ventilating, ventilating, drying, cooling Finish type Painted Air flow capacity 595 CMPH &nbsp; The intelligent duct fan for &hellip;<\/p>\n<p class=\"read-more\"> <a class=\"\" href=\"https:\/\/www.fangofast.com\/de\/product\/150-mm-ec-air-extractor-with-app-panel-control\/\"> <span class=\"screen-reader-text\">150 mm EC-Luftabzug mit App &amp; Panel Control<\/span> Read More \u00bb<\/a><\/p>","protected":false},"featured_media":1200,"template":"","meta":{"site-sidebar-layout":"default","site-content-layout":"default","ast-global-header-display":"","ast-main-header-display":"","ast-hfb-above-header-display":"","ast-hfb-below-header-display":"","ast-hfb-mobile-header-display":"","site-post-title":"","ast-breadcrumbs-content":"","ast-featured-img":"","footer-sml-layout":"","theme-transparent-header-meta":"default","adv-header-id-meta":"","stick-header-meta":"","header-above-stick-meta":"","header-main-stick-meta":"","header-below-stick-meta":""},"product_cat":[36],"product_tag":[],"class_list":["post-1199","product","type-product","status-publish","has-post-thumbnail","hentry","product_cat-ec-motor-mixed-flow-inline-fan","desktop-align-left","tablet-align-left","mobile-align-left","ast-product-gallery-layout-vertical-slider","ast-product-tabs-layout-horizontal"],"_links":{"self":[{"href":"https:\/\/www.fangofast.com\/de\/wp-json\/wp\/v2\/product\/1199","targetHints":{"allow":["GET"]}}],"collection":[{"href":"https:\/\/www.fangofast.com\/de\/wp-json\/wp\/v2\/product"}],"about":[{"href":"https:\/\/www.fangofast.com\/de\/wp-json\/wp\/v2\/types\/product"}],"wp:featuredmedia":[{"embeddable":true,"href":"https:\/\/www.fangofast.com\/de\/wp-json\/wp\/v2\/media\/1200"}],"wp:attachment":[{"href":"https:\/\/www.fangofast.com\/de\/wp-json\/wp\/v2\/media?parent=1199"}],"wp:term":[{"taxonomy":"product_cat","embeddable":true,"href":"https:\/\/www.fangofast.com\/de\/wp-json\/wp\/v2\/product_cat?post=1199"},{"taxonomy":"product_tag","embeddable":true,"href":"https:\/\/www.fangofast.com\/de\/wp-json\/wp\/v2\/product_tag?post=1199"}],"curies":[{"name":"wp","href":"https:\/\/api.w.org\/{rel}","templated":true}]}}