{"id":1177,"date":"2025-03-20T10:18:08","date_gmt":"2025-03-20T02:18:08","guid":{"rendered":"https:\/\/www.fangofast.com\/?post_type=product&#038;p=1177"},"modified":"2025-03-20T10:39:00","modified_gmt":"2025-03-20T02:39:00","slug":"200mm-ec-tubular-fan-is-adjustable","status":"publish","type":"product","link":"https:\/\/www.fangofast.com\/de\/product\/200mm-ec-tubular-fan-is-adjustable\/","title":{"rendered":"200mm EC-Luftabsaugung"},"content":{"rendered":"<table>\n<tbody>\n<tr>\n<td width=\"129\"><strong><b>Marke<\/b><\/strong><\/td>\n<td width=\"412\">Erfassen Sie<\/td>\n<\/tr>\n<tr>\n<td width=\"129\"><strong><b>Farbe<\/b><\/strong><\/td>\n<td width=\"412\">200 Mm Ec-Rohrventilator, verstellbar<\/td>\n<\/tr>\n<tr>\n<td width=\"129\"><strong><b>Elektrischer Ventilator<\/b><\/strong><\/td>\n<td width=\"412\">Abluftventilator<\/td>\n<\/tr>\n<tr>\n<td width=\"129\"><strong><b>Stromquelle<\/b><\/strong><\/td>\n<td width=\"412\">Elektrisch mit Kabel<\/td>\n<\/tr>\n<tr>\n<td width=\"129\"><strong><b>Stil<\/b><\/strong><\/td>\n<td width=\"412\">200 mm EC-Rohrventilator, einstellbar<\/td>\n<\/tr>\n<tr>\n<td width=\"129\"><strong><b>Abmessungen des Produkts<\/b><\/strong><\/td>\n<td width=\"412\">36D x 31W x 28H Zentimeter<\/td>\n<\/tr>\n<tr>\n<td width=\"129\"><strong><b>Zimmer-Typ<\/b><\/strong><\/td>\n<td width=\"412\">Alle R\u00e4ume<\/td>\n<\/tr>\n<tr>\n<td width=\"129\"><strong><b>Besonderes Merkmal<\/b><\/strong><\/td>\n<td width=\"412\">Tragbar<\/td>\n<\/tr>\n<tr>\n<td width=\"129\"><strong><b>Empfohlene Verwendung des Produkts<\/b><\/strong><\/td>\n<td width=\"412\">Luftzirkulation<\/td>\n<\/tr>\n<tr>\n<td width=\"129\"><strong><b>Art der Ausf\u00fchrung<\/b><\/strong><\/td>\n<td width=\"412\">Unvollendete<\/td>\n<\/tr>\n<\/tbody>\n<\/table>\n<p>&nbsp;<\/p>\n<ul>\n<li>KRAFTVOLLER R\u00d6HRENVENTILATOR Dieser 200-mm-Ventilator ist ideal f\u00fcr industrielle L\u00fcftungsanwendungen wie Trockenbau- und Deckenventilatoren.<\/li>\n<li>Einfache Bedienung Mit der praktischen Fernbedienung k\u00f6nnen Sie den Ventilator bequem steuern.<\/li>\n<li>Vielseitig einsetzbar: Der Ventilator kann sowohl mit 12V als auch mit 240V betrieben werden.<\/li>\n<li>DAUERHAFTE KONSTRUKTION: Dank seiner robusten Bauweise ist dieser Ventilator ideal f\u00fcr den Einsatz im Freien geeignet.<\/li>\n<li>EFFIZIENTE BEL\u00dcFTUNG Mit seiner hohen Leistung sorgt der Ventilator f\u00fcr eine effiziente Be- und Entl\u00fcftung von R\u00e4umen.<\/li>\n<\/ul>","protected":false},"excerpt":{"rendered":"<p>Brand Capture Colour 200 Mm Ec Pipe Fan, Adjustable Electric fan design Exhaust Fan Power source Corded Electric Style 200 mm EC pipe fan, adjustable Product dimensions 36D x 31W x 28H centimetres Room type All rooms Special feature Portable Recommended uses for product Air Circulation Finish type Unfinished &nbsp; POWERFUL PIPE FAN This 200mm &hellip;<\/p>\n<p class=\"read-more\"> <a class=\"\" href=\"https:\/\/www.fangofast.com\/de\/product\/200mm-ec-tubular-fan-is-adjustable\/\"> <span class=\"screen-reader-text\">200mm EC-Luftabsaugung<\/span> Read More \u00bb<\/a><\/p>","protected":false},"featured_media":1178,"template":"","meta":{"site-sidebar-layout":"default","site-content-layout":"default","ast-global-header-display":"","ast-main-header-display":"","ast-hfb-above-header-display":"","ast-hfb-below-header-display":"","ast-hfb-mobile-header-display":"","site-post-title":"","ast-breadcrumbs-content":"","ast-featured-img":"","footer-sml-layout":"","theme-transparent-header-meta":"default","adv-header-id-meta":"","stick-header-meta":"","header-above-stick-meta":"","header-main-stick-meta":"","header-below-stick-meta":""},"product_cat":[36],"product_tag":[],"class_list":["post-1177","product","type-product","status-publish","has-post-thumbnail","hentry","product_cat-ec-motor-mixed-flow-inline-fan","desktop-align-left","tablet-align-left","mobile-align-left","ast-product-gallery-layout-vertical-slider","ast-product-tabs-layout-horizontal"],"_links":{"self":[{"href":"https:\/\/www.fangofast.com\/de\/wp-json\/wp\/v2\/product\/1177","targetHints":{"allow":["GET"]}}],"collection":[{"href":"https:\/\/www.fangofast.com\/de\/wp-json\/wp\/v2\/product"}],"about":[{"href":"https:\/\/www.fangofast.com\/de\/wp-json\/wp\/v2\/types\/product"}],"wp:featuredmedia":[{"embeddable":true,"href":"https:\/\/www.fangofast.com\/de\/wp-json\/wp\/v2\/media\/1178"}],"wp:attachment":[{"href":"https:\/\/www.fangofast.com\/de\/wp-json\/wp\/v2\/media?parent=1177"}],"wp:term":[{"taxonomy":"product_cat","embeddable":true,"href":"https:\/\/www.fangofast.com\/de\/wp-json\/wp\/v2\/product_cat?post=1177"},{"taxonomy":"product_tag","embeddable":true,"href":"https:\/\/www.fangofast.com\/de\/wp-json\/wp\/v2\/product_tag?post=1177"}],"curies":[{"name":"wp","href":"https:\/\/api.w.org\/{rel}","templated":true}]}}