{"id":1159,"date":"2024-07-16T15:21:40","date_gmt":"2024-07-16T07:21:40","guid":{"rendered":"https:\/\/www.fangofast.com\/?post_type=product&#038;p=1159"},"modified":"2024-07-17T14:05:49","modified_gmt":"2024-07-17T06:05:49","slug":"timer","status":"publish","type":"product","link":"https:\/\/www.fangofast.com\/de\/product\/timer\/","title":{"rendered":"Zeitschaltuhr"},"content":{"rendered":"","protected":false},"excerpt":{"rendered":"<p>Erleben Sie die Verschmelzung von Funktionalit\u00e4t und Innovation mit dem Hydroponik-Zubeh\u00f6r von Fangofast. Unsere umfassende Auswahl, einschlie\u00dflich erstklassiger Inline-Ventilatoren und effizienter Grow-Bags, ist auf die differenzierten Bed\u00fcrfnisse des hydroponischen Anbaus zugeschnitten. Dank unserer umfassenden Erfahrung bieten wir Zubeh\u00f6r an, das nicht nur Ihre Systeme erg\u00e4nzt, sondern auch die Messlatte f\u00fcr Qualit\u00e4t und Leistung h\u00f6her legt.<\/p>","protected":false},"featured_media":1160,"template":"","meta":{"site-sidebar-layout":"default","site-content-layout":"default","ast-global-header-display":"","ast-main-header-display":"","ast-hfb-above-header-display":"","ast-hfb-below-header-display":"","ast-hfb-mobile-header-display":"","site-post-title":"","ast-breadcrumbs-content":"","ast-featured-img":"","footer-sml-layout":"","theme-transparent-header-meta":"default","adv-header-id-meta":"","stick-header-meta":"","header-above-stick-meta":"","header-main-stick-meta":"","header-below-stick-meta":""},"product_cat":[67],"product_tag":[],"class_list":["post-1159","product","type-product","status-publish","has-post-thumbnail","hentry","product_cat-timer","desktop-align-left","tablet-align-left","mobile-align-left","ast-product-gallery-layout-vertical-slider","ast-product-gallery-with-no-image","ast-product-tabs-layout-horizontal"],"_links":{"self":[{"href":"https:\/\/www.fangofast.com\/de\/wp-json\/wp\/v2\/product\/1159","targetHints":{"allow":["GET"]}}],"collection":[{"href":"https:\/\/www.fangofast.com\/de\/wp-json\/wp\/v2\/product"}],"about":[{"href":"https:\/\/www.fangofast.com\/de\/wp-json\/wp\/v2\/types\/product"}],"wp:featuredmedia":[{"embeddable":true,"href":"https:\/\/www.fangofast.com\/de\/wp-json\/wp\/v2\/media\/1160"}],"wp:attachment":[{"href":"https:\/\/www.fangofast.com\/de\/wp-json\/wp\/v2\/media?parent=1159"}],"wp:term":[{"taxonomy":"product_cat","embeddable":true,"href":"https:\/\/www.fangofast.com\/de\/wp-json\/wp\/v2\/product_cat?post=1159"},{"taxonomy":"product_tag","embeddable":true,"href":"https:\/\/www.fangofast.com\/de\/wp-json\/wp\/v2\/product_tag?post=1159"}],"curies":[{"name":"wp","href":"https:\/\/api.w.org\/{rel}","templated":true}]}}