{"id":1152,"date":"2024-07-16T14:00:07","date_gmt":"2024-07-16T06:00:07","guid":{"rendered":"https:\/\/www.fangofast.com\/?post_type=product&#038;p=1152"},"modified":"2024-07-16T14:00:10","modified_gmt":"2024-07-16T06:00:10","slug":"customized-hash-bag","status":"publish","type":"product","link":"https:\/\/www.fangofast.com\/de\/product\/customized-hash-bag\/","title":{"rendered":"Individueller Haschischbeutel"},"content":{"rendered":"<div class=\"elementor-element elementor-element-2d5c1fa elementor-repeater-item-none elementor-repeater-item-none_hover elementor-widget elementor-widget-heading\" data-id=\"2d5c1fa\" data-element_type=\"widget\" data-widget_type=\"heading.default\">\n<div class=\"elementor-widget-container\">\n<h2 class=\"elementor-heading-title elementor-size-default\">Doppelt gen\u00e4ht<\/h2>\n<p><img decoding=\"async\" class=\"size-medium wp-image-1140 alignright\" src=\"https:\/\/www.fangofast.com\/wp-content\/uploads\/2024\/07\/2-1-300x203.png\" alt=\"\" width=\"300\" height=\"203\" srcset=\"https:\/\/www.fangofast.com\/wp-content\/uploads\/2024\/07\/2-1-300x203.png 300w, https:\/\/www.fangofast.com\/wp-content\/uploads\/2024\/07\/2-1-18x12.png 18w, https:\/\/www.fangofast.com\/wp-content\/uploads\/2024\/07\/2-1.png 510w\" sizes=\"(max-width: 300px) 100vw, 300px\" \/><\/p>\n<\/div>\n<\/div>\n<div class=\"elementor-element elementor-element-1953575 elementor-repeater-item-none elementor-repeater-item-none_hover elementor-widget elementor-widget-text-editor\" data-id=\"1953575\" data-element_type=\"widget\" data-widget_type=\"text-editor.default\">\n<div class=\"elementor-widget-container\">\n<p>Erleben Sie die un\u00fcbertroffene Haltbarkeit unserer Doppelnahttechnik. Jede<\/p>\n<p>Die Haschisch-Tasche wird sorgf\u00e4ltig mit verst\u00e4rkten N\u00e4hten hergestellt, um sicherzustellen, dass sie<\/p>\n<p>halten den Strapazen des wiederholten Gebrauchs stand. Diese robuste Konstruktion garantiert<\/p>\n<p>langlebige Leistung, was unsere Taschen zu einer zuverl\u00e4ssigen Wahl f\u00fcr umfangreiche<\/p>\n<p>Extraktionssitzungen.<\/p>\n<hr \/>\n<div class=\"elementor-element elementor-element-1a87d9a elementor-repeater-item-none elementor-repeater-item-none_hover elementor-widget elementor-widget-heading\" data-id=\"1a87d9a\" data-element_type=\"widget\" data-widget_type=\"heading.default\">\n<div class=\"elementor-widget-container\">\n<h2 class=\"elementor-heading-title elementor-size-default\" style=\"text-align: right;\"><img decoding=\"async\" class=\"size-medium wp-image-1141 alignleft\" style=\"font-size: 16px; font-style: inherit; font-weight: inherit;\" src=\"https:\/\/www.fangofast.com\/wp-content\/uploads\/2024\/07\/1-1-300x203.png\" alt=\"\" width=\"300\" height=\"203\" srcset=\"https:\/\/www.fangofast.com\/wp-content\/uploads\/2024\/07\/1-1-300x203.png 300w, https:\/\/www.fangofast.com\/wp-content\/uploads\/2024\/07\/1-1-18x12.png 18w, https:\/\/www.fangofast.com\/wp-content\/uploads\/2024\/07\/1-1.png 510w\" sizes=\"(max-width: 300px) 100vw, 300px\" \/>Lebensmittelqualit\u00e4t Mesh<\/h2>\n<\/div>\n<\/div>\n<div class=\"elementor-element elementor-element-f50c014 elementor-repeater-item-none elementor-repeater-item-none_hover elementor-widget elementor-widget-text-editor\" data-id=\"f50c014\" data-element_type=\"widget\" data-widget_type=\"text-editor.default\">\n<div class=\"elementor-widget-container\">\n<p style=\"text-align: right;\">Sicherheit und Qualit\u00e4t gehen bei unserem lebensmittelechten Netz Hand in Hand. Speziell<\/p>\n<p style=\"text-align: right;\">Unser auf Reinheit ausgelegtes Netz ist ungiftig und frei von sch\u00e4dlichen Chemikalien,<\/p>\n<p style=\"text-align: right;\">So wird sichergestellt, dass Ihr Haschisch nicht verunreinigt wird und unbedenklich verzehrt werden kann.<\/p>\n<p style=\"text-align: right;\">Ideal f\u00fcr alle, die bei ihrem Extraktionsprozess Wert auf Gesundheit und Qualit\u00e4t legen.<\/p>\n<hr \/>\n<div class=\"elementor-element elementor-element-4db6607 elementor-repeater-item-none elementor-repeater-item-none_hover elementor-widget elementor-widget-heading\" data-id=\"4db6607\" data-element_type=\"widget\" data-widget_type=\"heading.default\">\n<div class=\"elementor-widget-container\">\n<h2 class=\"elementor-heading-title elementor-size-default\">Wasserdichtes Gewebe<img decoding=\"async\" class=\"size-medium wp-image-1142 alignright\" style=\"font-size: 16px; font-style: inherit; font-weight: inherit;\" src=\"https:\/\/www.fangofast.com\/wp-content\/uploads\/2024\/07\/3-1-300x203.png\" alt=\"\" width=\"300\" height=\"203\" srcset=\"https:\/\/www.fangofast.com\/wp-content\/uploads\/2024\/07\/3-1-300x203.png 300w, https:\/\/www.fangofast.com\/wp-content\/uploads\/2024\/07\/3-1-18x12.png 18w, https:\/\/www.fangofast.com\/wp-content\/uploads\/2024\/07\/3-1.png 510w\" sizes=\"(max-width: 300px) 100vw, 300px\" \/><\/h2>\n<\/div>\n<\/div>\n<div class=\"elementor-element elementor-element-b6d80f3 elementor-repeater-item-none elementor-repeater-item-none_hover elementor-widget elementor-widget-text-editor\" data-id=\"b6d80f3\" data-element_type=\"widget\" data-widget_type=\"text-editor.default\">\n<div class=\"elementor-widget-container\">\n<p>Unsere Haschischs\u00e4cke bestehen aus wasserdichtem Gewebe und bieten hervorragenden Schutz und einfache<\/p>\n<p>Pflege. Dieses Material verhindert wirksam das Eindringen von Feuchtigkeit und gew\u00e4hrleistet<\/p>\n<p>Ihr Haschisch bleibt trocken und bewahrt seine Qualit\u00e4t. Die wasserdichte Natur auch<\/p>\n<p>vereinfacht die Reinigung und macht die S\u00e4uberung nach der Extraktion zu einem Kinderspiel.<\/p>\n<hr \/>\n<\/div>\n<div class=\"elementor-element elementor-element-e7bf730 elementor-repeater-item-none elementor-repeater-item-none_hover elementor-widget elementor-widget-heading\" data-id=\"e7bf730\" data-element_type=\"widget\" data-widget_type=\"heading.default\">\n<div class=\"elementor-widget-container\">\n<h2 class=\"elementor-heading-title elementor-size-default\" style=\"text-align: right;\"><img decoding=\"async\" class=\"size-medium wp-image-1143 alignleft\" style=\"font-size: 16px; font-style: inherit; font-weight: inherit;\" src=\"https:\/\/www.fangofast.com\/wp-content\/uploads\/2024\/07\/4-1-300x203.png\" alt=\"\" width=\"300\" height=\"203\" srcset=\"https:\/\/www.fangofast.com\/wp-content\/uploads\/2024\/07\/4-1-300x203.png 300w, https:\/\/www.fangofast.com\/wp-content\/uploads\/2024\/07\/4-1-18x12.png 18w, https:\/\/www.fangofast.com\/wp-content\/uploads\/2024\/07\/4-1.png 510w\" sizes=\"(max-width: 300px) 100vw, 300px\" \/>Umweltvertr\u00e4gliche Beschichtung<\/h2>\n<\/div>\n<\/div>\n<div class=\"elementor-element elementor-element-af2ec36 elementor-repeater-item-none elementor-repeater-item-none_hover elementor-widget elementor-widget-text-editor\" data-id=\"af2ec36\" data-element_type=\"widget\" data-widget_type=\"text-editor.default\">\n<div class=\"elementor-widget-container\">\n<p style=\"text-align: right;\">Setzen Sie auf Nachhaltigkeit mit unserer umweltfreundlichen Beschichtung. Orientrise ist verpflichtet<\/p>\n<p style=\"text-align: right;\">und unsere Haschischbeutel spiegeln dieses Ethos wider. Die \u00d6ko-<\/p>\n<p style=\"text-align: right;\">freundliche Beschichtung erh\u00f6ht nicht nur die Haltbarkeit der Tasche, sondern gew\u00e4hrleistet auch<\/p>\n<p style=\"text-align: right;\">minimale Umweltauswirkungen, die mit den Werten umweltbewusster Menschen \u00fcbereinstimmen<\/p>\n<p style=\"text-align: right;\">Extraktoren.<\/p>\n<hr \/>\n<p>&nbsp;<\/p>\n<\/div>\n<\/div>\n<\/div>\n<\/div>\n<\/div>\n<\/div>\n<\/div>","protected":false},"excerpt":{"rendered":"<p>Der Customized Pattern Hash Bag von Orientrise bietet die perfekte Mischung aus Personalisierung und Leistung. Diese nach Ihren Vorgaben ma\u00dfgeschneiderten Taschen k\u00f6nnen mit individuellen Mustern und Designs versehen werden und bieten so ein einzigartiges und pers\u00f6nliches Extraktionserlebnis. Diese Beutel sind ideal f\u00fcr Marken und Unternehmen, die ihre Produkte von anderen abheben m\u00f6chten, und kombinieren Funktionalit\u00e4t mit einem unverwechselbaren Stil.<\/p>","protected":false},"featured_media":1153,"template":"","meta":{"site-sidebar-layout":"default","site-content-layout":"default","ast-global-header-display":"","ast-main-header-display":"","ast-hfb-above-header-display":"","ast-hfb-below-header-display":"","ast-hfb-mobile-header-display":"","site-post-title":"","ast-breadcrumbs-content":"","ast-featured-img":"","footer-sml-layout":"","theme-transparent-header-meta":"default","adv-header-id-meta":"","stick-header-meta":"","header-above-stick-meta":"","header-main-stick-meta":"","header-below-stick-meta":""},"product_cat":[64],"product_tag":[],"class_list":["post-1152","product","type-product","status-publish","has-post-thumbnail","hentry","product_cat-bubble-hash-bag","desktop-align-left","tablet-align-left","mobile-align-left","ast-product-gallery-layout-vertical-slider","ast-product-gallery-with-no-image","ast-product-tabs-layout-horizontal"],"_links":{"self":[{"href":"https:\/\/www.fangofast.com\/de\/wp-json\/wp\/v2\/product\/1152","targetHints":{"allow":["GET"]}}],"collection":[{"href":"https:\/\/www.fangofast.com\/de\/wp-json\/wp\/v2\/product"}],"about":[{"href":"https:\/\/www.fangofast.com\/de\/wp-json\/wp\/v2\/types\/product"}],"wp:featuredmedia":[{"embeddable":true,"href":"https:\/\/www.fangofast.com\/de\/wp-json\/wp\/v2\/media\/1153"}],"wp:attachment":[{"href":"https:\/\/www.fangofast.com\/de\/wp-json\/wp\/v2\/media?parent=1152"}],"wp:term":[{"taxonomy":"product_cat","embeddable":true,"href":"https:\/\/www.fangofast.com\/de\/wp-json\/wp\/v2\/product_cat?post=1152"},{"taxonomy":"product_tag","embeddable":true,"href":"https:\/\/www.fangofast.com\/de\/wp-json\/wp\/v2\/product_tag?post=1152"}],"curies":[{"name":"wp","href":"https:\/\/api.w.org\/{rel}","templated":true}]}}