{"id":1130,"date":"2024-07-16T10:07:08","date_gmt":"2024-07-16T02:07:08","guid":{"rendered":"https:\/\/www.fangofast.com\/?post_type=product&#038;p=1130"},"modified":"2024-07-17T14:35:11","modified_gmt":"2024-07-17T06:35:11","slug":"round-grow-bag","status":"publish","type":"product","link":"https:\/\/www.fangofast.com\/de\/product\/round-grow-bag\/","title":{"rendered":"Runder Grow-Beutel"},"content":{"rendered":"<div class=\"elementor-element elementor-element-dba1d63 elementor-repeater-item-none elementor-repeater-item-none_hover elementor-widget elementor-widget-heading\" data-id=\"dba1d63\" data-element_type=\"widget\" data-widget_type=\"heading.default\">\n<div class=\"elementor-widget-container\">\n<h2 class=\"elementor-heading-title elementor-size-default\" style=\"text-align: right;\">5-Draht-Riegeln\u00e4hte<\/h2>\n<\/div>\n<\/div>\n<div class=\"elementor-element elementor-element-28c867e elementor-repeater-item-none elementor-repeater-item-none_hover elementor-widget elementor-widget-text-editor\" data-id=\"28c867e\" data-element_type=\"widget\" data-widget_type=\"text-editor.default\">\n<div class=\"elementor-widget-container\">\n<p><img decoding=\"async\" class=\"size-medium wp-image-1133 alignleft\" style=\"text-align: right;\" src=\"https:\/\/www.fangofast.com\/wp-content\/uploads\/2024\/07\/grow-bag-f1-300x203.png\" alt=\"\" width=\"300\" height=\"203\" srcset=\"https:\/\/www.fangofast.com\/wp-content\/uploads\/2024\/07\/grow-bag-f1-300x203.png 300w, https:\/\/www.fangofast.com\/wp-content\/uploads\/2024\/07\/grow-bag-f1-18x12.png 18w, https:\/\/www.fangofast.com\/wp-content\/uploads\/2024\/07\/grow-bag-f1.png 510w\" sizes=\"(max-width: 300px) 100vw, 300px\" \/><\/p>\n<p style=\"text-align: right;\">Die Wachstumsbeutel von Orientrise verf\u00fcgen \u00fcber eine 5-Draht-Naht, eine robuste<\/p>\n<p style=\"text-align: right;\">Konstruktionstechnik, die die Haltbarkeit der Tasche deutlich erh\u00f6ht<\/p>\n<p style=\"text-align: right;\">Haltbarkeit und Lebensdauer. Diese fortschrittliche Nahtmethode gew\u00e4hrleistet<\/p>\n<p style=\"text-align: right;\">dass die Taschen den Strapazen des h\u00e4ufigen Gebrauchs standhalten, was sie zu einem<\/p>\n<p style=\"text-align: right;\">zuverl\u00e4ssige Wahl f\u00fcr intensive Gartenbauaktivit\u00e4ten.<\/p>\n<\/div>\n<\/div>\n<hr \/>\n<div class=\"elementor-element elementor-element-28c867e elementor-repeater-item-none elementor-repeater-item-none_hover elementor-widget elementor-widget-text-editor\" data-id=\"28c867e\" data-element_type=\"widget\" data-widget_type=\"text-editor.default\">\n<div class=\"elementor-widget-container\">\n<div class=\"elementor-element elementor-element-ea81737 e-con-full e-flex elementor-repeater-item-default_padding elementor-repeater-item-none elementor-repeater-item-none_hover e-con e-child\" data-id=\"ea81737\" data-element_type=\"container\" data-settings=\"{&quot;content_width&quot;:&quot;full&quot;,&quot;ang_container_spacing_size&quot;:&quot;default_padding&quot;}\">\n<div class=\"elementor-element elementor-element-a8ba43f elementor-repeater-item-none elementor-repeater-item-none_hover elementor-widget elementor-widget-heading\" data-id=\"a8ba43f\" data-element_type=\"widget\" data-widget_type=\"heading.default\">\n<div class=\"elementor-widget-container\">\n<h2 class=\"elementor-heading-title elementor-size-default\">X Sharp Sewing<\/h2>\n<p><img decoding=\"async\" class=\"size-medium wp-image-1134 alignright\" style=\"font-style: inherit; font-weight: inherit;\" src=\"https:\/\/www.fangofast.com\/wp-content\/uploads\/2024\/07\/grow-bag-f2-300x203.png\" alt=\"\" width=\"300\" height=\"203\" srcset=\"https:\/\/www.fangofast.com\/wp-content\/uploads\/2024\/07\/grow-bag-f2-300x203.png 300w, https:\/\/www.fangofast.com\/wp-content\/uploads\/2024\/07\/grow-bag-f2-18x12.png 18w, https:\/\/www.fangofast.com\/wp-content\/uploads\/2024\/07\/grow-bag-f2.png 510w\" sizes=\"(max-width: 300px) 100vw, 300px\" \/><\/p>\n<\/div>\n<p style=\"font-size: 16px;\"><span style=\"font-size: 16px;\">Unsere X Sharp Sewing Technik bietet Pr\u00e4zision und verst\u00e4rkte<\/span><\/p>\n<\/div>\n<div class=\"elementor-element elementor-element-cd5c669 elementor-repeater-item-none elementor-repeater-item-none_hover elementor-widget elementor-widget-text-editor\" data-id=\"cd5c669\" data-element_type=\"widget\" data-widget_type=\"text-editor.default\">\n<div class=\"elementor-widget-container\">\n<p>St\u00e4rke in jeder Naht. Dieser akribische Ansatz beim N\u00e4hen<\/p>\n<\/div>\n<p>gew\u00e4hrleistet, dass jeder Growbag seine Form und Integrit\u00e4t unter<\/p>\n<p>schwere Lasten, die eine konstante<span style=\"font-size: 16px;\">t Leistung und Zuverl\u00e4ssigkeit.<\/span><\/p>\n<p>&nbsp;<\/p>\n<\/div>\n<hr \/>\n<\/div>\n<div class=\"elementor-element elementor-element-ec9e07f e-con-full e-flex elementor-repeater-item-default_padding elementor-repeater-item-none elementor-repeater-item-none_hover e-con e-child\" data-id=\"ec9e07f\" data-element_type=\"container\" data-settings=\"{&quot;content_width&quot;:&quot;full&quot;,&quot;ang_container_spacing_size&quot;:&quot;default_padding&quot;}\">\n<div class=\"elementor-element elementor-element-45839ce external_elementor-repeater-item-none_external elementor-repeater-item-none elementor-repeater-item-none_hover elementor-widget elementor-widget-image\" data-id=\"45839ce\" data-element_type=\"widget\" data-widget_type=\"image.default\">\n<div class=\"elementor-element elementor-element-5bd6d76 elementor-repeater-item-none elementor-repeater-item-none_hover elementor-widget elementor-widget-heading\" data-id=\"5bd6d76\" data-element_type=\"widget\" data-widget_type=\"heading.default\">\n<div class=\"elementor-widget-container\">\n<h2 class=\"elementor-heading-title elementor-size-default\" style=\"text-align: right;\"><img decoding=\"async\" class=\"size-medium wp-image-1135 alignleft\" src=\"https:\/\/www.fangofast.com\/wp-content\/uploads\/2024\/07\/grow-bag-f3-300x203.png\" alt=\"\" width=\"300\" height=\"203\" srcset=\"https:\/\/www.fangofast.com\/wp-content\/uploads\/2024\/07\/grow-bag-f3-300x203.png 300w, https:\/\/www.fangofast.com\/wp-content\/uploads\/2024\/07\/grow-bag-f3-18x12.png 18w, https:\/\/www.fangofast.com\/wp-content\/uploads\/2024\/07\/grow-bag-f3.png 510w\" sizes=\"(max-width: 300px) 100vw, 300px\" \/>Stabile Griffe<\/h2>\n<\/div>\n<\/div>\n<div class=\"elementor-element elementor-element-7ba003c elementor-repeater-item-none elementor-repeater-item-none_hover elementor-widget elementor-widget-text-editor\" data-id=\"7ba003c\" data-element_type=\"widget\" data-widget_type=\"text-editor.default\">\n<div class=\"elementor-widget-container\" data-wp-editing=\"1\">\n<p style=\"text-align: right;\">Unsere Growbags sind mit robusten Griffen ausgestattet und bieten eine einfache Handhabung<\/p>\n<p style=\"text-align: right;\">Bewegung und Handhabung. Die verst\u00e4rkten Griffe sind so gefertigt<\/p>\n<p style=\"text-align: right;\">schwere Gewichte tragen, so dass der Transport von Pflanzen<\/p>\n<p style=\"text-align: right;\">m\u00fchelos und effizient, sowohl f\u00fcr G\u00e4rtner als auch f\u00fcr gewerbliche Anbauer.<\/p>\n<\/div>\n<\/div>\n<\/div>\n<\/div>\n<\/div>\n<\/div>\n<p>&nbsp;<\/p>\n<hr \/>\n<div class=\"elementor-element elementor-element-28c867e elementor-repeater-item-none elementor-repeater-item-none_hover elementor-widget elementor-widget-text-editor\" data-id=\"28c867e\" data-element_type=\"widget\" data-widget_type=\"text-editor.default\">\n<div class=\"elementor-widget-container\">\n<div class=\"elementor-element elementor-element-ec9e07f e-con-full e-flex elementor-repeater-item-default_padding elementor-repeater-item-none elementor-repeater-item-none_hover e-con e-child\" data-id=\"ec9e07f\" data-element_type=\"container\" data-settings=\"{&quot;content_width&quot;:&quot;full&quot;,&quot;ang_container_spacing_size&quot;:&quot;default_padding&quot;}\">\n<div class=\"elementor-element elementor-element-45839ce external_elementor-repeater-item-none_external elementor-repeater-item-none elementor-repeater-item-none_hover elementor-widget elementor-widget-image\" data-id=\"45839ce\" data-element_type=\"widget\" data-widget_type=\"image.default\">\n<div class=\"elementor-element elementor-element-7ba003c elementor-repeater-item-none elementor-repeater-item-none_hover elementor-widget elementor-widget-text-editor\" data-id=\"7ba003c\" data-element_type=\"widget\" data-widget_type=\"text-editor.default\">\n<div class=\"elementor-widget-container\" data-wp-editing=\"1\">\n<div class=\"elementor-element elementor-element-1690c84 elementor-repeater-item-none elementor-repeater-item-none_hover elementor-widget elementor-widget-heading\" data-id=\"1690c84\" data-element_type=\"widget\" data-widget_type=\"heading.default\">\n<div class=\"elementor-widget-container\">\n<h2 class=\"elementor-heading-title elementor-size-default\">Verst\u00e4rkter Boden<img decoding=\"async\" class=\"size-medium wp-image-1136 alignright\" style=\"text-align: right; font-size: 16px; font-weight: 400;\" src=\"https:\/\/www.fangofast.com\/wp-content\/uploads\/2024\/07\/grow-bag-f4-300x203.png\" alt=\"\" width=\"300\" height=\"203\" srcset=\"https:\/\/www.fangofast.com\/wp-content\/uploads\/2024\/07\/grow-bag-f4-300x203.png 300w, https:\/\/www.fangofast.com\/wp-content\/uploads\/2024\/07\/grow-bag-f4-18x12.png 18w, https:\/\/www.fangofast.com\/wp-content\/uploads\/2024\/07\/grow-bag-f4.png 510w\" sizes=\"(max-width: 300px) 100vw, 300px\" \/><\/h2>\n<\/div>\n<\/div>\n<div class=\"elementor-element elementor-element-753ec9b elementor-repeater-item-none elementor-repeater-item-none_hover elementor-widget elementor-widget-text-editor\" data-id=\"753ec9b\" data-element_type=\"widget\" data-widget_type=\"text-editor.default\">\n<div class=\"elementor-widget-container\">\n<p>Der verst\u00e4rkte Boden unserer Kulturtaschen bietet unvergleichliche<\/p>\n<p>Stabilit\u00e4t und Halt. Diese Eigenschaft sorgt daf\u00fcr, dass die Taschen<\/p>\n<p>aufrecht zu halten und ihre Form zu bewahren, was ein Durchh\u00e4ngen und<\/p>\n<p>Erleichterung optimaler Wachstumsbedingungen f\u00fcr die Pflanzen.<\/p>\n<hr \/>\n<\/div>\n<\/div>\n<\/div>\n<\/div>\n<\/div>\n<p>&nbsp;<\/p>\n<\/div>\n<\/div>\n<\/div>","protected":false},"excerpt":{"rendered":"<p>Die erweiterten Funktionen unserer Grow Bags<br \/>\nDie Grow-Bags von Fangofast sind mit fortschrittlichen Merkmalen ausgestattet, um die strengen Anforderungen von Gro\u00dfh\u00e4ndlern und Gartenbaumarken zu erf\u00fcllen. Mit dem Schwerpunkt auf Qualit\u00e4t, Effizienz und Nachhaltigkeit sind unsere Beutel mit modernsten Materialien und innovativen Designs ausgestattet. Diese Merkmale gew\u00e4hrleisten Langlebigkeit, optimales Pflanzenwachstum und eine starke Repr\u00e4sentation Ihrer Marke und unterstreichen unser Engagement, Ihr Unternehmen auf dem wettbewerbsintensiven Markt zu f\u00f6rdern.<\/p>","protected":false},"featured_media":1131,"template":"","meta":{"site-sidebar-layout":"default","site-content-layout":"default","ast-global-header-display":"","ast-main-header-display":"","ast-hfb-above-header-display":"","ast-hfb-below-header-display":"","ast-hfb-mobile-header-display":"","site-post-title":"","ast-breadcrumbs-content":"","ast-featured-img":"","footer-sml-layout":"","theme-transparent-header-meta":"default","adv-header-id-meta":"","stick-header-meta":"","header-above-stick-meta":"","header-main-stick-meta":"","header-below-stick-meta":""},"product_cat":[63],"product_tag":[],"class_list":["post-1130","product","type-product","status-publish","has-post-thumbnail","hentry","product_cat-grow-bag","desktop-align-left","tablet-align-left","mobile-align-left","ast-product-gallery-layout-vertical-slider","ast-product-gallery-with-no-image","ast-product-tabs-layout-horizontal"],"_links":{"self":[{"href":"https:\/\/www.fangofast.com\/de\/wp-json\/wp\/v2\/product\/1130","targetHints":{"allow":["GET"]}}],"collection":[{"href":"https:\/\/www.fangofast.com\/de\/wp-json\/wp\/v2\/product"}],"about":[{"href":"https:\/\/www.fangofast.com\/de\/wp-json\/wp\/v2\/types\/product"}],"wp:featuredmedia":[{"embeddable":true,"href":"https:\/\/www.fangofast.com\/de\/wp-json\/wp\/v2\/media\/1131"}],"wp:attachment":[{"href":"https:\/\/www.fangofast.com\/de\/wp-json\/wp\/v2\/media?parent=1130"}],"wp:term":[{"taxonomy":"product_cat","embeddable":true,"href":"https:\/\/www.fangofast.com\/de\/wp-json\/wp\/v2\/product_cat?post=1130"},{"taxonomy":"product_tag","embeddable":true,"href":"https:\/\/www.fangofast.com\/de\/wp-json\/wp\/v2\/product_tag?post=1130"}],"curies":[{"name":"wp","href":"https:\/\/api.w.org\/{rel}","templated":true}]}}