{"id":1120,"date":"2024-07-15T17:48:21","date_gmt":"2024-07-15T09:48:21","guid":{"rendered":"https:\/\/www.fangofast.com\/?post_type=product&#038;p=1120"},"modified":"2024-07-17T11:24:38","modified_gmt":"2024-07-17T03:24:38","slug":"zippered-drying-rack","status":"publish","type":"product","link":"https:\/\/www.fangofast.com\/de\/product\/zippered-drying-rack\/","title":{"rendered":"Trockengestell mit Rei\u00dfverschluss"},"content":{"rendered":"<div class=\"elementor-element elementor-element-8f78dbb e-con-full elementor-repeater-item-none elementor-repeater-item-none_hover e-flex elementor-repeater-item-default_padding e-con e-child\" data-id=\"8f78dbb\" data-element_type=\"container\" data-settings=\"{&quot;content_width&quot;:&quot;full&quot;,&quot;ang_container_spacing_size&quot;:&quot;default_padding&quot;}\">\n<div class=\"elementor-element elementor-element-f9f9ae6 elementor-repeater-item-none elementor-repeater-item-none_hover elementor-widget elementor-widget-heading\" data-id=\"f9f9ae6\" data-element_type=\"widget\" data-widget_type=\"heading.default\">\n<div class=\"elementor-widget-container\">\n<hr \/>\n<h2 class=\"elementor-heading-title elementor-size-default\">Kletthaken zum Aufh\u00e4ngen<\/h2>\n<\/div>\n<\/div>\n<div class=\"elementor-element elementor-element-7143f9d elementor-repeater-item-none elementor-repeater-item-none_hover elementor-widget elementor-widget-text-editor\" data-id=\"7143f9d\" data-element_type=\"widget\" data-widget_type=\"text-editor.default\">\n<div class=\"elementor-widget-container\">\n<p>Erleben Sie eine problemlose Installation mit der Kr\u00e4utertrocknung von Orientrise<\/p>\n<p><img decoding=\"async\" class=\"alignright\" style=\"font-style: inherit; font-weight: inherit;\" src=\"https:\/\/www.fangofast.com\/wp-content\/uploads\/2024\/07\/dr-feature-1-300x203.png\" alt=\"\" width=\"300\" height=\"203\" \/><span style=\"font-size: 16px;\">Gestelle, ausgestattet mit Kletthaken zum Aufh\u00e4ngen. Entworfen f\u00fcr Leichtigkeit und<\/span><\/p>\n<\/div>\n<p>Diese Haken sorgen daf\u00fcr, dass Ihre W\u00e4schest\u00e4nder fest an ihrem Platz bleiben,<\/p>\n<p>eine stabile und zuverl\u00e4ssige Trocknungsumgebung f\u00fcr Ihre Kr\u00e4uter.<\/p>\n<\/div>\n<\/div>\n<div class=\"elementor-element elementor-element-446c44b e-con-full elementor-repeater-item-none elementor-repeater-item-none_hover e-flex elementor-repeater-item-default_padding e-con e-child\" data-id=\"446c44b\" data-element_type=\"container\" data-settings=\"{&quot;content_width&quot;:&quot;full&quot;,&quot;ang_container_spacing_size&quot;:&quot;default_padding&quot;}\">\n<div class=\"elementor-element elementor-element-2c485ac external_elementor-repeater-item-none_external elementor-repeater-item-none elementor-repeater-item-none_hover elementor-widget elementor-widget-image\" data-id=\"2c485ac\" data-element_type=\"widget\" data-widget_type=\"image.default\">\n<div class=\"elementor-element elementor-element-ac40c26 elementor-repeater-item-none elementor-repeater-item-none_hover elementor-widget elementor-widget-heading\" data-id=\"ac40c26\" data-element_type=\"widget\" data-widget_type=\"heading.default\">\n<div class=\"elementor-widget-container\">\n<hr \/>\n<h2 class=\"elementor-heading-title elementor-size-default\" style=\"text-align: right;\">Wasserdichte obere Abdeckung<\/h2>\n<\/div>\n<\/div>\n<div class=\"elementor-element elementor-element-908082b elementor-repeater-item-none elementor-repeater-item-none_hover elementor-widget elementor-widget-text-editor\" data-id=\"908082b\" data-element_type=\"widget\" data-widget_type=\"text-editor.default\">\n<div class=\"elementor-widget-container\">\n<p style=\"text-align: right;\">Orientrise verbessert die Kr\u00e4utertrocknung mit wasserdichten Abdeckungen,<\/p>\n<p style=\"text-align: right;\"><img decoding=\"async\" class=\"size-medium wp-image-1111 alignleft\" style=\"font-style: inherit; font-weight: inherit;\" src=\"https:\/\/www.fangofast.com\/wp-content\/uploads\/2024\/07\/dr-feature-3-300x203.png\" alt=\"\" width=\"300\" height=\"203\" srcset=\"https:\/\/www.fangofast.com\/wp-content\/uploads\/2024\/07\/dr-feature-3-300x203.png 300w, https:\/\/www.fangofast.com\/wp-content\/uploads\/2024\/07\/dr-feature-3-18x12.png 18w, https:\/\/www.fangofast.com\/wp-content\/uploads\/2024\/07\/dr-feature-3.png 510w\" sizes=\"(max-width: 300px) 100vw, 300px\" \/>die Kr\u00e4uter vor Feuchtigkeit und \u00e4u\u00dferen Einfl\u00fcssen gesch\u00fctzt sind<\/p>\n<p style=\"text-align: right;\">Elemente. Diese Schutzfunktion sorgt f\u00fcr die ideale Trocknung<\/p>\n<p style=\"text-align: right;\">Bedingungen, um die Qualit\u00e4t und das Wesen Ihrer Kr\u00e4uter zu erhalten.<\/p>\n<hr \/>\n<div class=\"elementor-element elementor-element-a1b3b97 e-con-full elementor-repeater-item-none elementor-repeater-item-none_hover e-flex elementor-repeater-item-default_padding e-con e-child\" data-id=\"a1b3b97\" data-element_type=\"container\" data-settings=\"{&quot;content_width&quot;:&quot;full&quot;,&quot;ang_container_spacing_size&quot;:&quot;default_padding&quot;}\">\n<div class=\"elementor-element elementor-element-eb453f6 elementor-repeater-item-none elementor-repeater-item-none_hover elementor-widget elementor-widget-heading\" data-id=\"eb453f6\" data-element_type=\"widget\" data-widget_type=\"heading.default\">\n<div class=\"elementor-widget-container\">\n<h2 class=\"elementor-heading-title elementor-size-default\">Umweltfreundliches, atmungsaktives Mesh<\/h2>\n<\/div>\n<\/div>\n<div class=\"elementor-element elementor-element-fdcc629 elementor-repeater-item-none elementor-repeater-item-none_hover elementor-widget elementor-widget-text-editor\" data-id=\"fdcc629\" data-element_type=\"widget\" data-widget_type=\"text-editor.default\">\n<div class=\"elementor-widget-container\">\n<p>Unsere Kr\u00e4utertrockengestelle sind umweltfreundlich und atmungsaktiv<\/p>\n<p>Mesh, das eine optimale Luftzirkulation f\u00f6rdert und gleichzeitig die Umwelt schont.<\/p>\n<p>Dieses umweltbewusste Design erm\u00f6glicht ein gleichm\u00e4\u00dfiges Trocknen und schont die<img decoding=\"async\" class=\"size-medium wp-image-1113 alignright\" style=\"font-style: inherit; font-weight: inherit;\" src=\"https:\/\/www.fangofast.com\/wp-content\/uploads\/2024\/07\/dr-feature-2-300x203.png\" alt=\"\" width=\"300\" height=\"203\" srcset=\"https:\/\/www.fangofast.com\/wp-content\/uploads\/2024\/07\/dr-feature-2-300x203.png 300w, https:\/\/www.fangofast.com\/wp-content\/uploads\/2024\/07\/dr-feature-2-18x12.png 18w, https:\/\/www.fangofast.com\/wp-content\/uploads\/2024\/07\/dr-feature-2.png 510w\" sizes=\"(max-width: 300px) 100vw, 300px\" \/><\/p>\n<p>nat\u00fcrlichen Eigenschaften Ihrer Kr\u00e4uter und die Gew\u00e4hrleistung einer erstklassigen Qualit\u00e4t in<\/p>\n<p>jede Charge.<\/p>\n<\/div>\n<\/div>\n<\/div>\n<\/div>\n<\/div>\n<\/div>\n<\/div>\n<div class=\"elementor-element elementor-element-485e496 external_elementor-repeater-item-none_external elementor-repeater-item-none elementor-repeater-item-none_hover elementor-widget elementor-widget-image\" data-id=\"485e496\" data-element_type=\"widget\" data-widget_type=\"image.default\"><\/div>\n<div data-id=\"485e496\" data-element_type=\"widget\" data-widget_type=\"image.default\"><\/div>\n<div data-id=\"485e496\" data-element_type=\"widget\" data-widget_type=\"image.default\"><\/div>\n<div data-id=\"485e496\" data-element_type=\"widget\" data-widget_type=\"image.default\">\n<p>-<\/p>\n<hr \/>\n<\/div>\n<div data-id=\"485e496\" data-element_type=\"widget\" data-widget_type=\"image.default\"><\/div>","protected":false},"excerpt":{"rendered":"<p>Treten Sie ein in das Reich der fortschrittlichen Kr\u00e4utertrocknung mit den sorgf\u00e4ltig entwickelten Trocknungsgestellen von Fangofast. Unsere Gestelle sind auf die hohen Standards von Gro\u00dfh\u00e4ndlern und Gartenbaumarken zugeschnitten und gew\u00e4hrleisten eine effiziente Luftzirkulation und optimale Trocknungsbedingungen. Mit ihren anpassbaren Optionen und ihrer robusten Konstruktion sind sie f\u00fcr eine Vielzahl von Kr\u00e4uterarten und -mengen geeignet. Ideal f\u00fcr die Erhaltung der Qualit\u00e4t und die Maximierung des Platzes, sind Fangofast Kr\u00e4utertrocknungsst\u00e4nder die perfekte Verbindung von Praktikabilit\u00e4t und erstklassiger Handwerkskunst und setzen einen neuen Standard in der Kr\u00e4utertrocknungsindustrie.<\/p>","protected":false},"featured_media":1121,"template":"","meta":{"site-sidebar-layout":"default","site-content-layout":"default","ast-global-header-display":"","ast-main-header-display":"","ast-hfb-above-header-display":"","ast-hfb-below-header-display":"","ast-hfb-mobile-header-display":"","site-post-title":"","ast-breadcrumbs-content":"","ast-featured-img":"","footer-sml-layout":"","theme-transparent-header-meta":"default","adv-header-id-meta":"","stick-header-meta":"","header-above-stick-meta":"","header-main-stick-meta":"","header-below-stick-meta":""},"product_cat":[60],"product_tag":[],"class_list":["post-1120","product","type-product","status-publish","has-post-thumbnail","hentry","product_cat-drying-rack","desktop-align-left","tablet-align-left","mobile-align-left","ast-product-gallery-layout-vertical-slider","ast-product-gallery-with-no-image","ast-product-tabs-layout-horizontal"],"_links":{"self":[{"href":"https:\/\/www.fangofast.com\/de\/wp-json\/wp\/v2\/product\/1120","targetHints":{"allow":["GET"]}}],"collection":[{"href":"https:\/\/www.fangofast.com\/de\/wp-json\/wp\/v2\/product"}],"about":[{"href":"https:\/\/www.fangofast.com\/de\/wp-json\/wp\/v2\/types\/product"}],"wp:featuredmedia":[{"embeddable":true,"href":"https:\/\/www.fangofast.com\/de\/wp-json\/wp\/v2\/media\/1121"}],"wp:attachment":[{"href":"https:\/\/www.fangofast.com\/de\/wp-json\/wp\/v2\/media?parent=1120"}],"wp:term":[{"taxonomy":"product_cat","embeddable":true,"href":"https:\/\/www.fangofast.com\/de\/wp-json\/wp\/v2\/product_cat?post=1120"},{"taxonomy":"product_tag","embeddable":true,"href":"https:\/\/www.fangofast.com\/de\/wp-json\/wp\/v2\/product_tag?post=1120"}],"curies":[{"name":"wp","href":"https:\/\/api.w.org\/{rel}","templated":true}]}}