{"id":1092,"date":"2024-07-15T14:54:10","date_gmt":"2024-07-15T06:54:10","guid":{"rendered":"https:\/\/www.fangofast.com\/?post_type=product&#038;p=1092"},"modified":"2024-07-17T10:59:09","modified_gmt":"2024-07-17T02:59:09","slug":"grow-tent","status":"publish","type":"product","link":"https:\/\/www.fangofast.com\/de\/product\/grow-tent\/","title":{"rendered":"Modell-GGSD"},"content":{"rendered":"<p style=\"font-size: 16px; font-style: normal; font-weight: 400;\"><img decoding=\"async\" class=\"size-medium wp-image-1168 alignleft\" src=\"https:\/\/www.fangofast.com\/wp-content\/uploads\/2024\/07\/Untitled-design-300x300.png\" alt=\"\" width=\"300\" height=\"300\" srcset=\"https:\/\/www.fangofast.com\/wp-content\/uploads\/2024\/07\/Untitled-design-300x300.png 300w, https:\/\/www.fangofast.com\/wp-content\/uploads\/2024\/07\/Untitled-design-150x150.png 150w, https:\/\/www.fangofast.com\/wp-content\/uploads\/2024\/07\/Untitled-design-12x12.png 12w, https:\/\/www.fangofast.com\/wp-content\/uploads\/2024\/07\/Untitled-design-100x100.png 100w, https:\/\/www.fangofast.com\/wp-content\/uploads\/2024\/07\/Untitled-design.png 600w\" sizes=\"(max-width: 300px) 100vw, 300px\" \/><\/p>\n<p>&nbsp;<\/p>\n<p style=\"text-align: left;\"><strong>Strukturanpassung<\/strong>: Anpassungsf\u00e4hige Designs f\u00fcr einzigartige hydroponische Strukturen<br \/>\n<strong>Gr\u00f6\u00dfenanpassung:<\/strong>\u00a0Ma\u00dfgeschneiderte Abmessungen f\u00fcr jeden Platzbedarf<br \/>\n<strong>Optionen f\u00fcr das Stoffmaterial:<\/strong>\u00a0W\u00e4hlen Sie zwischen 210D, 600D, 1680D und 2000D f\u00fcr Haltbarkeit und Leistung<br \/>\n<strong>Auswahl an Stofftexturen:<\/strong>\u00a0Zu den Optionen geh\u00f6ren Litschi, Diamant-Texturen und wei\u00dfe, gl\u00e4nzende PU-Oberfl\u00e4chen<br \/>\n<strong>Anpassung der Farbe der Zeltverkleidung:<\/strong>\u00a0Standard- und kundenspezifische Farben f\u00fcr eine pers\u00f6nliche Note<br \/>\n<strong>Anpassbare L\u00fcftungs\u00f6ffnungen:<\/strong>\u00a0Einfache oder doppelte \u00c4rmel f\u00fcr optimalen Luftstrom<br \/>\n<strong>Frame Pole Farboptionen:<\/strong>\u00a0Wei\u00df, gr\u00fcn, schwarz oder benutzerdefinierte Farben zur \u00e4sthetischen Anpassung<br \/>\n<strong>Rahmen Stangendurchmesser Anpassung:<\/strong>\u00a0W\u00e4hlen Sie zwischen \u03a616mm, \u03a619mm und \u03a625mm f\u00fcr strukturelle Integrit\u00e4t<br \/>\n<strong>Branding-Optionen:<\/strong>\u00a0Integrieren Sie Ihre Marke mit individuellen Logos und Farben<\/p>","protected":false},"excerpt":{"rendered":"<p>40*40*120cm(16*16*40in)<\/p>\n<p>60*60*140cm(24*24*56in)<\/p>\n<p>80*80*180cm(31*31*72in)<\/p>\n<p>90*90*200cm(36*36*80in)<\/p>\n<p>100*100*200cm(40*40*80in)<\/p>\n<p>120*120*200cm(48*48*80in)<\/p>\n<p>120*60*150cm(40*24*60in)<\/p>\n<p>150*150*200cm(60*60*80in)<\/p>","protected":false},"featured_media":1094,"template":"","meta":{"site-sidebar-layout":"default","site-content-layout":"default","ast-global-header-display":"","ast-main-header-display":"","ast-hfb-above-header-display":"","ast-hfb-below-header-display":"","ast-hfb-mobile-header-display":"","site-post-title":"","ast-breadcrumbs-content":"","ast-featured-img":"","footer-sml-layout":"","theme-transparent-header-meta":"default","adv-header-id-meta":"","stick-header-meta":"","header-above-stick-meta":"","header-main-stick-meta":"","header-below-stick-meta":""},"product_cat":[58],"product_tag":[],"class_list":["post-1092","product","type-product","status-publish","has-post-thumbnail","hentry","product_cat-grow-tent","desktop-align-left","tablet-align-left","mobile-align-left","ast-product-gallery-layout-vertical-slider","ast-product-gallery-with-no-image","ast-product-tabs-layout-horizontal"],"_links":{"self":[{"href":"https:\/\/www.fangofast.com\/de\/wp-json\/wp\/v2\/product\/1092","targetHints":{"allow":["GET"]}}],"collection":[{"href":"https:\/\/www.fangofast.com\/de\/wp-json\/wp\/v2\/product"}],"about":[{"href":"https:\/\/www.fangofast.com\/de\/wp-json\/wp\/v2\/types\/product"}],"wp:featuredmedia":[{"embeddable":true,"href":"https:\/\/www.fangofast.com\/de\/wp-json\/wp\/v2\/media\/1094"}],"wp:attachment":[{"href":"https:\/\/www.fangofast.com\/de\/wp-json\/wp\/v2\/media?parent=1092"}],"wp:term":[{"taxonomy":"product_cat","embeddable":true,"href":"https:\/\/www.fangofast.com\/de\/wp-json\/wp\/v2\/product_cat?post=1092"},{"taxonomy":"product_tag","embeddable":true,"href":"https:\/\/www.fangofast.com\/de\/wp-json\/wp\/v2\/product_tag?post=1092"}],"curies":[{"name":"wp","href":"https:\/\/api.w.org\/{rel}","templated":true}]}}